{"id":20524,"date":"2026-02-05T16:09:44","date_gmt":"2026-02-05T15:09:44","guid":{"rendered":"https:\/\/www.sappm.ch\/?page_id=20524"},"modified":"2026-02-17T10:38:18","modified_gmt":"2026-02-17T09:38:18","slug":"books","status":"publish","type":"page","link":"https:\/\/www.sappm.ch\/en\/books\/","title":{"rendered":"Books"},"content":{"rendered":"\n<div  class=\"block block-lead bg-element pb-mittel\">\n    <div class=\"main-container\">\n        <div class=\"content-container lead-font-size\">\n            On this page you will find information on new scientific publications, new editions and standard works of psychosomatic medicine.\r\n        <\/div>\n    <\/div>\n<\/div>\n<div  class=\"block block-text-bild pb-mittel\">\n    <div class=\"main-container\">\n\n        <div class=\"columns-2\">\n                            <div class=\"column bild\">\n                    <img loading=\"lazy\" decoding=\"async\" width=\"600\" height=\"600\" src=\"https:\/\/www.sappm.ch\/wp-content\/uploads\/2026\/02\/international-600x600.png\" class=\"attachment-medium size-medium\" alt=\"\" srcset=\"https:\/\/www.sappm.ch\/wp-content\/uploads\/2026\/02\/international-600x600.png 600w, https:\/\/www.sappm.ch\/wp-content\/uploads\/2026\/02\/international-150x150.png 150w, https:\/\/www.sappm.ch\/wp-content\/uploads\/2026\/02\/international.png 719w\" sizes=\"auto, (max-width: 600px) 100vw, 600px\" \/>                <\/div>\n                            \n            <div class=\"column\">\n                \n                <p><strong>Psychosomatic Medicine &#8211;  <\/strong><\/p>\n<p><strong>An International Guide for the Primary Care Setting  <\/strong><\/p>\n<p>Kurt Fritzsche, Susan H. McDaniel, Michael Wirsching (eds.) 3rd edition, Springer 2026<\/p>\n<p>English, 593 pages, also available as eBook<\/p>\n<p>The new edition of this standard work is characterized by an expansion of the country contributions: Around 20 country reports from 4 continents broaden the view of our subject to a global perspective. The reports from current crisis areas such as Lebanon, Syria, Palestine, Israel and Ukraine are particularly illustrative and impressive. The country reports from Asia are fascinating due to their different cultural-ethnological coloring of the &#8220;psychosomatic&#8221; topic. The Western country reports are characterized by Cartesian terminology and a comparatively high institutional anchoring of the medical field.   <\/p>\n\n                                    <div class=\"button-group\">\n                                           <a class=\"btn btn-full btn-ext\" href=\"https:\/\/link.springer.com\/book\/10.1007\/978-3-032-11824-0%20\" target=\"_blank\" rel=\"nofollow noopener\">Link to the book<\/a>\n                                        <\/div>\n                            <\/div>\n        <\/div>\n\n    <\/div>\n<\/div>\n<div  class=\"block block-text-bild pb-mittel\">\n    <div class=\"main-container\">\n\n        <div class=\"columns-2\">\n                            <div class=\"column bild\">\n                    <img loading=\"lazy\" decoding=\"async\" width=\"595\" height=\"600\" src=\"https:\/\/www.sappm.ch\/wp-content\/uploads\/2024\/07\/uex-595x600.png\" class=\"attachment-medium size-medium\" alt=\"\" srcset=\"https:\/\/www.sappm.ch\/wp-content\/uploads\/2024\/07\/uex-595x600.png 595w, https:\/\/www.sappm.ch\/wp-content\/uploads\/2024\/07\/uex-150x150.png 150w, https:\/\/www.sappm.ch\/wp-content\/uploads\/2024\/07\/uex.png 714w\" sizes=\"auto, (max-width: 595px) 100vw, 595px\" \/>                <\/div>\n                            \n            <div class=\"column\">\n                \n                <p><strong>Uexk\u00fcll &#8211; Psychosomatic medicine<\/strong><\/p>\n<p>Johannes Kruse et al (eds.), 9th edition, Elsevier 2025 <\/p>\n<p>Over 100 chapters, all brought up to date, 39 of which have been completely rewritten.<\/p>\n<p>In the 9th edition, Uexk\u00fcll once again presents all aspects of psychosomatic medicine in a comprehensive and well-founded manner. In line with Thure von Uexk\u00fcll&#8217;s ideas, the work aims to promote the integration of psychosomatic thinking in all medical specialties and is therefore deliberately not limited to the field of psychosomatics and psychotherapy. The therapeutic attitude is decisive: the focus is on the patient and his or her individual reality, which must be taken into account in order to achieve an optimal therapeutic result. No therapeutic approach is regarded as the only valid one; different explanations and approaches are taken into account.   <\/p>\n\n                                    <div class=\"button-group\">\n                                           <a class=\"btn btn-full btn-ext\" href=\"https:\/\/nalda.ch\/products\/9783437218354?tm=tt&#038;ap=gads&#038;aaid=adauAB6CZNUAT&#038;gad_source=1&#038;gclid=CjwKCAiAn9a9BhBtEiwAbKg6fh-6hxXd-fKLgG7pwNTwfAan7IHd0crRxasbjhSOTlgQAZ2R4soCixoC_9wQAvD_BwE\" target=\"_blank\" rel=\"nofollow noopener\">Link to the book<\/a>\n                                        <\/div>\n                            <\/div>\n        <\/div>\n\n    <\/div>\n<\/div>\n<div  class=\"block block-text-bild pb-mittel\">\n    <div class=\"main-container\">\n\n        <div class=\"columns-2\">\n                            <div class=\"column bild\">\n                    <img loading=\"lazy\" decoding=\"async\" width=\"536\" height=\"541\" src=\"https:\/\/www.sappm.ch\/wp-content\/uploads\/2024\/07\/Migration-1.png\" class=\"attachment-medium size-medium\" alt=\"\" srcset=\"https:\/\/www.sappm.ch\/wp-content\/uploads\/2024\/07\/Migration-1.png 536w, https:\/\/www.sappm.ch\/wp-content\/uploads\/2024\/07\/Migration-1-150x150.png 150w\" sizes=\"auto, (max-width: 536px) 100vw, 536px\" \/>                <\/div>\n                            \n            <div class=\"column\">\n                \n                <p><b>Migration and refugee medicine  <\/b><\/p>\n<p>A. Exadaktylos, O. Keidar, D. Srivastava, D.H. Paris (eds.), Hogrefe 2025<\/p>\n<p>The reference book &#8220;Migration and Refugee Medicine&#8221; is a reference work in condensed form and reliably helps to build up and safely apply medical knowledge for the 20 most important countries of origin.<\/p>\n<p>The following interprofessional topics are covered in the practical guide:<\/p>\n<ul>\n<li>Transcultural competence in everyday clinical practice<\/li>\n<li>Physical and mental health aspects in the context of migration<\/li>\n<li>Frequently occurring diseases by country of origin and transit country<\/li>\n<li>Migration and health over our lifespan (special features for pregnancy, children and older people)<\/li>\n<li>Mental health of medical staff<\/li>\n<li>Legal framework<\/li>\n<\/ul>\n\n                                    <div class=\"button-group\">\n                                           <a class=\"btn btn-full btn-ext\" href=\"https:\/\/www.hogrefe.com\/ch\/shop\/migrations-und-fluechtlingsmedizin-95887.html\" target=\"_blank\" rel=\"nofollow noopener\">Link to the book<\/a>\n                                        <\/div>\n                            <\/div>\n        <\/div>\n\n    <\/div>\n<\/div>\n<div  class=\"block block-text-bild pb-mittel\">\n    <div class=\"main-container\">\n\n        <div class=\"columns-2\">\n                            <div class=\"column bild\">\n                    <img loading=\"lazy\" decoding=\"async\" width=\"519\" height=\"521\" src=\"https:\/\/www.sappm.ch\/wp-content\/uploads\/2024\/07\/Books4.png\" class=\"attachment-medium size-medium\" alt=\"\" srcset=\"https:\/\/www.sappm.ch\/wp-content\/uploads\/2024\/07\/Books4.png 519w, https:\/\/www.sappm.ch\/wp-content\/uploads\/2024\/07\/Books4-150x150.png 150w\" sizes=\"auto, (max-width: 519px) 100vw, 519px\" \/>                <\/div>\n                            \n            <div class=\"column\">\n                \n                <p><strong>Psychosomatics &#8211; neurobiologically sound and evidence-based<\/strong><\/p>\n<p>Ulrich T. Egle, Christine Heim, Bernhard Strauss, Roland von K\u00e4nel (eds.) 2nd edition, Kohlhammer 2024.<br \/>\nThe specialist and textbook is now available in a second and revised edition.<br \/>\nWith specialist contributions from more than 170 authors.<\/p>\n<p>In 100 chapters, this textbook and handbook provides an up-to-date review of the scientifically proven biopsychosocial foundations of psychosomatics, and then builds on this to present the diagnosis and treatment of the most important psychosomatic illnesses. This is supplemented by contributions on the history of psychosomatics, epidemiology, health economics, psychosocial prevention, social medicine and assessment. <\/p>\n\n                                    <div class=\"button-group\">\n                                           <a class=\"btn btn-full btn-ext\" href=\"http:\/\/www.kohlhammer.de\/go.php?isbn=978-3-17-041384-9\" target=\"_blank\" rel=\"nofollow noopener\">Link to the book<\/a>\n                                        <\/div>\n                            <\/div>\n        <\/div>\n\n    <\/div>\n<\/div>\n<div  class=\"block block-text-bild pb-mittel\">\n    <div class=\"main-container\">\n\n        <div class=\"columns-2\">\n                            <div class=\"column bild\">\n                    <img loading=\"lazy\" decoding=\"async\" width=\"496\" height=\"498\" src=\"https:\/\/www.sappm.ch\/wp-content\/uploads\/2024\/07\/Books3.png\" class=\"attachment-medium size-medium\" alt=\"\" srcset=\"https:\/\/www.sappm.ch\/wp-content\/uploads\/2024\/07\/Books3.png 496w, https:\/\/www.sappm.ch\/wp-content\/uploads\/2024\/07\/Books3-150x150.png 150w\" sizes=\"auto, (max-width: 496px) 100vw, 496px\" \/>                <\/div>\n                            \n            <div class=\"column\">\n                \n                <p><strong>DOULEURS ET \u00c9MOTIONS<\/strong><\/p>\n<p>Anne-Fran\u00e7oise Allaz, Vigot, 2021<\/p>\n<p>Les douleurs chroniques, qui affectent 20% de la population, sont-elles une fatalit\u00e9 ?<\/p>\n<p>En int\u00e9grant les dimensions \u00e9motionnelles \u00e0 leur engagement dans des th\u00e9rapies combin\u00e9es, les personnes qui souffrent peuvent influencer positivement les syst\u00e8mes de contr\u00f4le de la douleur.<\/p>\n\n                                    <div class=\"button-group\">\n                                           <a class=\"btn btn-full btn-ext\" href=\"https:\/\/www.unitheque.com\/douleur-emotions\/vigot\/Livre\/355103\" target=\"_blank\" rel=\"nofollow noopener\">Link to the book<\/a>\n                                        <\/div>\n                            <\/div>\n        <\/div>\n\n    <\/div>\n<\/div>\n<div  class=\"block block-text-bild pb-mittel\">\n    <div class=\"main-container\">\n\n        <div class=\"columns-2\">\n                            <div class=\"column bild\">\n                    <img loading=\"lazy\" decoding=\"async\" width=\"582\" height=\"579\" src=\"https:\/\/www.sappm.ch\/wp-content\/uploads\/2024\/07\/Books5.png\" class=\"attachment-medium size-medium\" alt=\"\" srcset=\"https:\/\/www.sappm.ch\/wp-content\/uploads\/2024\/07\/Books5.png 582w, https:\/\/www.sappm.ch\/wp-content\/uploads\/2024\/07\/Books5-150x150.png 150w\" sizes=\"auto, (max-width: 582px) 100vw, 582px\" \/>                <\/div>\n                            \n            <div class=\"column\">\n                \n                <p><strong>General psychosomatic medicine<\/strong><\/p>\n<p>Peter Henningsen, Springer 2021<\/p>\n<p>This book for doctors interested in psychosomatic medicine brings together the diverse empirical and conceptual developments that have occurred since the second half of the 20th century and reflects on their clinical significance. In particular, the scientific-theoretical starting point of psychosomatic medicine in relation to the subjective is addressed. <\/p>\n\n                                    <div class=\"button-group\">\n                                           <a class=\"btn btn-full btn-ext\" href=\"https:\/\/link.springer.com\/book\/10.1007\/978-3-662-63324-3\" target=\"_blank\" rel=\"nofollow noopener\">Link to the book<\/a>\n                                        <\/div>\n                            <\/div>\n        <\/div>\n\n    <\/div>\n<\/div>","protected":false},"excerpt":{"rendered":"","protected":false},"author":3,"featured_media":0,"parent":0,"menu_order":0,"comment_status":"closed","ping_status":"closed","template":"","meta":{"_acf_changed":false,"footnotes":""},"class_list":["post-20524","page","type-page","status-publish","hentry"],"acf":[],"_links":{"self":[{"href":"https:\/\/www.sappm.ch\/en\/wp-json\/wp\/v2\/pages\/20524","targetHints":{"allow":["GET"]}}],"collection":[{"href":"https:\/\/www.sappm.ch\/en\/wp-json\/wp\/v2\/pages"}],"about":[{"href":"https:\/\/www.sappm.ch\/en\/wp-json\/wp\/v2\/types\/page"}],"author":[{"embeddable":true,"href":"https:\/\/www.sappm.ch\/en\/wp-json\/wp\/v2\/users\/3"}],"replies":[{"embeddable":true,"href":"https:\/\/www.sappm.ch\/en\/wp-json\/wp\/v2\/comments?post=20524"}],"version-history":[{"count":1,"href":"https:\/\/www.sappm.ch\/en\/wp-json\/wp\/v2\/pages\/20524\/revisions"}],"predecessor-version":[{"id":20527,"href":"https:\/\/www.sappm.ch\/en\/wp-json\/wp\/v2\/pages\/20524\/revisions\/20527"}],"wp:attachment":[{"href":"https:\/\/www.sappm.ch\/en\/wp-json\/wp\/v2\/media?parent=20524"}],"curies":[{"name":"wp","href":"https:\/\/api.w.org\/{rel}","templated":true}]}}