{"id":4572,"date":"2024-05-22T09:58:52","date_gmt":"2024-05-22T07:58:52","guid":{"rendered":"https:\/\/xawekybe.cyon.site\/?page_id=4572"},"modified":"2024-08-19T18:07:55","modified_gmt":"2024-08-19T16:07:55","slug":"arfmpp","status":"publish","type":"page","link":"https:\/\/www.sappm.ch\/en\/regional-specialist-and-working-groups-rfa\/arfmpp\/","title":{"rendered":"ARFMPP"},"content":{"rendered":"\n<div  class=\"block block-image main-container pb-mittel\">\n    <div class=\"image-container\">\n        <img loading=\"lazy\" decoding=\"async\" width=\"605\" height=\"70\" src=\"https:\/\/www.sappm.ch\/wp-content\/uploads\/2024\/05\/logoARFMPPimage.png\" class=\"attachment-large size-large\" alt=\"\" srcset=\"https:\/\/www.sappm.ch\/wp-content\/uploads\/2024\/05\/logoARFMPPimage.png 605w, https:\/\/www.sappm.ch\/wp-content\/uploads\/2024\/05\/logoARFMPPimage-600x70.png 600w\" sizes=\"auto, (max-width: 605px) 100vw, 605px\" \/>    <\/div>\n    \n    \n    <\/div>\n\n\n<div  class=\"block block-content pb-mittel\">\n    <div class=\"main-container\">\n        <div class=\"content-container\">\n\n            \n            <p><a class=\"btn btn-full btn-arrow\" href=\"https:\/\/psysomrom.ch\/coming-soon\/\" rel=\"nofollow noopener\" target=\"_blank\">Website ARFMPP<\/a><\/p>\n\n            \n        <\/div>\n    <\/div>\n<\/div>\n\n\n<div  class=\"block block-downloads pb-mittel\">\n    <div class=\"main-container\">\n        <div class=\"content-container\">\n            \n            <h2 class=\"d5\">Downloads<\/h2>\n            \n            <div class=\"downloads\">\n                                                                                       <a class=\"download\" href=\"https:\/\/www.sappm.ch\/wp-content\/uploads\/2024\/07\/Statuts-ARFMPP-2019.pdf\" target=\"_blank\">\n                                Statutes ARFMPP                            <\/a>\n                                                                                                                    <\/div>\n\n        <\/div>\n    <\/div>\n<\/div>\n\n\n<div  class=\"block block-personen pb-mittel\">\n            <div class=\"main-container\">\n            <div class=\"content-container\">\n                    <h2 class=\"d5\">Pr\u00e9sidente<\/h2>\n\n                \n\n<div class=\"person-teaser\">\n    <div class=\"bild\">\n        <img loading=\"lazy\" decoding=\"async\" width=\"180\" height=\"240\" src=\"https:\/\/www.sappm.ch\/wp-content\/uploads\/2024\/05\/photo-portrait-Ariane-180x240.jpg\" class=\"attachment-person size-person wp-post-image\" alt=\"\" \/>    <\/div>\n\n    <div class=\"person-inhalt\">\n        <span class=\"akad-titel\">Dr. med.<\/span>\n        <h3 class=\"d6 color-blue mb-10\">Ariane Gonthier<\/h3>\n\n                <div class=\"mb-20\">\n            <p>FMH M\u00e9decine Interne G\u00e9n\u00e9rale<br \/>\nsp\u00e9c. en M\u00e9decine Psychosomatique et Psychosociale ASMPP<\/p>\n        <\/div>\n                        <div class=\"mb-20\">\n            <p>Pr\u00e9sidente ARFMPP et IMMPRo<\/p>\n        <\/div>\n        \n                <div class=\"mb-20\">\n                                        <p>1003 Lausanne<\/p>\n                    <\/div>\n        \n            <\/div>\n<\/div>\n\n                <\/div>\n        <\/div>\n     <\/div>\n","protected":false},"excerpt":{"rendered":"","protected":false},"author":3,"featured_media":0,"parent":4530,"menu_order":0,"comment_status":"closed","ping_status":"closed","template":"","meta":{"_acf_changed":false,"footnotes":""},"class_list":["post-4572","page","type-page","status-publish","hentry"],"acf":[],"_links":{"self":[{"href":"https:\/\/www.sappm.ch\/en\/wp-json\/wp\/v2\/pages\/4572","targetHints":{"allow":["GET"]}}],"collection":[{"href":"https:\/\/www.sappm.ch\/en\/wp-json\/wp\/v2\/pages"}],"about":[{"href":"https:\/\/www.sappm.ch\/en\/wp-json\/wp\/v2\/types\/page"}],"author":[{"embeddable":true,"href":"https:\/\/www.sappm.ch\/en\/wp-json\/wp\/v2\/users\/3"}],"replies":[{"embeddable":true,"href":"https:\/\/www.sappm.ch\/en\/wp-json\/wp\/v2\/comments?post=4572"}],"version-history":[{"count":0,"href":"https:\/\/www.sappm.ch\/en\/wp-json\/wp\/v2\/pages\/4572\/revisions"}],"up":[{"embeddable":true,"href":"https:\/\/www.sappm.ch\/en\/wp-json\/wp\/v2\/pages\/4530"}],"wp:attachment":[{"href":"https:\/\/www.sappm.ch\/en\/wp-json\/wp\/v2\/media?parent=4572"}],"curies":[{"name":"wp","href":"https:\/\/api.w.org\/{rel}","templated":true}]}}