{"id":4812,"date":"2024-08-09T16:17:08","date_gmt":"2024-08-09T14:17:08","guid":{"rendered":"https:\/\/xawekybe.cyon.site\/?page_id=4812"},"modified":"2025-02-19T11:55:55","modified_gmt":"2025-02-19T10:55:55","slug":"apply-for-training-credits","status":"publish","type":"page","link":"https:\/\/www.sappm.ch\/en\/apply-for-training-credits\/","title":{"rendered":"Apply for training credits"},"content":{"rendered":"\n<div  class=\"block block-content pb-mittel\">\n    <div class=\"main-container\">\n        <div class=\"content-container\">\n\n            \n            <link rel='stylesheet' id='formidable-css' href='https:\/\/www.sappm.ch\/wp-content\/plugins\/formidable\/css\/formidableforms.css?ver=4141248' type='text\/css' media='all' \/>\n<div class=\"frm_forms  with_frm_style frm_style_formidable-style\" id=\"frm_form_5_container\" data-token=\"9771fc1d586385f227038d9dbbb04668\">\n<form enctype=\"multipart\/form-data\" method=\"post\" class=\"frm-show-form  frm_pro_form \" id=\"form_t1xli\" data-token=\"9771fc1d586385f227038d9dbbb04668\">\n<div class=\"frm_form_fields \">\n<fieldset>\n<legend class=\"frm_screen_reader\">Antrag Fortbildungs-Credits<\/legend>\r\n\r\n<div class=\"frm_fields_container\">\n<input type=\"hidden\" name=\"frm_action\" value=\"create\" \/>\n<input type=\"hidden\" name=\"form_id\" value=\"5\" \/>\n<input type=\"hidden\" name=\"frm_hide_fields_5\" id=\"frm_hide_fields_5\" value=\"\" \/>\n<input type=\"hidden\" name=\"form_key\" value=\"t1xli\" \/>\n<input type=\"hidden\" name=\"item_meta[0]\" value=\"\" \/>\n<input type=\"hidden\" id=\"frm_submit_entry_5\" name=\"frm_submit_entry_5\" value=\"e0e1a63531\" \/><input type=\"hidden\" name=\"_wp_http_referer\" value=\"\/en\/wp-json\/wp\/v2\/pages\/4812\" \/><div id=\"frm_field_105_container\" class=\"frm_form_field form-field  frm_required_field frm_top_container frm12 frm_first vertical_radio\">\r\n\t<div  id=\"field_zhfe5_label\" class=\"frm_primary_label\">Die Veranstaltung ist vorangek\u00fcndigt und dauert mind. 45 Minuten (= reine Fortbildungszeit exkl. Pausen)\r\n\t\t<span class=\"frm_required\" aria-hidden=\"true\">*<\/span>\r\n\t<\/div>\r\n\t<div class=\"frm_opt_container\" aria-labelledby=\"field_zhfe5_label\" role=\"group\">\t\t<div class=\"frm_checkbox\" id=\"frm_checkbox_105-0\">\t\t\t<label  for=\"field_zhfe5-0\">\n\t\t\t<input type=\"checkbox\" name=\"item_meta[105][]\" id=\"field_zhfe5-0\" value=\"Ja\"  data-frmlimit=\"2\"  data-reqmsg=\"Dieses Feld darf nicht leer sein.\" data-invmsg=\"Die Veranstaltung ist vorangek\u00fcndigt und dauert mind. 45 Minuten (= reine Fortbildungszeit exkl. Pausen) is invalid\"   aria-required=\"true\"  \/> Ja<\/label><\/div>\n\t\t<div class=\"frm_checkbox\" id=\"frm_checkbox_105-1\">\t\t\t<label  for=\"field_zhfe5-1\">\n\t\t\t<input type=\"checkbox\" name=\"item_meta[105][]\" id=\"field_zhfe5-1\" value=\"Nein\"  data-frmlimit=\"2\"  data-reqmsg=\"Dieses Feld darf nicht leer sein.\" data-invmsg=\"Die Veranstaltung ist vorangek\u00fcndigt und dauert mind. 45 Minuten (= reine Fortbildungszeit exkl. Pausen) is invalid\"   \/> Nein<\/label><\/div>\n<\/div>\r\n\t\r\n\t\r\n<\/div>\n<div id=\"frm_field_110_container\" class=\"frm_form_field form-field  frm_required_field frm_top_container vertical_radio\">\r\n\t<div  id=\"field_9a0o3_label\" class=\"frm_primary_label\">Die Lernziele sind klar definiert, den Refererierenden und dem Zielpublikum vorher bekannt. Sie sind praxisbezogen und sollten eine bessere psychosomatische und psychosoziale Betreuung der Patient:innen zum Ziel haben.\r\n\t\t<span class=\"frm_required\" aria-hidden=\"true\">*<\/span>\r\n\t<\/div>\r\n\t<div class=\"frm_opt_container\" aria-labelledby=\"field_9a0o3_label\" role=\"group\">\t\t<div class=\"frm_checkbox\" id=\"frm_checkbox_110-0\">\t\t\t<label  for=\"field_9a0o3-0\">\n\t\t\t<input type=\"checkbox\" name=\"item_meta[110][]\" id=\"field_9a0o3-0\" value=\"Ja\"  data-reqmsg=\"Dieses Feld darf nicht leer sein.\" data-invmsg=\"Die Lernziele sind klar definiert, den Refererierenden und dem Zielpublikum vorher bekannt. Sie sind praxisbezogen und sollten eine bessere psychosomatische und psychosoziale Betreuung der Patient:innen zum Ziel haben. is invalid\"   aria-required=\"true\"  \/> Ja<\/label><\/div>\n\t\t<div class=\"frm_checkbox\" id=\"frm_checkbox_110-1\">\t\t\t<label  for=\"field_9a0o3-1\">\n\t\t\t<input type=\"checkbox\" name=\"item_meta[110][]\" id=\"field_9a0o3-1\" value=\"Nein\"  data-reqmsg=\"Dieses Feld darf nicht leer sein.\" data-invmsg=\"Die Lernziele sind klar definiert, den Refererierenden und dem Zielpublikum vorher bekannt. Sie sind praxisbezogen und sollten eine bessere psychosomatische und psychosoziale Betreuung der Patient:innen zum Ziel haben. is invalid\"   \/> Nein<\/label><\/div>\n<\/div>\r\n\t\r\n\t\r\n<\/div>\n<div id=\"frm_field_111_container\" class=\"frm_form_field form-field  frm_top_container vertical_radio\">\r\n\t<div  id=\"field_cybzv_label\" class=\"frm_primary_label\">Das wissenschaftliche Programm richtet sich in erster Linie an:\r\n\t\t<span class=\"frm_required\" aria-hidden=\"true\"><\/span>\r\n\t<\/div>\r\n\t<div class=\"frm_opt_container\" aria-labelledby=\"field_cybzv_label\" role=\"group\">\t\t<div class=\"frm_checkbox\" id=\"frm_checkbox_111-0\">\t\t\t<label  for=\"field_cybzv-0\">\n\t\t\t<input type=\"checkbox\" name=\"item_meta[111][]\" id=\"field_cybzv-0\" value=\"Fach\u00e4rzt:innen und \u00c4rzt:innen\"  data-invmsg=\"Das wissenschaftliche Programm richtet sich in erster Linie an: is invalid\"   \/> Fach\u00e4rzt:innen und \u00c4rzt:innen<\/label><\/div>\n\t\t<div class=\"frm_checkbox\" id=\"frm_checkbox_111-1\">\t\t\t<label  for=\"field_cybzv-1\">\n\t\t\t<input type=\"checkbox\" name=\"item_meta[111][]\" id=\"field_cybzv-1\" value=\"Diplomiertes Fachpersonal des Gesundheitswesens\"  data-invmsg=\"Das wissenschaftliche Programm richtet sich in erster Linie an: is invalid\"   \/> Diplomiertes Fachpersonal des Gesundheitswesens<\/label><\/div>\n<\/div>\r\n\t\r\n\t\r\n<\/div>\n<div id=\"frm_field_112_container\" class=\"frm_form_field form-field  frm_top_container vertical_radio\">\r\n\t<div  id=\"field_kdk4e_label\" class=\"frm_primary_label\">Die Teilnehmenden zahlen eine angemessene Geb\u00fchr\r\n\t\t<span class=\"frm_required\" aria-hidden=\"true\"><\/span>\r\n\t<\/div>\r\n\t<div class=\"frm_opt_container\" aria-labelledby=\"field_kdk4e_label\" role=\"group\">\t\t<div class=\"frm_checkbox\" id=\"frm_checkbox_112-0\">\t\t\t<label  for=\"field_kdk4e-0\">\n\t\t\t<input type=\"checkbox\" name=\"item_meta[112][]\" id=\"field_kdk4e-0\" value=\"Ja\"  data-invmsg=\"Die Teilnehmenden zahlen eine angemessene Geb\u00fchr is invalid\"   \/> Ja<\/label><\/div>\n\t\t<div class=\"frm_checkbox\" id=\"frm_checkbox_112-1\">\t\t\t<label  for=\"field_kdk4e-1\">\n\t\t\t<input type=\"checkbox\" name=\"item_meta[112][]\" id=\"field_kdk4e-1\" value=\"Nein\"  data-invmsg=\"Die Teilnehmenden zahlen eine angemessene Geb\u00fchr is invalid\"   \/> Nein<\/label><\/div>\n<\/div>\r\n\t\r\n\t\r\n<\/div>\n<div id=\"frm_field_113_container\" class=\"frm_form_field form-field  frm_top_container vertical_radio\">\r\n\t<div  id=\"field_lmgpt_label\" class=\"frm_primary_label\">An den Kosten beteiligen sich, wenn \u00fcberhaupt, mehrere unabh\u00e4ngige Unternehmen (Multisponsoring)\r\n\t\t<span class=\"frm_required\" aria-hidden=\"true\"><\/span>\r\n\t<\/div>\r\n\t<div class=\"frm_opt_container\" aria-labelledby=\"field_lmgpt_label\" role=\"group\">\t\t<div class=\"frm_checkbox\" id=\"frm_checkbox_113-0\">\t\t\t<label  for=\"field_lmgpt-0\">\n\t\t\t<input type=\"checkbox\" name=\"item_meta[113][]\" id=\"field_lmgpt-0\" value=\"Ja\"  data-invmsg=\"An den Kosten beteiligen sich, wenn \u00fcberhaupt, mehrere unabh\u00e4ngige Unternehmen (Multisponsoring) ist ung\u00fcltig\"   \/> Ja<\/label><\/div>\n\t\t<div class=\"frm_checkbox\" id=\"frm_checkbox_113-1\">\t\t\t<label  for=\"field_lmgpt-1\">\n\t\t\t<input type=\"checkbox\" name=\"item_meta[113][]\" id=\"field_lmgpt-1\" value=\"Nein\"  data-invmsg=\"An den Kosten beteiligen sich, wenn \u00fcberhaupt, mehrere unabh\u00e4ngige Unternehmen (Multisponsoring) ist ung\u00fcltig\"   \/> Nein<\/label><\/div>\n<\/div>\r\n\t\r\n\t\r\n<\/div>\n<div id=\"frm_field_114_container\" class=\"frm_form_field form-field  frm_top_container vertical_radio\">\r\n\t<div  id=\"field_3bi4u_label\" class=\"frm_primary_label\">Die Programmgestaltung und -verantwortung obliegt der \u00e4rztlichen Organisatorin\/dem \u00e4rztlichen Organisator. Mindestens 1 SAPPM-Titeltr\u00e4ger:in ist im Organisationskomitee und hat wesentlichen Anteil bei der Ausarbeitung des Programms.\r\n\t\t<span class=\"frm_required\" aria-hidden=\"true\"><\/span>\r\n\t<\/div>\r\n\t<div class=\"frm_opt_container\" aria-labelledby=\"field_3bi4u_label\" role=\"group\">\t\t<div class=\"frm_checkbox\" id=\"frm_checkbox_114-0\">\t\t\t<label  for=\"field_3bi4u-0\">\n\t\t\t<input type=\"checkbox\" name=\"item_meta[114][]\" id=\"field_3bi4u-0\" value=\"Ja\"  data-invmsg=\"Die Programmgestaltung und -verantwortung obliegt der \u00e4rztlichen Organisatorin\/dem \u00e4rztlichen Organisator. Mindestens 1 SAPPM-Titeltr\u00e4ger:in ist im Organisationskomitee und hat wesentlichen Anteil bei der Ausarbeitung des Programms. ist ung\u00fcltig\"   \/> Ja<\/label><\/div>\n\t\t<div class=\"frm_checkbox\" id=\"frm_checkbox_114-1\">\t\t\t<label  for=\"field_3bi4u-1\">\n\t\t\t<input type=\"checkbox\" name=\"item_meta[114][]\" id=\"field_3bi4u-1\" value=\"Nein\"  data-invmsg=\"Die Programmgestaltung und -verantwortung obliegt der \u00e4rztlichen Organisatorin\/dem \u00e4rztlichen Organisator. Mindestens 1 SAPPM-Titeltr\u00e4ger:in ist im Organisationskomitee und hat wesentlichen Anteil bei der Ausarbeitung des Programms. ist ung\u00fcltig\"   \/> Nein<\/label><\/div>\n<\/div>\r\n\t\r\n\t\r\n<\/div>\n<div id=\"frm_field_435_container\" class=\"frm_form_field form-field  frm_required_field frm_top_container\">\r\n\t<label for=\"field_5myv7\" id=\"field_5myv7_label\" class=\"frm_primary_label\">Angaben Titeltr\u00e4ger:in SAPPM\r\n\t\t<span class=\"frm_required\" aria-hidden=\"true\">*<\/span>\r\n\t<\/label>\r\n\t<input  type=\"text\" id=\"field_5myv7\" name=\"item_meta[435]\" value=\"\"  data-reqmsg=\"Dieses Feld darf nicht leer sein.\" aria-required=\"true\" data-invmsg=\"Angaben Titeltr\u00e4ger:in SAPPM ist ung\u00fcltig\" aria-invalid=\"false\"   \/>\r\n\t\r\n\t\r\n<\/div>\n<div id=\"frm_field_115_container\" class=\"frm_form_field form-field  frm_required_field frm_top_container\">\r\n\t<label for=\"field_6tlvo\" id=\"field_6tlvo_label\" class=\"frm_primary_label\">Erkl\u00e4rung zu allf\u00e4lligen Nein-Antworten\r\n\t\t<span class=\"frm_required\" aria-hidden=\"true\">*<\/span>\r\n\t<\/label>\r\n\t<textarea data-auto-grow=\"1\"  name=\"item_meta[115]\" id=\"field_6tlvo\" rows=\"5\"  data-reqmsg=\"Dieses Feld darf nicht leer sein.\" aria-required=\"true\" data-invmsg=\"Erkl\u00e4rung zu allf\u00e4lligen Nein-Antworten ist ung\u00fcltig\" aria-invalid=\"false\"  ><\/textarea>\r\n\t\r\n\t\r\n<\/div>\n<div id=\"frm_field_116_container\" class=\"frm_form_field form-field  frm_required_field frm_top_container\">\r\n\t<label for=\"field_68g8m\" id=\"field_68g8m_label\" class=\"frm_primary_label\">Titel der Veranstaltung\r\n\t\t<span class=\"frm_required\" aria-hidden=\"true\">*<\/span>\r\n\t<\/label>\r\n\t<input  type=\"text\" id=\"field_68g8m\" name=\"item_meta[116]\" value=\"\"  data-reqmsg=\"Dieses Feld darf nicht leer sein.\" aria-required=\"true\" data-invmsg=\"Titel der Veranstaltung ist ung\u00fcltig\" aria-invalid=\"false\"   \/>\r\n\t\r\n\t\r\n<\/div>\n<div id=\"frm_field_118_container\" class=\"frm_form_field form-field  frm_required_field frm_top_container\">\r\n\t<label for=\"field_m94pt\" id=\"field_m94pt_label\" class=\"frm_primary_label\">Datum\r\n\t\t<span class=\"frm_required\" aria-hidden=\"true\">*<\/span>\r\n\t<\/label>\r\n\t<input  type=\"text\" id=\"field_m94pt\" name=\"item_meta[118]\" value=\"\"  data-reqmsg=\"Dieses Feld darf nicht leer sein.\" aria-required=\"true\" data-invmsg=\"Datum ist ung\u00fcltig\" aria-invalid=\"false\"   \/>\r\n\t\r\n\t\r\n<\/div>\n<div id=\"frm_field_119_container\" class=\"frm_form_field form-field  frm_top_container\">\r\n\t<label for=\"field_4qaen\" id=\"field_4qaen_label\" class=\"frm_primary_label\">Ort der Durchf\u00fchrung\r\n\t\t<span class=\"frm_required\" aria-hidden=\"true\"><\/span>\r\n\t<\/label>\r\n\t<input  type=\"text\" id=\"field_4qaen\" name=\"item_meta[119]\" value=\"\"  data-invmsg=\"Ort der Durchf\u00fchrung ist ung\u00fcltig\" aria-invalid=\"false\"   \/>\r\n\t\r\n\t\r\n<\/div>\n<div id=\"frm_field_120_container\" class=\"frm_form_field form-field  frm_required_field frm_top_container vertical_radio\">\r\n\t<div  id=\"field_q0sa0_label\" class=\"frm_primary_label\">Durchf\u00fchrungsart\r\n\t\t<span class=\"frm_required\" aria-hidden=\"true\">*<\/span>\r\n\t<\/div>\r\n\t<div class=\"frm_opt_container\" aria-labelledby=\"field_q0sa0_label\" role=\"group\">\t\t<div class=\"frm_checkbox\" id=\"frm_checkbox_120-0\">\t\t\t<label  for=\"field_q0sa0-0\">\n\t\t\t<input type=\"checkbox\" name=\"item_meta[120][]\" id=\"field_q0sa0-0\" value=\"Pr\u00e4senzveranstaltung\"  data-reqmsg=\"Dieses Feld darf nicht leer sein.\" data-invmsg=\"Durchf\u00fchrungsart ist ung\u00fcltig\"   aria-required=\"true\"  \/> Pr\u00e4senzveranstaltung<\/label><\/div>\n\t\t<div class=\"frm_checkbox\" id=\"frm_checkbox_120-1\">\t\t\t<label  for=\"field_q0sa0-1\">\n\t\t\t<input type=\"checkbox\" name=\"item_meta[120][]\" id=\"field_q0sa0-1\" value=\"Hybrid\"  data-reqmsg=\"Dieses Feld darf nicht leer sein.\" data-invmsg=\"Durchf\u00fchrungsart ist ung\u00fcltig\"   \/> Hybrid<\/label><\/div>\n\t\t<div class=\"frm_checkbox\" id=\"frm_checkbox_120-2\">\t\t\t<label  for=\"field_q0sa0-2\">\n\t\t\t<input type=\"checkbox\" name=\"item_meta[120][]\" id=\"field_q0sa0-2\" value=\"Virtuell\"  data-reqmsg=\"Dieses Feld darf nicht leer sein.\" data-invmsg=\"Durchf\u00fchrungsart ist ung\u00fcltig\"   \/> Virtuell<\/label><\/div>\n<\/div>\r\n\t\r\n\t\r\n<\/div>\n<div id=\"frm_field_121_container\" class=\"frm_form_field form-field  frm_required_field frm_top_container vertical_radio\">\r\n\t<div  id=\"field_xes32_label\" class=\"frm_primary_label\">Wenn Hybrid oder virtuell \r\n\t\t<span class=\"frm_required\" aria-hidden=\"true\">*<\/span>\r\n\t<\/div>\r\n\t<div class=\"frm_opt_container\" aria-labelledby=\"field_xes32_label\" role=\"group\">\t\t<div class=\"frm_checkbox\" id=\"frm_checkbox_121-0\">\t\t\t<label  for=\"field_xes32-0\">\n\t\t\t<input type=\"checkbox\" name=\"item_meta[121][]\" id=\"field_xes32-0\" value=\"Streaming ohne Interaktion\"  data-reqmsg=\"Dieses Feld darf nicht leer sein.\" data-invmsg=\"Wenn Hybrid oder virtuell  ist ung\u00fcltig\"   aria-required=\"true\"  \/> Streaming ohne Interaktion<\/label><\/div>\n\t\t<div class=\"frm_checkbox\" id=\"frm_checkbox_121-1\">\t\t\t<label  for=\"field_xes32-1\">\n\t\t\t<input type=\"checkbox\" name=\"item_meta[121][]\" id=\"field_xes32-1\" value=\"Durchgehend interaktiv\"  data-reqmsg=\"Dieses Feld darf nicht leer sein.\" data-invmsg=\"Wenn Hybrid oder virtuell  ist ung\u00fcltig\"   \/> Durchgehend interaktiv<\/label><\/div>\n\t\t<div class=\"frm_checkbox\" id=\"frm_checkbox_121-2\">\t\t\t<label  for=\"field_xes32-2\">\n\t\t\t<input type=\"checkbox\" name=\"item_meta[121][]\" id=\"field_xes32-2\" value=\"Teilweise interaktiv\"  data-reqmsg=\"Dieses Feld darf nicht leer sein.\" data-invmsg=\"Wenn Hybrid oder virtuell  ist ung\u00fcltig\"   \/> Teilweise interaktiv<\/label><\/div>\n<\/div>\r\n\t\r\n\t\r\n<\/div>\n<div id=\"frm_field_122_container\" class=\"frm_form_field form-field  frm_required_field frm_top_container\">\r\n\t<label for=\"field_q5rrn\" id=\"field_q5rrn_label\" class=\"frm_primary_label\">Beantragte Anzahl Credits\r\n\t\t<span class=\"frm_required\" aria-hidden=\"true\">*<\/span>\r\n\t<\/label>\r\n\t<input  type=\"text\" id=\"field_q5rrn\" name=\"item_meta[122]\" value=\"\"  data-reqmsg=\"Dieses Feld darf nicht leer sein.\" aria-required=\"true\" data-invmsg=\"Beantragte Anzahl Credits ist ung\u00fcltig\" aria-invalid=\"false\"   \/>\r\n\t\r\n\t\r\n<\/div>\n<div id=\"frm_field_123_container\" class=\"frm_form_field form-field  frm_required_field frm_top_container\">\r\n\t<label for=\"field_yn6yw\" id=\"field_yn6yw_label\" class=\"frm_primary_label\">Wissenschaftliche Verantwortung (Titel, Vorname \/ Name, Ort)\r\n\t\t<span class=\"frm_required\" aria-hidden=\"true\">*<\/span>\r\n\t<\/label>\r\n\t<textarea data-auto-grow=\"1\"  name=\"item_meta[123]\" id=\"field_yn6yw\" rows=\"5\"  data-reqmsg=\"Dieses Feld darf nicht leer sein.\" aria-required=\"true\" data-invmsg=\"Wissenschaftliche Verantwortung (Titel, Vorname \/ Name, Ort) ist ung\u00fcltig\" aria-invalid=\"false\"  ><\/textarea>\r\n\t\r\n\t\r\n<\/div>\n<div id=\"frm_field_124_container\" class=\"frm_form_field form-field  frm_top_container vertical_radio\">\r\n\t<div  id=\"field_hd3n0_label\" class=\"frm_primary_label\">Die Veranstaltung soll im Kongresskalender auf der SAPPM Website publiziert werden.\r\n\t\t<span class=\"frm_required\" aria-hidden=\"true\"><\/span>\r\n\t<\/div>\r\n\t<div class=\"frm_opt_container\" aria-labelledby=\"field_hd3n0_label\" role=\"group\">\t\t<div class=\"frm_checkbox\" id=\"frm_checkbox_124-0\">\t\t\t<label  for=\"field_hd3n0-0\">\n\t\t\t<input type=\"checkbox\" name=\"item_meta[124][]\" id=\"field_hd3n0-0\" value=\"Ja\"  data-invmsg=\"Die Veranstaltung soll im Kongresskalender auf der SAPPM Website publiziert werden. ist ung\u00fcltig\"   \/> Ja<\/label><\/div>\n\t\t<div class=\"frm_checkbox\" id=\"frm_checkbox_124-1\">\t\t\t<label  for=\"field_hd3n0-1\">\n\t\t\t<input type=\"checkbox\" name=\"item_meta[124][]\" id=\"field_hd3n0-1\" value=\"Nein\"  data-invmsg=\"Die Veranstaltung soll im Kongresskalender auf der SAPPM Website publiziert werden. ist ung\u00fcltig\"   \/> Nein<\/label><\/div>\n<\/div>\r\n\t\r\n\t\r\n<\/div>\n<div id=\"frm_field_125_container\" class=\"frm_form_field form-field  frm_required_field frm_top_container\">\r\n\t<label for=\"field_rdxyt\" id=\"field_rdxyt_label\" class=\"frm_primary_label\">Veranstaltungswebsite\r\n\t\t<span class=\"frm_required\" aria-hidden=\"true\">*<\/span>\r\n\t<\/label>\r\n\t<input  type=\"text\" id=\"field_rdxyt\" name=\"item_meta[125]\" value=\"\"  data-reqmsg=\"Dieses Feld darf nicht leer sein.\" aria-required=\"true\" data-invmsg=\"Veranstaltungswebsite ist ung\u00fcltig\" aria-invalid=\"false\"   \/>\r\n\t\r\n\t\r\n<\/div>\n<div id=\"frm_field_730_container\" class=\"frm_form_field form-field  frm_required_field frm_top_container\">\r\n\t<label for=\"field_hn8a8\" id=\"field_hn8a8_label\" class=\"frm_primary_label\">Name \/ Vorname Antragstellende:r\r\n\t\t<span class=\"frm_required\" aria-hidden=\"true\">*<\/span>\r\n\t<\/label>\r\n\t<input  type=\"text\" id=\"field_hn8a8\" name=\"item_meta[730]\" value=\"\"  data-reqmsg=\"Dieses Feld darf nicht leer sein.\" aria-required=\"true\" data-invmsg=\"Name \/ Vorname Antragstellende:r ist ung\u00fcltig\" aria-invalid=\"false\"   \/>\r\n\t\r\n\t\r\n<\/div>\n<div id=\"frm_field_792_container\" class=\"frm_form_field form-field  frm_required_field frm_top_container\">\r\n\t<label for=\"field_l700p\" id=\"field_l700p_label\" class=\"frm_primary_label\">Mail Antragstellende:r\r\n\t\t<span class=\"frm_required\" aria-hidden=\"true\">*<\/span>\r\n\t<\/label>\r\n\t<input  type=\"text\" id=\"field_l700p\" name=\"item_meta[792]\" value=\"\"  data-reqmsg=\"Dieses Feld darf nicht leer sein.\" aria-required=\"true\" data-invmsg=\"Mail Antragstellende:r ist ung\u00fcltig\" aria-invalid=\"false\"   \/>\r\n\t\r\n\t\r\n<\/div>\n<div id=\"frm_field_126_container\" class=\"frm_form_field form-field  frm_required_field frm_top_container\">\r\n\t<label for=\"field_ccquj\" id=\"field_ccquj_label\" class=\"frm_primary_label\">Bitte geben Sie hier die Kontakt- und Rechnungsadresse mit Mail-Adresse an:\r\n\t\t<span class=\"frm_required\" aria-hidden=\"true\">*<\/span>\r\n\t<\/label>\r\n\t<textarea data-auto-grow=\"1\"  name=\"item_meta[126]\" id=\"field_ccquj\" rows=\"5\"  data-reqmsg=\"Dieses Feld darf nicht leer sein.\" aria-required=\"true\" data-invmsg=\"Bitte geben Sie hier die Kontakt- und Rechnungsadresse mit Mail-Adresse an: ist ung\u00fcltig\" aria-invalid=\"false\"  ><\/textarea>\r\n\t\r\n\t\r\n<\/div>\n<div id=\"frm_field_423_container\" class=\"frm_form_field form-field  frm_required_field frm_top_container\">\r\n\t<label for=\"field_c4o06\" id=\"field_c4o06_label\" class=\"frm_primary_label\">Bitte laden Sie das detaillierte Programm sowie allf\u00e4llige weitere Dokumente hoch:\r\n\t\t<span class=\"frm_required\" aria-hidden=\"true\">*<\/span>\r\n\t<\/label>\r\n\t<input type=\"hidden\"  data-reqmsg=\"Dieses Feld darf nicht leer sein.\" data-invmsg=\"Bitte laden Sie das detaillierte Programm sowie allf\u00e4llige weitere Dokumente hoch: ist ung\u00fcltig\" aria-invalid=\"false\"   name=\"item_meta[423][]\"  data-reqmsg=\"Dieses Feld darf nicht leer sein.\"  value=\"\" data-frmfile=\"423\" \/>\n\n<div class=\"frm_dropzone frm_multi_upload frm_clearfix\" id=\"file423_dropzone\" role=\"group\" >\n\t<div class=\"fallback\">\n\t\t<input type=\"file\" name=\"file423[]\" id=\"field_c4o06\"\n\t\t\t data-frmfile=\"423\" multiple=\"multiple\"  data-reqmsg=\"Dieses Feld darf nicht leer sein.\" data-invmsg=\"Bitte laden Sie das detaillierte Programm sowie allf\u00e4llige weitere Dokumente hoch: ist ung\u00fcltig\" aria-invalid=\"false\"  \t\t\t\/>\n\t\t\t\t<div class=\"frm_clearfix \"><\/div>\n\t<\/div>\n\t<div class=\"dz-message needsclick\">\n\t\t\t\t<svg  viewBox=\"0 0 18 18\" class=\"frmsvg frm-svg-icon\">\n\t<path viewBox=\"0 0 18 18\" fill-rule=\"evenodd\" clip-rule=\"evenodd\" d=\"M8.2 4v8a.8.8 0 001.5 0V4l2.1 2.2A.7.7 0 1013 5L9.5 1.7a.7.7 0 00-1.1 0L5.1 5.2a.8.8 0 001 1l2.1-2zm7.6 4.3c.4 0 .7.3.7.7v6.8c0 .4-.3.7-.8.7H2.3a.8.8 0 01-.8-.8V9A.8.8 0 013 9v6h12V9c0-.4.3-.8.8-.8z\"><\/path>\n<\/svg>\t\t<span class=\"frm_upload_text\"><button type=\"button\" aria-label=\"Bitte laden Sie das detaillierte Programm sowie allf\u00e4llige weitere Dokumente hoch:. Zum Hochladen Datei hier ablegen oder auf den Button klicken.. Maximum file size: 419.43MB\">Zum Hochladen Datei hier ablegen oder auf den Button klicken.<\/button><\/span>\n\t\t<span class=\"frm_compact_text\"><button type=\"button\" aria-label=\"Bitte laden Sie das detaillierte Programm sowie allf\u00e4llige weitere Dokumente hoch:. Datei w\u00e4hlen. Maximum file size: 419.43MB\">Datei w\u00e4hlen<\/button><\/span>\n\t\t<div class=\"frm_small_text\">\n\t\t\t<p>Maximum file size: 419.43MB<\/p>\n\t\t<\/div>\n\t<\/div>\n<\/div>\n\t\r\n\t\r\n\t\r\n<\/div>\n<div id=\"frm_field_791_container\" class=\"frm_form_field form-field  frm_top_container\">\r\n\t<label for=\"field_88fhe\" id=\"field_88fhe_label\" class=\"frm_primary_label\">Bemerkungen\r\n\t\t<span class=\"frm_required\" aria-hidden=\"true\"><\/span>\r\n\t<\/label>\r\n\t<textarea name=\"item_meta[791]\" id=\"field_88fhe\" rows=\"5\"  data-invmsg=\"Bemerkungen ist ung\u00fcltig\" aria-invalid=\"false\"  ><\/textarea>\r\n\t\r\n\t\r\n<\/div>\n<div id=\"frm_field_246_container\" class=\"frm_form_field form-field  frm_top_container frm6 frm_first\">\r\n\t<label for=\"field_qxqde\" id=\"field_qxqde_label\" class=\"frm_primary_label\">Ort\r\n\t\t<span class=\"frm_required\" aria-hidden=\"true\"><\/span>\r\n\t<\/label>\r\n\t<input  type=\"text\" id=\"field_qxqde\" name=\"item_meta[246]\" value=\"\"  data-invmsg=\"Ort ist ung\u00fcltig\" aria-invalid=\"false\"   \/>\r\n\t\r\n\t\r\n<\/div>\n<div id=\"frm_field_245_container\" class=\"frm_form_field form-field  frm_top_container frm6\">\r\n\t<label for=\"field_oh9v\" id=\"field_oh9v_label\" class=\"frm_primary_label\">Datum\r\n\t\t<span class=\"frm_required\" aria-hidden=\"true\"><\/span>\r\n\t<\/label>\r\n\t<input type=\"text\" id=\"field_oh9v\" name=\"item_meta[245]\" value=\"\"  maxlength=\"10\" data-invmsg=\"Datum ist ung\u00fcltig\" class=\"frm_date\" aria-invalid=\"false\"  \/>\r\n\t\r\n\t\r\n<\/div>\n<div id=\"frm_field_100_container\" class=\"frm_form_field form-field \">\r\n\t<div class=\"frm_submit frm_flex\">\r\n<button class=\"frm_button_submit frm_final_submit\" type=\"submit\"  >Senden<\/button>\r\n\r\n\r\n\r\n<\/div>\r\n<\/div>\n<input type=\"hidden\" name=\"item_meta[903]\" id=\"field_7syc0\" value=\"\" data-frmval=\"\"\/>\n\t<input type=\"hidden\" name=\"item_key\" value=\"\" \/>\n\t\t\t<div id=\"frm_field_904_container\">\n\t\t\t<label for=\"field_3359i\" >\n\t\t\t\tIf you are human, leave this field blank.\t\t\t<\/label>\n\t\t\t<input  id=\"field_3359i\" type=\"text\" class=\"frm_form_field form-field frm_verify\" name=\"item_meta[904]\" value=\"\"  \/>\n\t\t<\/div>\n\t\t<input name=\"frm_state\" type=\"hidden\" value=\"iZYXYKQ8AYWbDSGMo\/WtxhCbBAtFKEzubosjHiu\/zFflRE\/C2Ae6qkMqy\/XtHKIC\" \/><\/div>\n<\/fieldset>\n<\/div>\n\n<\/form>\n<\/div>\n\n\n            \n        <\/div>\n    <\/div>\n<\/div>","protected":false},"excerpt":{"rendered":"","protected":false},"author":1,"featured_media":0,"parent":0,"menu_order":0,"comment_status":"closed","ping_status":"closed","template":"","meta":{"_acf_changed":false,"footnotes":""},"class_list":["post-4812","page","type-page","status-publish","hentry"],"acf":[],"_links":{"self":[{"href":"https:\/\/www.sappm.ch\/en\/wp-json\/wp\/v2\/pages\/4812","targetHints":{"allow":["GET"]}}],"collection":[{"href":"https:\/\/www.sappm.ch\/en\/wp-json\/wp\/v2\/pages"}],"about":[{"href":"https:\/\/www.sappm.ch\/en\/wp-json\/wp\/v2\/types\/page"}],"author":[{"embeddable":true,"href":"https:\/\/www.sappm.ch\/en\/wp-json\/wp\/v2\/users\/1"}],"replies":[{"embeddable":true,"href":"https:\/\/www.sappm.ch\/en\/wp-json\/wp\/v2\/comments?post=4812"}],"version-history":[{"count":0,"href":"https:\/\/www.sappm.ch\/en\/wp-json\/wp\/v2\/pages\/4812\/revisions"}],"wp:attachment":[{"href":"https:\/\/www.sappm.ch\/en\/wp-json\/wp\/v2\/media?parent=4812"}],"curies":[{"name":"wp","href":"https:\/\/api.w.org\/{rel}","templated":true}]}}