{"id":10304,"date":"2024-12-11T09:59:01","date_gmt":"2024-12-11T08:59:01","guid":{"rendered":"https:\/\/www.sappm.ch\/?page_id=10304"},"modified":"2026-03-05T14:35:53","modified_gmt":"2026-03-05T13:35:53","slug":"call-for-abstracts","status":"publish","type":"page","link":"https:\/\/www.sappm.ch\/fr\/congres-annuel\/call-for-abstracts\/","title":{"rendered":"Call for Abstracts 2026"},"content":{"rendered":"\n<div  class=\"block block-lead bg-element pb-mittel\">\n    <div class=\"main-container\">\n        <div class=\"content-container lead-font-size\">\n            La soumission de r\u00e9sum\u00e9s pour le congr\u00e8s annuel 2026 de l&rsquo;ASMPP est ouverte d\u00e8s maintenant. Nous attendons avec impatience votre contribution !          <\/div>\n    <\/div>\n<\/div>\n\n\n<div  class=\"block block-content pb-mittel\">\n    <div class=\"main-container\">\n        <div class=\"content-container\">\n\n            \n            <p>Nous aimerions vous encourager \u00e0 mettre en \u0153uvre la devise du congr\u00e8s &#8211; dans la mesure du possible &#8211; en organisant les contributions dans un \u00ab\u00a0format de dialogue\u00a0\u00bb, en faisant dialoguer diff\u00e9rentes perspectives sur le th\u00e8me choisi en la personne de diff\u00e9rents intervenants, par exemple les aspects somatiques et psychosociaux, la recherche et la pratique, les soins hospitaliers et ambulatoires, l&rsquo;approche m\u00e9dicale et psychologique, etc. Par ailleurs, les contributions individuelles sont bien entendu les bienvenues. L&rsquo;\u00e9quipe du congr\u00e8s pr\u00e9voit de proposer aux intervenants de partager leurs contributions en tant que partenaires de dialogue. <\/p>\n\n            \n        <\/div>\n    <\/div>\n<\/div>\n\n\n<div  class=\"block block-content pb-mittel\">\n    <div class=\"main-container\">\n        <div class=\"content-container\">\n\n            \n            <h3><strong>Date limite de d\u00e9p\u00f4t : Vendredi 01 mai 2026 !<\/strong><\/h3>\n\n            \n        <\/div>\n    <\/div>\n<\/div>\n\n\n<div class=\"block block-akkordeon pb-mittel\">\n    <div class=\"main-container\">\n        <h2><\/h2>\n                    <div class=\"accordion agenda-item\">\n                                    <div class=\"accordion-item\">\n                        <div class=\"accordion-toggle dark\">\n                            <div class=\"infos transition\">\n                                <span class=\"text\">Plus d&rsquo;infos<\/span>\n                                <span class=\"icon-more\"><\/span>\n                                <span class=\"icon-less\"><\/span>\n                            <\/div>\n                            <div class=\"inner\">\n                                <h3 class=\"d6 agenda-title\">R\u00e9sum\u00e9 de la pr\u00e9sentation individuelle  <\/h3>\n                            <\/div>\n                        <\/div>\n                        <div class=\"accordion-content\">\n                            <div class=\"inner\">\n                                <p>En allemand, fran\u00e7ais, italien ou anglais. Les r\u00e9sum\u00e9s des communications doivent, si possible, correspondre au th\u00e8me du congr\u00e8s et \u00eatre pr\u00e9sent\u00e9s sous forme de dialogue. Les contributions th\u00e9matiques seront int\u00e9gr\u00e9es dans des symposiums de 45 minutes sous forme de pr\u00e9sentations Power Point. La dur\u00e9e d&rsquo;une pr\u00e9sentation individuelle est donc de 15 \u00e0 20 minutes. Vous recevrez des informations d\u00e9taill\u00e9es sur la dur\u00e9e du symposium au moment de l&rsquo;acceptation de votre contribution. En raison du grand nombre de contributions, il est possible que certaines d&rsquo;entre elles soient class\u00e9es dans le format Mini-Talk dans le cadre de la s\u00e9lection des r\u00e9sum\u00e9s.     <\/p>\n                            <\/div>\n                        <\/div>\n                    <\/div>\n                                    <div class=\"accordion-item\">\n                        <div class=\"accordion-toggle dark\">\n                            <div class=\"infos transition\">\n                                <span class=\"text\">Plus d&rsquo;infos<\/span>\n                                <span class=\"icon-more\"><\/span>\n                                <span class=\"icon-less\"><\/span>\n                            <\/div>\n                            <div class=\"inner\">\n                                <h3 class=\"d6 agenda-title\">R\u00e9sum\u00e9 pour un symposium scientifique  <\/h3>\n                            <\/div>\n                        <\/div>\n                        <div class=\"accordion-content\">\n                            <div class=\"inner\">\n                                <p>En fran\u00e7ais, allemand, italien ou anglais. Un symposium scientifique se compose g\u00e9n\u00e9ralement de 3 pr\u00e9sentations par session. Avec 3 intervenants dans une session, chaque expos\u00e9 dure environ 15 minutes, discussion comprise. La personne responsable principale est charg\u00e9e de l&rsquo;inscription des 3 pr\u00e9sentations partielles, de la mod\u00e9ration ainsi que du respect du temps imparti. Le lien avec le th\u00e8me du congr\u00e8s, le format de dialogue et le lien avec la pratique sont fortement souhait\u00e9s.    <\/p>\n                            <\/div>\n                        <\/div>\n                    <\/div>\n                                    <div class=\"accordion-item\">\n                        <div class=\"accordion-toggle dark\">\n                            <div class=\"infos transition\">\n                                <span class=\"text\">Plus d&rsquo;infos<\/span>\n                                <span class=\"icon-more\"><\/span>\n                                <span class=\"icon-less\"><\/span>\n                            <\/div>\n                            <div class=\"inner\">\n                                <h3 class=\"d6 agenda-title\">R\u00e9sum\u00e9 pour l&rsquo;atelier  <\/h3>\n                            <\/div>\n                        <\/div>\n                        <div class=\"accordion-content\">\n                            <div class=\"inner\">\n                                <p>En fran\u00e7ais, allemand, italien ou anglais. Un atelier est un cours pratique de 45 minutes avec un nombre limit\u00e9 de participants (30-40 personnes maximum). Ici aussi, un format de dialogue est privil\u00e9gi\u00e9. Les sujets qui traitent des comp\u00e9tences et des aptitudes n\u00e9cessaires \u00e0 la pratique quotidienne sont particuli\u00e8rement appr\u00e9ci\u00e9s. Un th\u00e8me d&rsquo;atelier peut \u00e9galement \u00eatre propos\u00e9 \u00e0 plusieurs reprises lors du congr\u00e8s.    <\/p>\n                            <\/div>\n                        <\/div>\n                    <\/div>\n                                    <div class=\"accordion-item\">\n                        <div class=\"accordion-toggle dark\">\n                            <div class=\"infos transition\">\n                                <span class=\"text\">Plus d&rsquo;infos<\/span>\n                                <span class=\"icon-more\"><\/span>\n                                <span class=\"icon-less\"><\/span>\n                            <\/div>\n                            <div class=\"inner\">\n                                <h3 class=\"d6 agenda-title\">R\u00e9sum\u00e9 pour poster  <\/h3>\n                            <\/div>\n                        <\/div>\n                        <div class=\"accordion-content\">\n                            <div class=\"inner\">\n                                <p>En allemand, fran\u00e7ais, italien ou anglais. Toutes les contributions soumises ici doivent \u00eatre pr\u00e9sent\u00e9es sous forme de poster scientifique. Les contributions s\u00e9lectionn\u00e9es seront \u00e9galement soumises au format Mini-Talk, dans lequel le contenu du poster sera pr\u00e9sent\u00e9 \u00e0 l&rsquo;aide de quelques diapositives PowerPoint d&rsquo;une dur\u00e9e de 3 \u00e0 5 minutes. Les meilleurs posters seront r\u00e9compens\u00e9s \u00e0 la fin du congr\u00e8s. Vous recevrez des informations d\u00e9taill\u00e9es sur le calendrier et le format en m\u00eame temps que l&rsquo;acceptation de votre contribution.    <\/p>\n                            <\/div>\n                        <\/div>\n                    <\/div>\n                            <\/div>\n            <\/div>\n<\/div>\n\n\n\n<div  class=\"block block-content pb-mittel\">\n    <div class=\"main-container\">\n        <div class=\"content-container\">\n\n            \n            <link rel='stylesheet' id='formidable-css' href='https:\/\/www.sappm.ch\/wp-content\/plugins\/formidable\/css\/formidableforms.css?ver=4141248' type='text\/css' media='all' \/>\n<div class=\"frm_forms  with_frm_style frm_style_formidable-style\" id=\"frm_form_37_container\" data-token=\"2d41fdcf55403a9738eadb34595822cb\">\n<form enctype=\"multipart\/form-data\" method=\"post\" class=\"frm-show-form  frm_js_validate  frm_ajax_submit  frm_pro_form \" id=\"form_contact-form62322\" data-token=\"2d41fdcf55403a9738eadb34595822cb\">\n<div class=\"frm_form_fields  frm_page_num_1\">\n<fieldset>\n<legend class=\"frm_screen_reader\">Soumission d&rsquo;un abstract au congr\u00e8s annuel ASMPP 2026<\/legend>\r\n<h3 class=\"frm_form_title\">Soumission d&rsquo;un abstract au congr\u00e8s annuel ASMPP 2026<\/h3>\r\n<div class=\"frm_fields_container\">\n<input type=\"hidden\" name=\"frm_action\" value=\"create\" \/>\n<input type=\"hidden\" name=\"form_id\" value=\"37\" \/>\n<input type=\"hidden\" name=\"frm_hide_fields_37\" id=\"frm_hide_fields_37\" value=\"\" \/>\n<input type=\"hidden\" name=\"form_key\" value=\"contact-form62322\" \/>\n<input type=\"hidden\" name=\"item_meta[0]\" value=\"\" \/>\n<input type=\"hidden\" id=\"frm_submit_entry_37\" name=\"frm_submit_entry_37\" value=\"61bf2945cc\" \/><input type=\"hidden\" name=\"_wp_http_referer\" value=\"\/fr\/wp-json\/wp\/v2\/pages\/10304\" \/><div id=\"frm_field_868_container\" class=\"frm_form_field  frm12 frm_first frm_html_container form-field\">\n<p>En option, dans le format dialogique pr\u00e9f\u00e9r\u00e9 par le congr\u00e8s :<\/p>\n<\/div>\n<div id=\"frm_field_864_container\" class=\"frm_form_field form-field  frm_required_field frm_top_container frm12 frm_first\">\r\n\t<label for=\"field_7bhd9\" id=\"field_7bhd9_label\" class=\"frm_primary_label\">Intervenant\u00b7e\u00b7s :\r\n\t\t<span class=\"frm_required\" aria-hidden=\"true\">*<\/span>\r\n\t<\/label>\r\n\t<input  type=\"text\" id=\"field_7bhd9\" name=\"item_meta[864]\" value=\"\"  data-reqmsg=\"Dieses Feld darf nicht leer sein.\" aria-required=\"true\" data-invmsg=\"Intervenant\u00b7e\u00b7s : ist ung\u00fcltig\" aria-invalid=\"false\"   \/>\r\n\t\r\n\t\r\n<\/div>\n<div id=\"frm_field_865_container\" class=\"frm_form_field form-field  frm_required_field frm_top_container\">\r\n\t<label for=\"field_3scz4\" id=\"field_3scz4_label\" class=\"frm_primary_label\">Perspective 1\r\n\t\t<span class=\"frm_required\" aria-hidden=\"true\">*<\/span>\r\n\t<\/label>\r\n\t<input  type=\"text\" id=\"field_3scz4\" name=\"item_meta[865]\" value=\"\"  data-reqmsg=\"Dieses Feld darf nicht leer sein.\" aria-required=\"true\" data-invmsg=\"Perspective 1 ist ung\u00fcltig\" aria-invalid=\"false\"   \/>\r\n\t\r\n\t\r\n<\/div>\n<div id=\"frm_field_847_container\" class=\"frm_form_field form-field  frm_required_field frm_top_container frm6 frm_first vertical_radio\">\r\n    <div  id=\"field_qv1j5845_label\" class=\"frm_primary_label\">Titre de civilit\u00e9\r\n        <span class=\"frm_required\" aria-hidden=\"true\">*<\/span>\r\n    <\/div>\r\n    <div class=\"frm_opt_container\" aria-labelledby=\"field_qv1j5845_label\" role=\"radiogroup\" aria-required=\"true\">\t\t<div class=\"frm_radio\" id=\"frm_radio_847-0\">\t\t\t<label  for=\"field_qv1j5845-0\">\n\t\t\t\t\t<input type=\"radio\" name=\"item_meta[847]\" id=\"field_qv1j5845-0\" value=\"Madame\"\n\t\t data-reqmsg=\"Dieses Feld darf nicht leer sein.\" data-invmsg=\"Titre de civilit\u00e9 ist ung\u00fcltig\"   \/> Madame<\/label><\/div>\n\t\t<div class=\"frm_radio\" id=\"frm_radio_847-1\">\t\t\t<label  for=\"field_qv1j5845-1\">\n\t\t\t\t\t<input type=\"radio\" name=\"item_meta[847]\" id=\"field_qv1j5845-1\" value=\"Monsieur\"\n\t\t data-reqmsg=\"Dieses Feld darf nicht leer sein.\" data-invmsg=\"Titre de civilit\u00e9 ist ung\u00fcltig\"   \/> Monsieur<\/label><\/div>\n\t\t<div class=\"frm_radio\" id=\"frm_radio_847-2\">\t\t\t<label  for=\"field_qv1j5845-2\">\n\t\t\t\t\t<input type=\"radio\" name=\"item_meta[847]\" id=\"field_qv1j5845-2\" value=\"Divers\"\n\t\t data-reqmsg=\"Dieses Feld darf nicht leer sein.\" data-invmsg=\"Titre de civilit\u00e9 ist ung\u00fcltig\"   \/> Divers<\/label><\/div>\n<\/div>\r\n    \r\n    \r\n<\/div>\n<div id=\"frm_field_848_container\" class=\"frm_form_field form-field  frm_top_container frm6\">\r\n\t<label for=\"field_t8r0745\" id=\"field_t8r0745_label\" class=\"frm_primary_label\">Titre\r\n\t\t<span class=\"frm_required\" aria-hidden=\"true\"><\/span>\r\n\t<\/label>\r\n\t<input  type=\"text\" id=\"field_t8r0745\" name=\"item_meta[848]\" value=\"\"  data-invmsg=\"Titre ist ung\u00fcltig\" aria-invalid=\"false\"   \/>\r\n\t\r\n\t\r\n<\/div>\n<div id=\"frm_field_849_container\" class=\"frm_form_field form-field  frm_required_field frm_top_container frm6 frm_first\">\r\n    <label for=\"field_qh4icy645\" id=\"field_qh4icy645_label\" class=\"frm_primary_label\">Pr\u00e9nom\r\n        <span class=\"frm_required\" aria-hidden=\"true\">*<\/span>\r\n    <\/label>\r\n    <input  type=\"text\" id=\"field_qh4icy645\" name=\"item_meta[849]\" value=\"\"  data-reqmsg=\"Dieses Feld darf nicht leer sein.\" aria-required=\"true\" data-invmsg=\"Name ist ung\u00fcltig\" aria-invalid=\"false\"   \/>\r\n    \r\n    \r\n<\/div>\n<div id=\"frm_field_850_container\" class=\"frm_form_field form-field  frm_required_field frm_top_container frm6\">\r\n    <label for=\"field_ocfup1645\" id=\"field_ocfup1645_label\" class=\"frm_primary_label\">Nom\r\n        <span class=\"frm_required\" aria-hidden=\"true\">*<\/span>\r\n    <\/label>\r\n    <input  type=\"text\" id=\"field_ocfup1645\" name=\"item_meta[850]\" value=\"\"  data-reqmsg=\"Dieses Feld darf nicht leer sein.\" aria-required=\"true\" data-invmsg=\"Last ist ung\u00fcltig\" aria-invalid=\"false\"   \/>\r\n    \r\n    \r\n<\/div>\n<div id=\"frm_field_851_container\" class=\"frm_form_field form-field  frm_required_field frm_top_container frm6 frm_first\">\r\n    <label for=\"field_29yf4d845\" id=\"field_29yf4d845_label\" class=\"frm_primary_label\">E-Mail\r\n        <span class=\"frm_required\" aria-hidden=\"true\">*<\/span>\r\n    <\/label>\r\n    <input type=\"email\" id=\"field_29yf4d845\" name=\"item_meta[851]\" value=\"\"  data-reqmsg=\"Dieses Feld darf nicht leer sein.\" aria-required=\"true\" data-invmsg=\"Bitte geben Sie eine g\u00fcltige E-Mail-Adresse ein.\" aria-invalid=\"false\"  \/>\r\n    \r\n    \r\n<\/div>\n<div id=\"frm_field_852_container\" class=\"frm_form_field form-field  frm_required_field frm_top_container frm6\">\r\n\t<label for=\"field_oh24145\" id=\"field_oh24145_label\" class=\"frm_primary_label\">Mobile\r\n\t\t<span class=\"frm_required\" aria-hidden=\"true\">*<\/span>\r\n\t<\/label>\r\n\t<input  type=\"text\" id=\"field_oh24145\" name=\"item_meta[852]\" value=\"\"  data-reqmsg=\"Dieses Feld darf nicht leer sein.\" aria-required=\"true\" data-invmsg=\"Mobile ist ung\u00fcltig\" aria-invalid=\"false\"   \/>\r\n\t\r\n\t\r\n<\/div>\n<div id=\"frm_field_853_container\" class=\"frm_form_field form-field  frm_required_field frm_top_container frm12 frm_first\">\r\n    <label for=\"field_9jv0r1545\" id=\"field_9jv0r1545_label\" class=\"frm_primary_label\">Adresse\r\n        <span class=\"frm_required\" aria-hidden=\"true\">*<\/span>\r\n    <\/label>\r\n    <textarea name=\"item_meta[853]\" id=\"field_9jv0r1545\" rows=\"3\"  data-reqmsg=\"Dieses Feld darf nicht leer sein.\" aria-required=\"true\" data-invmsg=\"Adresse ist ung\u00fcltig\" aria-invalid=\"false\"  ><\/textarea>\r\n    \r\n    \r\n<\/div>\n<div id=\"frm_field_866_container\" class=\"frm_form_field form-field  frm_required_field frm_top_container vertical_radio\">\r\n\t<div  id=\"field_g3j03_label\" class=\"frm_primary_label\">Auteur pr\u00e9sentateur\r\n\t\t<span class=\"frm_required\" aria-hidden=\"true\">*<\/span>\r\n\t<\/div>\r\n\t<div class=\"frm_opt_container\" aria-labelledby=\"field_g3j03_label\" role=\"group\">\t\t<div class=\"frm_checkbox\" id=\"frm_checkbox_866-0\">\t\t\t<label  for=\"field_g3j03-0\">\n\t\t\t<input type=\"checkbox\" name=\"item_meta[866][]\" id=\"field_g3j03-0\" value=\"Oui\"  data-reqmsg=\"Dieses Feld darf nicht leer sein.\" data-invmsg=\"Auteur pr\u00e9sentateur ist ung\u00fcltig\"   aria-required=\"true\"  \/> Oui<\/label><\/div>\n\t\t<div class=\"frm_checkbox\" id=\"frm_checkbox_866-1\">\t\t\t<label  for=\"field_g3j03-1\">\n\t\t\t<input type=\"checkbox\" name=\"item_meta[866][]\" id=\"field_g3j03-1\" value=\"Non\"  data-reqmsg=\"Dieses Feld darf nicht leer sein.\" data-invmsg=\"Auteur pr\u00e9sentateur ist ung\u00fcltig\"   \/> Non<\/label><\/div>\n<\/div>\r\n\t\r\n\t\r\n<\/div>\n<input type=\"hidden\" name=\"frm_page_order_37\" id=\"frm_page_order_37\" value=\"21\" \/>\t\t<input  type=\"hidden\" name=\"item_meta[869]\" id=\"field_3mjcs\" value=\"\"     \/>\n\t\t\t\t<input  type=\"hidden\" name=\"item_meta[870]\" id=\"field_e9aaq\" value=\"\"     \/>\n\t\t\t\t<input  type=\"hidden\" name=\"item_meta[871]\" id=\"field_ihf2i-0\" value=\"\"     \/>\n\t\t\t\t<input  type=\"hidden\" name=\"item_meta[872]\" id=\"field_ewqea\" value=\"\"     \/>\n\t\t\t\t<input  type=\"hidden\" name=\"item_meta[873]\" id=\"field_bn78f\" value=\"\"     \/>\n\t\t\t\t<input  type=\"hidden\" name=\"item_meta[874]\" id=\"field_dowh2\" value=\"\"     \/>\n\t\t\t\t<input  type=\"hidden\" name=\"item_meta[875]\" id=\"field_uotgz\" value=\"\"     \/>\n\t\t\t\t<input  type=\"hidden\" name=\"item_meta[876]\" id=\"field_4ovt1-0\" value=\"\"     \/>\n\t\t\t\t<input  type=\"hidden\" name=\"item_meta[877]\" id=\"field_qepko\" value=\"\"     \/>\n\t\t\t\t<input  type=\"hidden\" name=\"item_meta[884]\" id=\"field_kc2t7-0\" value=\"\"     \/>\n\t\t\t\t<input  type=\"hidden\" name=\"item_meta[883]\" id=\"field_mu0wg\" value=\"\"     \/>\n\t\t\t\t<input  type=\"hidden\" name=\"item_meta[881]\" id=\"field_z4g4d\" value=\"\"     \/>\n\t\t\t\t<input  type=\"hidden\" name=\"item_meta[882]\" id=\"field_vhr33\" value=\"\"     \/>\n\t\t\t\t<input  type=\"hidden\" name=\"item_meta[880]\" id=\"field_1c8l5\" value=\"\"     \/>\n\t\t\t\t<input  type=\"hidden\" name=\"item_meta[879]\" id=\"field_yejm8-0\" value=\"\"     \/>\n\t\t\t\t<input  type=\"hidden\" name=\"item_meta[885]\" id=\"field_eh2is\" value=\"\"     \/>\n\t\t\t\t<input  type=\"hidden\" name=\"item_meta[854]\" id=\"field_hvd335-0\" value=\"\"     \/>\n\t\t\t\t<input  type=\"hidden\" name=\"item_meta[855]\" id=\"field_nmpad5-0\" value=\"\"     \/>\n\t\t\t\t<input  type=\"hidden\" name=\"item_meta[856]\" id=\"field_2ai0q5\" value=\"\"     \/>\n\t\t\t\t<input  type=\"hidden\" name=\"item_meta[857]\" id=\"field_bdcpz5\" value=\"\"     \/>\n\t\t\t\t<input  type=\"hidden\" name=\"item_meta[859]\" id=\"field_de4xe45\" value=\"\"     \/>\n\t\t\t\t<input  type=\"hidden\" name=\"item_meta[860]\" id=\"field_xl9v45\" value=\"\"     \/>\n\t\t\t\t<input  type=\"hidden\" name=\"item_meta[861]\" id=\"field_yrjfp845\" value=\"\"     \/>\n\t\t\t\t<input  type=\"hidden\" name=\"item_meta[862]\" id=\"field_z1kpq845\" value=\"\"     \/>\n\t\t\t<input type=\"hidden\" name=\"item_key\" value=\"\" \/>\n\t\t\t<div id=\"frm_field_904_container\">\n\t\t\t<label for=\"field_a0svd\" >\n\t\t\t\tSi vous \u00eates un humain, ne remplissez pas ce champ.\t\t\t<\/label>\n\t\t\t<input  id=\"field_a0svd\" type=\"text\" class=\"frm_form_field form-field frm_verify\" name=\"item_meta[904]\" value=\"\"  \/>\n\t\t<\/div>\n\t\t<input name=\"frm_state\" type=\"hidden\" value=\"v5D2EwecT00\/hbHR1OU2kFaZ6FRDjs8Wd1IQBvw4UdflRE\/C2Ae6qkMqy\/XtHKIC\" \/><div class=\"frm_submit frm_flex\">\r\n<button class=\"frm_button_submit\" type=\"submit\"   formnovalidate=\"formnovalidate\">Continuer<\/button>\r\n\r\n\r\n\r\n<\/div><\/div>\n<\/fieldset>\n<\/div>\n\n<\/form>\n<\/div>\n\n\n            \n        <\/div>\n    <\/div>\n<\/div>","protected":false},"excerpt":{"rendered":"","protected":false},"author":3,"featured_media":0,"parent":10323,"menu_order":0,"comment_status":"closed","ping_status":"closed","template":"tpl-kongress.php","meta":{"_acf_changed":false,"footnotes":""},"class_list":["post-10304","page","type-page","status-publish","hentry"],"acf":[],"_links":{"self":[{"href":"https:\/\/www.sappm.ch\/fr\/wp-json\/wp\/v2\/pages\/10304","targetHints":{"allow":["GET"]}}],"collection":[{"href":"https:\/\/www.sappm.ch\/fr\/wp-json\/wp\/v2\/pages"}],"about":[{"href":"https:\/\/www.sappm.ch\/fr\/wp-json\/wp\/v2\/types\/page"}],"author":[{"embeddable":true,"href":"https:\/\/www.sappm.ch\/fr\/wp-json\/wp\/v2\/users\/3"}],"replies":[{"embeddable":true,"href":"https:\/\/www.sappm.ch\/fr\/wp-json\/wp\/v2\/comments?post=10304"}],"version-history":[{"count":8,"href":"https:\/\/www.sappm.ch\/fr\/wp-json\/wp\/v2\/pages\/10304\/revisions"}],"predecessor-version":[{"id":20656,"href":"https:\/\/www.sappm.ch\/fr\/wp-json\/wp\/v2\/pages\/10304\/revisions\/20656"}],"up":[{"embeddable":true,"href":"https:\/\/www.sappm.ch\/fr\/wp-json\/wp\/v2\/pages\/10323"}],"wp:attachment":[{"href":"https:\/\/www.sappm.ch\/fr\/wp-json\/wp\/v2\/media?parent=10304"}],"curies":[{"name":"wp","href":"https:\/\/api.w.org\/{rel}","templated":true}]}}