{"id":11666,"date":"2025-01-28T13:51:42","date_gmt":"2025-01-28T12:51:42","guid":{"rendered":"https:\/\/www.sappm.ch\/?page_id=11666"},"modified":"2025-10-22T08:50:30","modified_gmt":"2025-10-22T06:50:30","slug":"programme-preliminaire","status":"publish","type":"page","link":"https:\/\/www.sappm.ch\/fr\/congres-annuel\/programme-preliminaire\/","title":{"rendered":"Programme"},"content":{"rendered":"\n<div  class=\"block block-content \">\n    <div class=\"main-container\">\n        <div class=\"content-container\">\n\n                            <h2 class=\"d5\">Cr\u00e9dits :<\/h2>\n            \n            <p>ASMPP- 16 cr\u00e9dits<br \/>\nSSMIG- 13 cr\u00e9dits (23.10. : 7 cr\u00e9dits \/ 24.10. : 6 cr\u00e9dits)<br \/>\nSGPP &#8211; 12 cr\u00e9dits<br \/>\nSPS &#8211; 10 cr\u00e9dits<br \/>\ngyn\u00e9cologie suisse &#8211; 6 cr\u00e9dits (24.10.2025)<br \/>\nP\u00e9diatrie Suisse &#8211; 9 cr\u00e9dits (23.10. : 6 cr\u00e9dits \/ 24.10. : 3 cr\u00e9dits)<\/p>\n\n            \n        <\/div>\n    <\/div>\n<\/div>\n<div  class=\"block block-downloads pb-mittel\">\n    <div class=\"main-container\">\n        <div class=\"content-container\">\n            \n            <h2 class=\"d5\"><\/h2>\n            \n            <div class=\"downloads\">\n                                                                                       <a class=\"download\" href=\"https:\/\/www.sappm.ch\/wp-content\/uploads\/2025\/10\/Programm-SAPPM-Kongress-2025-V9.pdf\" target=\"_blank\">\n                                T\u00e9l\u00e9charger le programme                              <\/a>\n                                                                        <\/div>\n\n        <\/div>\n    <\/div>\n<\/div>\n<div  class=\"block block-image main-container pb-mittel\">\n    <div class=\"image-container\">\n        <img loading=\"lazy\" decoding=\"async\" width=\"1024\" height=\"576\" src=\"https:\/\/www.sappm.ch\/wp-content\/uploads\/2025\/10\/Programm-SAPPM-Kongress-2025-V8_Seite_1-1-1024x576.jpg\" class=\"attachment-large size-large\" alt=\"\" srcset=\"https:\/\/www.sappm.ch\/wp-content\/uploads\/2025\/10\/Programm-SAPPM-Kongress-2025-V8_Seite_1-1-1024x576.jpg 1024w, https:\/\/www.sappm.ch\/wp-content\/uploads\/2025\/10\/Programm-SAPPM-Kongress-2025-V8_Seite_1-1-600x337.jpg 600w, https:\/\/www.sappm.ch\/wp-content\/uploads\/2025\/10\/Programm-SAPPM-Kongress-2025-V8_Seite_1-1-768x432.jpg 768w, https:\/\/www.sappm.ch\/wp-content\/uploads\/2025\/10\/Programm-SAPPM-Kongress-2025-V8_Seite_1-1-1536x864.jpg 1536w, https:\/\/www.sappm.ch\/wp-content\/uploads\/2025\/10\/Programm-SAPPM-Kongress-2025-V8_Seite_1-1-2048x1152.jpg 2048w\" sizes=\"auto, (max-width: 1024px) 100vw, 1024px\" \/>    <\/div>\n    \n    \n    <\/div>\n<div  class=\"block block-image main-container pb-mittel\">\n    <div class=\"image-container\">\n        <img loading=\"lazy\" decoding=\"async\" width=\"1024\" height=\"576\" src=\"https:\/\/www.sappm.ch\/wp-content\/uploads\/2025\/10\/Programm-SAPPM-Kongress-2025-V9_Seite_2-1024x576.jpg\" class=\"attachment-large size-large\" alt=\"\" srcset=\"https:\/\/www.sappm.ch\/wp-content\/uploads\/2025\/10\/Programm-SAPPM-Kongress-2025-V9_Seite_2-1024x576.jpg 1024w, https:\/\/www.sappm.ch\/wp-content\/uploads\/2025\/10\/Programm-SAPPM-Kongress-2025-V9_Seite_2-600x337.jpg 600w, https:\/\/www.sappm.ch\/wp-content\/uploads\/2025\/10\/Programm-SAPPM-Kongress-2025-V9_Seite_2-768x432.jpg 768w, https:\/\/www.sappm.ch\/wp-content\/uploads\/2025\/10\/Programm-SAPPM-Kongress-2025-V9_Seite_2-1536x864.jpg 1536w, https:\/\/www.sappm.ch\/wp-content\/uploads\/2025\/10\/Programm-SAPPM-Kongress-2025-V9_Seite_2-2048x1152.jpg 2048w\" sizes=\"auto, (max-width: 1024px) 100vw, 1024px\" \/>    <\/div>\n    \n    \n    <\/div>\n<div  class=\"block block-content pb-mittel\">\n    <div class=\"main-container\">\n        <div class=\"content-container\">\n\n            \n            <h2><strong>Voir le programme d\u00e9taill\u00e9 :<\/strong><\/h2>\n\n                            <div class=\"button-group\">\n                                   <a class=\"btn btn-full btn-arrow\" href=\"https:\/\/www.sappm.ch\/state-of-the-art-lectures\/\" target=\"_self\">State of the Art Lectures<\/a>\n                                    <a class=\"btn btn-full btn-arrow\" href=\"https:\/\/www.sappm.ch\/keynote-lectures\/\" target=\"_self\">Keynote Lectures<\/a>\n                                    <a class=\"btn btn-full btn-ext\" href=\"https:\/\/www.sappm.ch\/paediatrie-gynaekologie\/\" target=\"_blank\">P\u00e9diatrie &amp; Gyn\u00e9cologie<\/a>\n                                    <a class=\"btn btn-full btn-ext\" href=\"https:\/\/www.sappm.ch\/workshops-1\/\" target=\"_blank\">Ateliers 1<\/a>\n                                    <a class=\"btn btn-full btn-ext\" href=\"https:\/\/www.sappm.ch\/workshops-2\/\" target=\"_blank\">Ateliers 2<\/a>\n                                    <a class=\"btn btn-full btn-ext\" href=\"https:\/\/www.sappm.ch\/rahmenprogramm\/\" target=\"_blank\">Programme cadre<\/a>\n                                <\/div>\n            \n        <\/div>\n    <\/div>\n<\/div>","protected":false},"excerpt":{"rendered":"","protected":false},"author":3,"featured_media":0,"parent":10323,"menu_order":0,"comment_status":"closed","ping_status":"closed","template":"tpl-kongress.php","meta":{"_acf_changed":false,"footnotes":""},"class_list":["post-11666","page","type-page","status-publish","hentry"],"acf":[],"_links":{"self":[{"href":"https:\/\/www.sappm.ch\/fr\/wp-json\/wp\/v2\/pages\/11666","targetHints":{"allow":["GET"]}}],"collection":[{"href":"https:\/\/www.sappm.ch\/fr\/wp-json\/wp\/v2\/pages"}],"about":[{"href":"https:\/\/www.sappm.ch\/fr\/wp-json\/wp\/v2\/types\/page"}],"author":[{"embeddable":true,"href":"https:\/\/www.sappm.ch\/fr\/wp-json\/wp\/v2\/users\/3"}],"replies":[{"embeddable":true,"href":"https:\/\/www.sappm.ch\/fr\/wp-json\/wp\/v2\/comments?post=11666"}],"version-history":[{"count":29,"href":"https:\/\/www.sappm.ch\/fr\/wp-json\/wp\/v2\/pages\/11666\/revisions"}],"predecessor-version":[{"id":18600,"href":"https:\/\/www.sappm.ch\/fr\/wp-json\/wp\/v2\/pages\/11666\/revisions\/18600"}],"up":[{"embeddable":true,"href":"https:\/\/www.sappm.ch\/fr\/wp-json\/wp\/v2\/pages\/10323"}],"wp:attachment":[{"href":"https:\/\/www.sappm.ch\/fr\/wp-json\/wp\/v2\/media?parent=11666"}],"curies":[{"name":"wp","href":"https:\/\/api.w.org\/{rel}","templated":true}]}}