{"id":12179,"date":"2025-02-14T18:32:04","date_gmt":"2025-02-14T17:32:04","guid":{"rendered":"https:\/\/www.sappm.ch\/?page_id=12179"},"modified":"2026-03-05T14:41:25","modified_gmt":"2026-03-05T13:41:25","slug":"congres2026","status":"publish","type":"page","link":"https:\/\/www.sappm.ch\/fr\/congres-annuel\/congres2026\/","title":{"rendered":"Congr\u00e8s 2026"},"content":{"rendered":"\n<div class=\"wp-block-group\"><div class=\"wp-block-group__inner-container is-layout-constrained wp-block-group-is-layout-constrained\">\n<div class=\"wp-block-group\"><div class=\"wp-block-group__inner-container is-layout-constrained wp-block-group-is-layout-constrained\">\n<div  class=\"block block-content \">\n    <div class=\"main-container\">\n        <div class=\"content-container\">\n\n            \n            <p><img loading=\"lazy\" decoding=\"async\" class=\"alignnone wp-image-19267 size-large\" src=\"https:\/\/www.sappm.ch\/wp-content\/uploads\/2025\/11\/SAPPM_2025_Header_Converia_1090x180-1024x169.jpg\" alt=\"\" width=\"1024\" height=\"169\" srcset=\"https:\/\/www.sappm.ch\/wp-content\/uploads\/2025\/11\/SAPPM_2025_Header_Converia_1090x180-1024x169.jpg 1024w, https:\/\/www.sappm.ch\/wp-content\/uploads\/2025\/11\/SAPPM_2025_Header_Converia_1090x180-600x99.jpg 600w, https:\/\/www.sappm.ch\/wp-content\/uploads\/2025\/11\/SAPPM_2025_Header_Converia_1090x180-768x127.jpg 768w, https:\/\/www.sappm.ch\/wp-content\/uploads\/2025\/11\/SAPPM_2025_Header_Converia_1090x180.jpg 1090w\" sizes=\"auto, (max-width: 1024px) 100vw, 1024px\" \/><\/p>\n<p>Chers coll\u00e8gues<\/p>\n<p>Le congr\u00e8s annuel de l&rsquo;Acad\u00e9mie Suisse pour la M\u00e9decine Psychosomatique et Psychosociale (ASMPP) r\u00e9unit des sp\u00e9cialistes de la psychosomatique, de la m\u00e9decine de premier recours et de la psychoth\u00e9rapie &#8211; pour une formation continue, un dialogue et des rencontres. R\u00e9jouissez-vous de d\u00e9couvrir des contenus scientifiques passionnants, des discussions stimulantes et un programme-cadre inspirant dans une atmosph\u00e8re personnelle. <\/p>\n<p>Sous la devise <strong>\u00ab\u00a0La psychosomatique en dialogue\u00a0\u00bb<\/strong>, le congr\u00e8s aura lieu du  <strong>3-4 septembre 2026 <\/strong>  \u00e0 l&rsquo;H\u00f4pital universitaire de B\u00e2le.<\/p>\n<p>Les inscriptions sont ouvertes. De plus amples informations sur le programme et les intervenants suivront prochainement. <\/p>\n<p>Pour les questions relatives \u00e0 l&rsquo;inscription, veuillez contacter <a href=\"mailto:registration@medworld.ch\">registration@medworld.ch.<\/a><br \/>\nPour les questions relatives au congr\u00e8s et au sponsoring, veuillez contacter <a href=\"mailto:sappm-kongress@usb.ch\">sappm-kongress@usb.ch.<\/a><\/p>\n<p data-start=\"161\" data-end=\"439\">Nous vous remercions chaleureusement de l&rsquo;int\u00e9r\u00eat que vous portez au congr\u00e8s ASMPP et nous r\u00e9jouissons de pouvoir vous accueillir personnellement.<\/p>\n<p>Le comit\u00e9 d&rsquo;organisation vous souhaite un congr\u00e8s riche en d\u00e9couvertes, en impulsions professionnelles passionnantes, en discussions enrichissantes et en rencontres pr\u00e9cieuses.<br \/>\n<br data-start=\"274\" data-end=\"277\">Veuillez agr\u00e9er, Madame, Monsieur, nos salutations les plus cordiales<br data-start=\"465\" data-end=\"468\">Au nom du comit\u00e9 d&rsquo;organisation du congr\u00e8s SAPPM<\/p>\n<p data-start=\"161\" data-end=\"439\">Prof. Rainer Sch\u00e4fert<br \/>\nPr\u00e9sident du congr\u00e8s<\/p>\n<p>&nbsp;<\/p>\n\n                            <div class=\"button-group\">\n                                   <a class=\"btn btn-full btn-ext\" href=\"https:\/\/www.sappm-kongress.ch\" target=\"_blank\" rel=\"nofollow noopener\">Vers le site web du congr\u00e8s<\/a>\n                                    <a class=\"btn btn-full btn-ext\" href=\"https:\/\/www.sappm.ch\/kongress\/call-for-abstracts\/\" target=\"_blank\">Call for Abstracts<\/a>\n                                <\/div>\n            \n        <\/div>\n    <\/div>\n<\/div><\/div><\/div>\n<\/div><\/div>\n\n<div  class=\"block block-downloads pb-mittel\">\n    <div class=\"main-container\">\n        <div class=\"content-container\">\n            \n            <h2 class=\"d5\"><\/h2>\n            \n            <div class=\"downloads\">\n                                                                                       <a class=\"download\" href=\"https:\/\/www.sappm.ch\/wp-content\/uploads\/2025\/11\/SAPPM_Kongress_2026_save_the_date-1.pdf\" target=\"_blank\">\n                                Sauvegarder la date                            <\/a>\n                                                                        <\/div>\n\n        <\/div>\n    <\/div>\n<\/div>","protected":false},"excerpt":{"rendered":"","protected":false},"author":3,"featured_media":0,"parent":10323,"menu_order":0,"comment_status":"closed","ping_status":"closed","template":"tpl-kongress.php","meta":{"_acf_changed":false,"footnotes":""},"class_list":["post-12179","page","type-page","status-publish","hentry"],"acf":[],"_links":{"self":[{"href":"https:\/\/www.sappm.ch\/fr\/wp-json\/wp\/v2\/pages\/12179","targetHints":{"allow":["GET"]}}],"collection":[{"href":"https:\/\/www.sappm.ch\/fr\/wp-json\/wp\/v2\/pages"}],"about":[{"href":"https:\/\/www.sappm.ch\/fr\/wp-json\/wp\/v2\/types\/page"}],"author":[{"embeddable":true,"href":"https:\/\/www.sappm.ch\/fr\/wp-json\/wp\/v2\/users\/3"}],"replies":[{"embeddable":true,"href":"https:\/\/www.sappm.ch\/fr\/wp-json\/wp\/v2\/comments?post=12179"}],"version-history":[{"count":15,"href":"https:\/\/www.sappm.ch\/fr\/wp-json\/wp\/v2\/pages\/12179\/revisions"}],"predecessor-version":[{"id":20663,"href":"https:\/\/www.sappm.ch\/fr\/wp-json\/wp\/v2\/pages\/12179\/revisions\/20663"}],"up":[{"embeddable":true,"href":"https:\/\/www.sappm.ch\/fr\/wp-json\/wp\/v2\/pages\/10323"}],"wp:attachment":[{"href":"https:\/\/www.sappm.ch\/fr\/wp-json\/wp\/v2\/media?parent=12179"}],"curies":[{"name":"wp","href":"https:\/\/api.w.org\/{rel}","templated":true}]}}