{"id":12201,"date":"2025-02-14T18:51:55","date_gmt":"2025-02-14T17:51:55","guid":{"rendered":"https:\/\/www.sappm.ch\/?page_id=12201"},"modified":"2025-05-08T14:02:42","modified_gmt":"2025-05-08T12:02:42","slug":"inscription","status":"publish","type":"page","link":"https:\/\/www.sappm.ch\/fr\/congres-annuel\/inscription\/","title":{"rendered":"Inscription"},"content":{"rendered":"\n<div  class=\"block block-lead bg-element pb-mittel\">\n    <div class=\"main-container\">\n        <div class=\"content-container lead-font-size\">\n            Choisissez le billet d&rsquo;entr\u00e9e qui vous convient. Vous trouverez ici les plates-formes d&rsquo;inscription et de r\u00e9servation d&rsquo;h\u00f4tel pour le congr\u00e8s.\r\nNous vous enverrons directement les liens d&rsquo;inscription aux programmes cadres et aux ateliers \u00e0 une date ult\u00e9rieure.         <\/div>\n    <\/div>\n<\/div>\n\n\n<div  class=\"block block-content pb-mittel\">\n    <div class=\"main-container\">\n        <div class=\"content-container\">\n\n            \n            \n                            <div class=\"button-group\">\n                                   <a class=\"btn btn-full btn-ext\" href=\"https:\/\/ticino.e-vent.online\/web\/9FAAC5855EFE49719590449D328DCAB7\/FR\" target=\"_blank\" rel=\"nofollow noopener\">Inscrivez-vous maintenant au congr\u00e8s<\/a>\n                                <\/div>\n            \n        <\/div>\n    <\/div>\n<\/div>\n\n\n<div  class=\"block block-content pb-mittel\">\n    <div class=\"main-container\">\n        <div class=\"content-container\">\n\n            \n            \n                            <div class=\"button-group\">\n                                   <a class=\"btn btn-full btn-ext\" href=\"https:\/\/ticino.e-vent.online\/web\/8360AD1BBE874B1DA28F174D54863CF6\/FR%20\" target=\"_blank\" rel=\"nofollow noopener\">R\u00e9servez ici des nuits d&#039;h\u00f4tel<\/a>\n                                <\/div>\n            \n        <\/div>\n    <\/div>\n<\/div>","protected":false},"excerpt":{"rendered":"","protected":false},"author":3,"featured_media":0,"parent":10323,"menu_order":0,"comment_status":"closed","ping_status":"closed","template":"tpl-kongress.php","meta":{"_acf_changed":false,"footnotes":""},"class_list":["post-12201","page","type-page","status-publish","hentry"],"acf":[],"_links":{"self":[{"href":"https:\/\/www.sappm.ch\/fr\/wp-json\/wp\/v2\/pages\/12201","targetHints":{"allow":["GET"]}}],"collection":[{"href":"https:\/\/www.sappm.ch\/fr\/wp-json\/wp\/v2\/pages"}],"about":[{"href":"https:\/\/www.sappm.ch\/fr\/wp-json\/wp\/v2\/types\/page"}],"author":[{"embeddable":true,"href":"https:\/\/www.sappm.ch\/fr\/wp-json\/wp\/v2\/users\/3"}],"replies":[{"embeddable":true,"href":"https:\/\/www.sappm.ch\/fr\/wp-json\/wp\/v2\/comments?post=12201"}],"version-history":[{"count":5,"href":"https:\/\/www.sappm.ch\/fr\/wp-json\/wp\/v2\/pages\/12201\/revisions"}],"predecessor-version":[{"id":14437,"href":"https:\/\/www.sappm.ch\/fr\/wp-json\/wp\/v2\/pages\/12201\/revisions\/14437"}],"up":[{"embeddable":true,"href":"https:\/\/www.sappm.ch\/fr\/wp-json\/wp\/v2\/pages\/10323"}],"wp:attachment":[{"href":"https:\/\/www.sappm.ch\/fr\/wp-json\/wp\/v2\/media?parent=12201"}],"curies":[{"name":"wp","href":"https:\/\/api.w.org\/{rel}","templated":true}]}}