{"id":20516,"date":"2026-02-05T16:09:44","date_gmt":"2026-02-05T15:09:44","guid":{"rendered":"https:\/\/www.sappm.ch\/?page_id=20516"},"modified":"2026-02-17T10:34:54","modified_gmt":"2026-02-17T09:34:54","slug":"livres","status":"publish","type":"page","link":"https:\/\/www.sappm.ch\/fr\/livres\/","title":{"rendered":"Livres"},"content":{"rendered":"\n<div  class=\"block block-lead bg-element pb-mittel\">\n    <div class=\"main-container\">\n        <div class=\"content-container lead-font-size\">\n            Sur cette page, vous trouverez des informations sur les nouvelles publications scientifiques, les nouvelles \u00e9ditions ainsi que les ouvrages de r\u00e9f\u00e9rence en m\u00e9decine psychosomatique.\r\n        <\/div>\n    <\/div>\n<\/div>\n<div  class=\"block block-text-bild pb-mittel\">\n    <div class=\"main-container\">\n\n        <div class=\"columns-2\">\n                            <div class=\"column bild\">\n                    <img loading=\"lazy\" decoding=\"async\" width=\"600\" height=\"600\" src=\"https:\/\/www.sappm.ch\/wp-content\/uploads\/2026\/02\/international-600x600.png\" class=\"attachment-medium size-medium\" alt=\"\" srcset=\"https:\/\/www.sappm.ch\/wp-content\/uploads\/2026\/02\/international-600x600.png 600w, https:\/\/www.sappm.ch\/wp-content\/uploads\/2026\/02\/international-150x150.png 150w, https:\/\/www.sappm.ch\/wp-content\/uploads\/2026\/02\/international.png 719w\" sizes=\"auto, (max-width: 600px) 100vw, 600px\" \/>                <\/div>\n                            \n            <div class=\"column\">\n                \n                <p><strong>M\u00e9decine psychosomatique &#8211;  <\/strong><\/p>\n<p><strong>Un guide international pour le milieu des soins primaires  <\/strong><\/p>\n<p>Kurt Fritzsche, Susan H. McDaniel, Michael Wirsching (\u00e9d.) 3e \u00e9dition, Springer 2026<\/p>\n<p>Anglais, 593 pages, \u00e9galement disponible en eBook<\/p>\n<p>La nouvelle \u00e9dition de cet ouvrage de r\u00e9f\u00e9rence se distingue tout d&rsquo;abord par un \u00e9largissement des contributions nationales : Une vingtaine de rapports nationaux provenant de 4 continents \u00e9largissent le regard sur notre discipline \u00e0 une vision globale. Les rapports sur les zones de crise actuelles comme le Liban, la Syrie, la Palestine, Isra\u00ebl ou l&rsquo;Ukraine sont particuli\u00e8rement explicatifs et impressionnants. Les rapports des pays asiatiques fascinent \u00e0 leur tour par leur coloration culturelle et ethnologique diff\u00e9rente du th\u00e8me \u00ab\u00a0psychosomatique\u00a0\u00bb. Les rapports des pays occidentaux se caract\u00e9risent par une terminologie cart\u00e9sienne et un ancrage institutionnel relativement \u00e9lev\u00e9 de la discipline m\u00e9dicale.   <\/p>\n\n                                    <div class=\"button-group\">\n                                           <a class=\"btn btn-full btn-ext\" href=\"https:\/\/link.springer.com\/book\/10.1007\/978-3-032-11824-0%20\" target=\"_blank\" rel=\"nofollow noopener\">Lien vers le livre<\/a>\n                                        <\/div>\n                            <\/div>\n        <\/div>\n\n    <\/div>\n<\/div>\n<div  class=\"block block-text-bild pb-mittel\">\n    <div class=\"main-container\">\n\n        <div class=\"columns-2\">\n                            <div class=\"column bild\">\n                    <img loading=\"lazy\" decoding=\"async\" width=\"595\" height=\"600\" src=\"https:\/\/www.sappm.ch\/wp-content\/uploads\/2024\/07\/uex-595x600.png\" class=\"attachment-medium size-medium\" alt=\"\" srcset=\"https:\/\/www.sappm.ch\/wp-content\/uploads\/2024\/07\/uex-595x600.png 595w, https:\/\/www.sappm.ch\/wp-content\/uploads\/2024\/07\/uex-150x150.png 150w, https:\/\/www.sappm.ch\/wp-content\/uploads\/2024\/07\/uex.png 714w\" sizes=\"auto, (max-width: 595px) 100vw, 595px\" \/>                <\/div>\n                            \n            <div class=\"column\">\n                \n                <p><strong>Uexk\u00fcll &#8211; M\u00e9decine psychosomatique<\/strong><\/p>\n<p>Johannes Kruse et al. (\u00e9d.), 9e \u00e9dition, Elsevier 2025 <\/p>\n<p>Plus de 100 chapitres, tous mis \u00e0 jour, dont 39 enti\u00e8rement r\u00e9dig\u00e9s.<\/p>\n<p>Dans cette 9e \u00e9dition, der Uexk\u00fcll pr\u00e9sente \u00e0 nouveau tous les aspects de la m\u00e9decine psychosomatique de mani\u00e8re compl\u00e8te et approfondie. Conform\u00e9ment aux id\u00e9es de Thure von Uexk\u00fcll, l&rsquo;ouvrage vise \u00e0 promouvoir l&rsquo;int\u00e9gration de la pens\u00e9e psychosomatique dans toutes les sp\u00e9cialit\u00e9s m\u00e9dicales et ne se limite donc volontairement pas \u00e0 la sp\u00e9cialit\u00e9 de la psychosomatique et de la psychoth\u00e9rapie. L&rsquo;attitude th\u00e9rapeutique est d\u00e9terminante : le patient et sa r\u00e9alit\u00e9 individuelle, dont il faut tenir compte pour obtenir un r\u00e9sultat th\u00e9rapeutique optimal, sont au centre de l&rsquo;ouvrage. Aucune orientation th\u00e9rapeutique n&rsquo;est consid\u00e9r\u00e9e comme la seule valable, les diff\u00e9rentes explications et approches sont prises en compte.   <\/p>\n\n                                    <div class=\"button-group\">\n                                           <a class=\"btn btn-full btn-ext\" href=\"https:\/\/nalda.ch\/products\/9783437218354?tm=tt&#038;ap=gads&#038;aaid=adauAB6CZNUAT&#038;gad_source=1&#038;gclid=CjwKCAiAn9a9BhBtEiwAbKg6fh-6hxXd-fKLgG7pwNTwfAan7IHd0crRxasbjhSOTlgQAZ2R4soCixoC_9wQAvD_BwE\" target=\"_blank\" rel=\"nofollow noopener\">Lien vers le livre<\/a>\n                                        <\/div>\n                            <\/div>\n        <\/div>\n\n    <\/div>\n<\/div>\n<div  class=\"block block-text-bild pb-mittel\">\n    <div class=\"main-container\">\n\n        <div class=\"columns-2\">\n                            <div class=\"column bild\">\n                    <img loading=\"lazy\" decoding=\"async\" width=\"536\" height=\"541\" src=\"https:\/\/www.sappm.ch\/wp-content\/uploads\/2024\/07\/Migration-1.png\" class=\"attachment-medium size-medium\" alt=\"\" srcset=\"https:\/\/www.sappm.ch\/wp-content\/uploads\/2024\/07\/Migration-1.png 536w, https:\/\/www.sappm.ch\/wp-content\/uploads\/2024\/07\/Migration-1-150x150.png 150w\" sizes=\"auto, (max-width: 536px) 100vw, 536px\" \/>                <\/div>\n                            \n            <div class=\"column\">\n                \n                <p><b>M\u00e9decine des migrations et des r\u00e9fugi\u00e9s  <\/b><\/p>\n<p>A. Exadaktylos, O. Keidar, D. Srivastava, D.H. Paris (\u00e9d.), Hogrefe 2025<\/p>\n<p>Le livre sp\u00e9cialis\u00e9 \u00ab\u00a0Migrations- und Fl\u00fcchtlingsmedizin\u00a0\u00bb (M\u00e9decine des migrants et des r\u00e9fugi\u00e9s) est un ouvrage de r\u00e9f\u00e9rence sous forme condens\u00e9e et aide de mani\u00e8re fiable \u00e0 d\u00e9velopper des connaissances m\u00e9dicales empiriques pour les 20 principaux pays d&rsquo;origine et \u00e0 les appliquer en toute s\u00e9curit\u00e9.<\/p>\n<p>Les th\u00e8mes interprofessionnels suivants sont notamment abord\u00e9s dans le guide pratique :<\/p>\n<ul>\n<li>Comp\u00e9tence transculturelle dans la pratique clinique quotidienne<\/li>\n<li>Aspects physiques et psychologiques de la sant\u00e9 dans le contexte de la migration<\/li>\n<li>Maladies courantes par pays d&rsquo;origine et de transit<\/li>\n<li>Migration et sant\u00e9 tout au long de la vie (sp\u00e9cificit\u00e9s de la grossesse, des enfants et des personnes \u00e2g\u00e9es)<\/li>\n<li>Sant\u00e9 mentale du personnel m\u00e9dical<\/li>\n<li>Cadre juridique<\/li>\n<\/ul>\n\n                                    <div class=\"button-group\">\n                                           <a class=\"btn btn-full btn-ext\" href=\"https:\/\/www.hogrefe.com\/ch\/shop\/migrations-und-fluechtlingsmedizin-95887.html\" target=\"_blank\" rel=\"nofollow noopener\">Lien vers le livre<\/a>\n                                        <\/div>\n                            <\/div>\n        <\/div>\n\n    <\/div>\n<\/div>\n<div  class=\"block block-text-bild pb-mittel\">\n    <div class=\"main-container\">\n\n        <div class=\"columns-2\">\n                            <div class=\"column bild\">\n                    <img loading=\"lazy\" decoding=\"async\" width=\"519\" height=\"521\" src=\"https:\/\/www.sappm.ch\/wp-content\/uploads\/2024\/07\/Books4.png\" class=\"attachment-medium size-medium\" alt=\"\" srcset=\"https:\/\/www.sappm.ch\/wp-content\/uploads\/2024\/07\/Books4.png 519w, https:\/\/www.sappm.ch\/wp-content\/uploads\/2024\/07\/Books4-150x150.png 150w\" sizes=\"auto, (max-width: 519px) 100vw, 519px\" \/>                <\/div>\n                            \n            <div class=\"column\">\n                \n                <p><strong>Psychosomatique &#8211; neurobiologiquement fond\u00e9e et bas\u00e9e sur des preuves<\/strong><\/p>\n<p>Ulrich T. Egle, Christine Heim, Bernhard Strauss, Roland von K\u00e4nel (\u00e9d.) 2\u00e8me \u00e9dition, Kohlhammer 2024.<br \/>\nLe manuel est maintenant disponible dans une deuxi\u00e8me \u00e9dition r\u00e9vis\u00e9e.<br \/>\nAvec des contributions de plus de 170 auteurs.<\/p>\n<p>Ce manuel d&rsquo;enseignement et de r\u00e9f\u00e9rence propose, en 100 chapitres, un \u00e9tat des lieux actuel des bases biopsychosociales scientifiquement \u00e9tablies de la psychosomatique, afin de pr\u00e9senter, sur cette base, le diagnostic et le traitement des principales maladies psychosomatiques. Il est compl\u00e9t\u00e9 par des contributions sur l&rsquo;histoire de la psychosomatique, l&rsquo;\u00e9pid\u00e9miologie, l&rsquo;\u00e9conomie de la sant\u00e9, la pr\u00e9vention psychosociale, la m\u00e9decine sociale et l&rsquo;expertise. <\/p>\n\n                                    <div class=\"button-group\">\n                                           <a class=\"btn btn-full btn-ext\" href=\"http:\/\/www.kohlhammer.de\/go.php?isbn=978-3-17-041384-9\" target=\"_blank\" rel=\"nofollow noopener\">Lien vers le livre<\/a>\n                                        <\/div>\n                            <\/div>\n        <\/div>\n\n    <\/div>\n<\/div>\n<div  class=\"block block-text-bild pb-mittel\">\n    <div class=\"main-container\">\n\n        <div class=\"columns-2\">\n                            <div class=\"column bild\">\n                    <img loading=\"lazy\" decoding=\"async\" width=\"496\" height=\"498\" src=\"https:\/\/www.sappm.ch\/wp-content\/uploads\/2024\/07\/Books3.png\" class=\"attachment-medium size-medium\" alt=\"\" srcset=\"https:\/\/www.sappm.ch\/wp-content\/uploads\/2024\/07\/Books3.png 496w, https:\/\/www.sappm.ch\/wp-content\/uploads\/2024\/07\/Books3-150x150.png 150w\" sizes=\"auto, (max-width: 496px) 100vw, 496px\" \/>                <\/div>\n                            \n            <div class=\"column\">\n                \n                <p><strong>DOULEURS ET \u00c9MOTIONS<\/strong><\/p>\n<p>Anne-Fran\u00e7oise Allaz, Vigot, 2021<\/p>\n<p>Les douleurs chroniques, qui affectent 20% de la population, sont-elles une fatalit\u00e9 ?<\/p>\n<p>En int\u00e9grant les dimensions \u00e9motionnelles \u00e0 leur engagement dans des th\u00e9rapies combin\u00e9es, les personnes qui souffrent peuvent influencer positivement les syst\u00e8mes de contr\u00f4le de la douleur.<\/p>\n\n                                    <div class=\"button-group\">\n                                           <a class=\"btn btn-full btn-ext\" href=\"https:\/\/www.unitheque.com\/douleur-emotions\/vigot\/Livre\/355103\" target=\"_blank\" rel=\"nofollow noopener\">Lien vers le livre<\/a>\n                                        <\/div>\n                            <\/div>\n        <\/div>\n\n    <\/div>\n<\/div>\n<div  class=\"block block-text-bild pb-mittel\">\n    <div class=\"main-container\">\n\n        <div class=\"columns-2\">\n                            <div class=\"column bild\">\n                    <img loading=\"lazy\" decoding=\"async\" width=\"582\" height=\"579\" src=\"https:\/\/www.sappm.ch\/wp-content\/uploads\/2024\/07\/Books5.png\" class=\"attachment-medium size-medium\" alt=\"\" srcset=\"https:\/\/www.sappm.ch\/wp-content\/uploads\/2024\/07\/Books5.png 582w, https:\/\/www.sappm.ch\/wp-content\/uploads\/2024\/07\/Books5-150x150.png 150w\" sizes=\"auto, (max-width: 582px) 100vw, 582px\" \/>                <\/div>\n                            \n            <div class=\"column\">\n                \n                <p><strong>M\u00e9decine psychosomatique g\u00e9n\u00e9rale<\/strong><\/p>\n<p>Peter Henningsen, Springer 2021<\/p>\n<p>Dans ce livre destin\u00e9 aux m\u00e9decins int\u00e9ress\u00e9s par la psychosomatique, les divers d\u00e9veloppements empiriques et conceptuels qui ont eu lieu depuis la seconde moiti\u00e9 du XXe si\u00e8cle sont rassembl\u00e9s et r\u00e9fl\u00e9chis en fonction de leur signification clinique. Le point de d\u00e9part scientifique et th\u00e9orique de la m\u00e9decine psychosomatique en relation avec le sujet est particuli\u00e8rement abord\u00e9. <\/p>\n\n                                    <div class=\"button-group\">\n                                           <a class=\"btn btn-full btn-ext\" href=\"https:\/\/link.springer.com\/book\/10.1007\/978-3-662-63324-3\" target=\"_blank\" rel=\"nofollow noopener\">Lien vers le livre<\/a>\n                                        <\/div>\n                            <\/div>\n        <\/div>\n\n    <\/div>\n<\/div>","protected":false},"excerpt":{"rendered":"","protected":false},"author":3,"featured_media":0,"parent":0,"menu_order":0,"comment_status":"closed","ping_status":"closed","template":"","meta":{"_acf_changed":false,"footnotes":""},"class_list":["post-20516","page","type-page","status-publish","hentry"],"acf":[],"_links":{"self":[{"href":"https:\/\/www.sappm.ch\/fr\/wp-json\/wp\/v2\/pages\/20516","targetHints":{"allow":["GET"]}}],"collection":[{"href":"https:\/\/www.sappm.ch\/fr\/wp-json\/wp\/v2\/pages"}],"about":[{"href":"https:\/\/www.sappm.ch\/fr\/wp-json\/wp\/v2\/types\/page"}],"author":[{"embeddable":true,"href":"https:\/\/www.sappm.ch\/fr\/wp-json\/wp\/v2\/users\/3"}],"replies":[{"embeddable":true,"href":"https:\/\/www.sappm.ch\/fr\/wp-json\/wp\/v2\/comments?post=20516"}],"version-history":[{"count":1,"href":"https:\/\/www.sappm.ch\/fr\/wp-json\/wp\/v2\/pages\/20516\/revisions"}],"predecessor-version":[{"id":20519,"href":"https:\/\/www.sappm.ch\/fr\/wp-json\/wp\/v2\/pages\/20516\/revisions\/20519"}],"wp:attachment":[{"href":"https:\/\/www.sappm.ch\/fr\/wp-json\/wp\/v2\/media?parent=20516"}],"curies":[{"name":"wp","href":"https:\/\/api.w.org\/{rel}","templated":true}]}}