{"id":3407,"date":"2024-07-02T09:21:08","date_gmt":"2024-07-02T07:21:08","guid":{"rendered":"https:\/\/xawekybe.cyon.site\/?page_id=3407"},"modified":"2024-09-14T19:36:47","modified_gmt":"2024-09-14T17:36:47","slug":"ordonnance-de-psychotherapie-psychologique","status":"publish","type":"page","link":"https:\/\/www.sappm.ch\/fr\/ordonnance-de-psychotherapie-psychologique\/","title":{"rendered":"Prescription de psychoth\u00e9rapie dispens\u00e9e par un.e psychologue"},"content":{"rendered":"\n<div  class=\"block block-lead bg-element pb-gross\">\n    <div class=\"main-container\">\n        <div class=\"content-container lead-font-size\">\n            Pour le traitement des patients complexes, il est parfois int\u00e9ressant de travailler en \u00ab\u00a0triade\u00a0\u00bb interprofessionnelle : m\u00e9decin, physioth\u00e9rapeute et psychologue. Les r\u00e8gles de prescription de la physioth\u00e9rapie sont bien connues et sont semblables dans tous les domaines m\u00e9dicaux. Il en va diff\u00e9remment de la prescription d&rsquo;une psychoth\u00e9rapie dispens\u00e9e par un.e psychologue. Voici les r\u00e8gles qui doivent \u00eatre respect\u00e9es par les titulaires de la FAI MPP.        <\/div>\n    <\/div>\n<\/div>\n\n\n<div  class=\"block block-content pb-mittel\">\n    <div class=\"main-container\">\n        <div class=\"content-container\">\n\n                            <h2 class=\"d5\">Processus de prescription pour la psychoth\u00e9rapie psychologique<\/h2>\n            \n            <ol>\n<li>Les titulaires de la FAI MPP sont autoris\u00e9s \u00e0 prescrire une psychoth\u00e9rapie par un.e psychologue. Vous trouverez ici le <a href=\"https:\/\/www.sappm.ch\/dokumente-downloads\/\"><u>formulaire de prescription.<\/u><\/a><\/li>\n<li>Cette premi\u00e8re prescription peut \u00eatre prolong\u00e9e de 15 s\u00e9ances suppl\u00e9mentaires apr\u00e8s 15 s\u00e9ances, sans grande difficult\u00e9 administrative (avec le m\u00eame formulaire).<\/li>\n<li>S&rsquo;il s&rsquo;av\u00e8re qu&rsquo;une psychoth\u00e9rapie prescrite n\u00e9cessite plus de 30 s\u00e9ances, une demande d&rsquo;autorisation est n\u00e9cessaire. <a href=\"https:\/\/www.sappm.ch\/dokumente-downloads\/\"><u>Demande de prolongation<\/u><\/a>. Contrairement aux m\u00e9decins de famille et aux p\u00e9diatres, les titulaires de la FAI MPP peuvent faire cette demande de prolongation de mani\u00e8re autonome (c&rsquo;est-\u00e0-dire sans recourir \u00e0 une \u00e9valuation externe suppl\u00e9mentaire par un.e sp\u00e9cialiste en psychiatrie et psychoth\u00e9rapie).<\/li>\n<li>Dans l&rsquo;id\u00e9al, le.la psychologue traitant.e (\u00e0 partir de la 25e s\u00e9ance environ) r\u00e9dige un rapport d&rsquo;\u00e9volution \u00e0 l&rsquo;attention du prescripteur \u00e0 l&rsquo;aide du formulaire de demande de prolongation propre \u00e0 l&rsquo;ASMPP<\/li>\n<li>Le m\u00e9decin prescripteur compl\u00e8te ce formulaire de demande de prolongation avec les informations n\u00e9cessaires (justification de la prolongation) sur la page de garde et envoie la demande compl\u00e8te au m\u00e9decin-conseil de l&rsquo;assurance maladie. La derni\u00e8re page du formulaire indique les voies de recours \u00e0 l&rsquo;attention de l&rsquo;assureur de la caisse maladie.<\/li>\n<li>Il va de soi que cette proc\u00e9dure de demande ne s&rsquo;applique qu&rsquo;aux psychoth\u00e9rapies d\u00e9livr\u00e9es par les psychologues sur prescription (anciennement : \u00ab\u00a0psychoth\u00e9rapie d\u00e9l\u00e9gu\u00e9e\u00a0\u00bb), et non \u00e0 l&rsquo;activit\u00e9 de th\u00e9rapie psychosomatique <em>m\u00e9dicale<\/em> propre aux titulaires de la FAI MPP.<\/li>\n<\/ol>\n\n            \n        <\/div>\n    <\/div>\n<\/div>\n\n\n<div  class=\"block block-text-bild pb-mittel\">\n    <div class=\"main-container\">\n\n        <div class=\"columns-2\">\n                            <div class=\"column bild\">\n                    <img loading=\"lazy\" decoding=\"async\" width=\"600\" height=\"597\" src=\"https:\/\/www.sappm.ch\/wp-content\/uploads\/2024\/07\/Abb4444444-600x597.png\" class=\"attachment-medium size-medium\" alt=\"\" srcset=\"https:\/\/www.sappm.ch\/wp-content\/uploads\/2024\/07\/Abb4444444-600x597.png 600w, https:\/\/www.sappm.ch\/wp-content\/uploads\/2024\/07\/Abb4444444-150x150.png 150w, https:\/\/www.sappm.ch\/wp-content\/uploads\/2024\/07\/Abb4444444.png 717w\" sizes=\"auto, (max-width: 600px) 100vw, 600px\" \/>                <\/div>\n                            \n            <div class=\"column\">\n                \n                <p><strong>Vous \u00eates membre de l&rsquo;ASMPP et vous avez le projet de d\u00e9velopper une pratique m\u00e9dicale centr\u00e9e principalement sur l&rsquo;approche psychosomatique ?<\/strong><\/p>\n<p>Les coll\u00e8gues suivants sont pr\u00eats \u00e0 r\u00e9pondre \u00e0 vos questions pratiques (sans engagement) :<\/p>\n<p><strong>Dr. med. Barbara Riedl<\/strong>, FMH M\u00e9decine Interne G\u00e9n\u00e9rale, sp\u00e9c. en M\u00e9decine Psychosomatique et Psychosociale ASMPP, Burgdorf <a href=\"mailto:dr.riedl@hin.ch\">dr.riedl@hin.ch<\/a><\/p>\n<p><strong>Dr<\/strong>. <strong>m\u00e9d. Alexander Minzer<\/strong>, FMH M\u00e9decine Interne G\u00e9n\u00e9rale, sp\u00e9c. en M\u00e9decine Psychosomatique et Psychosociale ASMPP, Rothrist <a href=\"mailto:Alexander.Minzer@hin.ch\">alexander.minzer@hin.ch<\/a><\/p>\n<p><strong>Dre m\u00e9d. Anne Pelet<\/strong>, FMH M\u00e9decine Interne G\u00e9n\u00e9rale, sp\u00e9c. en M\u00e9decine Psychosomatique et Psychosociale ASMPP, M\u00e9decine de l&rsquo;addiction, Neuch\u00e2tel <a href=\"mailto:anne.pelet@hin.ch\">anne.pelet@hin.ch<\/a><\/p>\n\n                            <\/div>\n        <\/div>\n\n    <\/div>\n<\/div>\n\n\n<div  class=\"block block-content pb-mittel\">\n    <div class=\"main-container\">\n        <div class=\"content-container\">\n\n            \n            <p>&nbsp;<\/p>\n<p>&nbsp;<\/p>\n<p>&nbsp;<\/p>\n<p>&nbsp;<\/p>\n\n            \n        <\/div>\n    <\/div>\n<\/div>","protected":false},"excerpt":{"rendered":"","protected":false},"author":1,"featured_media":6083,"parent":0,"menu_order":0,"comment_status":"closed","ping_status":"closed","template":"","meta":{"_acf_changed":false,"footnotes":""},"class_list":["post-3407","page","type-page","status-publish","has-post-thumbnail","hentry"],"acf":[],"_links":{"self":[{"href":"https:\/\/www.sappm.ch\/fr\/wp-json\/wp\/v2\/pages\/3407","targetHints":{"allow":["GET"]}}],"collection":[{"href":"https:\/\/www.sappm.ch\/fr\/wp-json\/wp\/v2\/pages"}],"about":[{"href":"https:\/\/www.sappm.ch\/fr\/wp-json\/wp\/v2\/types\/page"}],"author":[{"embeddable":true,"href":"https:\/\/www.sappm.ch\/fr\/wp-json\/wp\/v2\/users\/1"}],"replies":[{"embeddable":true,"href":"https:\/\/www.sappm.ch\/fr\/wp-json\/wp\/v2\/comments?post=3407"}],"version-history":[{"count":4,"href":"https:\/\/www.sappm.ch\/fr\/wp-json\/wp\/v2\/pages\/3407\/revisions"}],"predecessor-version":[{"id":6599,"href":"https:\/\/www.sappm.ch\/fr\/wp-json\/wp\/v2\/pages\/3407\/revisions\/6599"}],"wp:featuredmedia":[{"embeddable":true,"href":"https:\/\/www.sappm.ch\/fr\/wp-json\/wp\/v2\/media\/6083"}],"wp:attachment":[{"href":"https:\/\/www.sappm.ch\/fr\/wp-json\/wp\/v2\/media?parent=3407"}],"curies":[{"name":"wp","href":"https:\/\/api.w.org\/{rel}","templated":true}]}}