{"id":3758,"date":"2024-06-22T15:51:12","date_gmt":"2024-06-22T13:51:12","guid":{"rendered":"https:\/\/xawekybe.cyon.site\/?page_id=3758"},"modified":"2025-04-30T09:01:04","modified_gmt":"2025-04-30T07:01:04","slug":"titre-de-formation-approfondie-interdisciplinaire","status":"publish","type":"page","link":"https:\/\/www.sappm.ch\/fr\/titre-de-formation-approfondie-interdisciplinaire\/","title":{"rendered":"Titre de formation approfondie interdisciplinaire"},"content":{"rendered":"\n<div  class=\"block block-lead bg-element pb-gross\">\n    <div class=\"main-container\">\n        <div class=\"content-container lead-font-size\">\n            En Suisse, l&rsquo;expertise m\u00e9dicale en m\u00e9decine psychosomatique et psychosociale est r\u00e9glement\u00e9e en tant que titre de formation approfondie interdisciplinaire (FAI) (art. 50 et suivants de la RFP ISFM).  \r\n\r\nL&rsquo;ASMPP est la soci\u00e9t\u00e9 mandat\u00e9e par l&rsquo;ISFM pour assurer la promulgation et la mise en \u0153uvre du titre de formation approfondie interdisciplinaire en Suisse. Il existe diff\u00e9rentes variantes de cursus de formation postgradu\u00e9e permettant d&rsquo;obtenir le titre de formation approfondie. \r\n                                                                                            <\/div>\n    <\/div>\n<\/div>\n\n\n<div  class=\"block block-content pb-mittel\">\n    <div class=\"main-container\">\n        <div class=\"content-container\">\n\n                            <h2 class=\"d5\">Obtenir un titre de sp\u00e9cialisation<\/h2>\n            \n            <div id=\"c612\" class=\"csc-frame csc-frame-default\">\n<p>\u00ab\u00a0M\u00e9decine psychosomatique et psychosociale\u00a0\u00bb est un <a href=\"https:\/\/www.siwf.ch\/weiterbildung\/schwerpunkte.cfm\" rel=\"nofollow noopener\" target=\"_blank\">titre de formation approfondie interdisciplinaire<\/a> reconnu par la FMH \/ l&rsquo;ISFM (art. 50 et suivants de la RFP ISFM). Le titre est prot\u00e9g\u00e9. Il atteste en premier lieu vers l&rsquo;ext\u00e9rieur que le\/la porteur\/trice du titre dispose d&rsquo;une formation postgradu\u00e9e approfondie en m\u00e9decine psychosomatique et psychosociale. Les avantages li\u00e9s au titre concernent la mise au concours, la protection en cas de contr\u00f4le d&rsquo;\u00e9conomicit\u00e9 et la garantie des droits acquis.<\/p>\n<\/div>\n<div id=\"c566\" class=\"csc-frame csc-frame-default\">\n<p>&nbsp;<\/p>\n<p class=\"bodytext\">Depuis 2009<strong>,<\/strong> il existe \u00e9galement une position tarifaire TARMED 00.0525 r\u00e9serv\u00e9e aux porteurs de titres ASMPP. Dans le futur TARDOC, une position sp\u00e9cifique figurera dans le chapitre \u00ab\u00a0Soins sp\u00e9cifiques\u00a0\u00bb (JZ).<\/p>\n<\/div>\n\n            \n        <\/div>\n    <\/div>\n<\/div>\n\n\n<div class=\"block block-akkordeon pb-mittel\">\n    <div class=\"main-container\">\n        <h2><\/h2>\n                    <div class=\"accordion agenda-item\">\n                                    <div class=\"accordion-item\">\n                        <div class=\"accordion-toggle dark\">\n                            <div class=\"infos transition\">\n                                <span class=\"text\">Plus d&rsquo;infos<\/span>\n                                <span class=\"icon-more\"><\/span>\n                                <span class=\"icon-less\"><\/span>\n                            <\/div>\n                            <div class=\"inner\">\n                                <h3 class=\"d6 agenda-title\">Conditions pr\u00e9alables<\/h3>\n                            <\/div>\n                        <\/div>\n                        <div class=\"accordion-content\">\n                            <div class=\"inner\">\n                                <p>Pour obtenir le titre de formation approfondie, il faut avoir achev\u00e9 une formation de sp\u00e9cialiste et avoir suivi un cursus de formation postgradu\u00e9e correctement attest\u00e9 sur le plan quantitatif et qualitatif d&rsquo;au moins 360 cr\u00e9dits de formation postgradu\u00e9e reconnus par l&rsquo;ASMPP, conform\u00e9ment au programme de formation postgradu\u00e9e<a href=\"https:\/\/www.siwf.ch\/files\/pdf23\/psychosomatische_psychosoziale_medizin_d.pdf\" rel=\"nofollow noopener\" target=\"_blank\">\u00ab\u00a0M\u00e9decine psychosomatique et psychosociale SAPPM<\/a>\u00a0\u00bb (derni\u00e8re r\u00e9vision en 2019).<\/p>\n<p>Le maintien du titre de formation approfondie exige chaque ann\u00e9e un volume de formation continue obligatoire d&rsquo;au moins 20 cr\u00e9dits de formation continue reconnus par l&rsquo;ASMPP.<\/p>\n                            <\/div>\n                        <\/div>\n                    <\/div>\n                                    <div class=\"accordion-item\">\n                        <div class=\"accordion-toggle dark\">\n                            <div class=\"infos transition\">\n                                <span class=\"text\">Plus d&rsquo;infos<\/span>\n                                <span class=\"icon-more\"><\/span>\n                                <span class=\"icon-less\"><\/span>\n                            <\/div>\n                            <div class=\"inner\">\n                                <h3 class=\"d6 agenda-title\">Crit\u00e8res de reconnaissance des offres de formation  <\/h3>\n                            <\/div>\n                        <\/div>\n                        <div class=\"accordion-content\">\n                            <div class=\"inner\">\n                                <p>Les formations dispens\u00e9es par les <a href=\"https:\/\/www.sappm.ch\/kliniken-weiterbildungsstaetten\/\" target=\"_blank\" rel=\"noopener\">instituts de formation postgradu\u00e9e (WBI), les centres de formation postgradu\u00e9e (WBS), les modules de formation postgradu\u00e9e (WBM) et les offres partielles de formation postgradu\u00e9e (WBTA)<\/a> suisses certifi\u00e9s par l&rsquo;ASMPP &#8211; ci-apr\u00e8s d\u00e9nomm\u00e9s \u00ab\u00a0institutions\u00a0\u00bb &#8211; sont reconnues sans restriction pour l&rsquo;obtention du titre d&rsquo;iSP. Les institutions mentionn\u00e9es ci-dessus proposent plusieurs options de cursus de formation postgradu\u00e9e.<\/p>\n                            <\/div>\n                        <\/div>\n                    <\/div>\n                                    <div class=\"accordion-item\">\n                        <div class=\"accordion-toggle dark\">\n                            <div class=\"infos transition\">\n                                <span class=\"text\">Plus d&rsquo;infos<\/span>\n                                <span class=\"icon-more\"><\/span>\n                                <span class=\"icon-less\"><\/span>\n                            <\/div>\n                            <div class=\"inner\">\n                                <h3 class=\"d6 agenda-title\">Reconnaissance de la formation continue \u00e9trang\u00e8re<\/h3>\n                            <\/div>\n                        <\/div>\n                        <div class=\"accordion-content\">\n                            <div class=\"inner\">\n                                <p class=\"bodytext\">La reconnaissance de la formation postgradu\u00e9e \u00e9trang\u00e8re se fait de mani\u00e8re analogue \u00e0 l&rsquo;art. 33 de la RFP de l&rsquo;ISFM : le total des heures de formation reconnues et accomplies dans des institutions \u00e9trang\u00e8res ne peut pas d\u00e9passer la moiti\u00e9 des cr\u00e9dits exig\u00e9s pour l&rsquo;iSP (max. 180 cr\u00e9dits sur 360). Les heures restantes doivent \u00eatre accomplies dans l&rsquo;une des institutions suisses mentionn\u00e9es. L&rsquo;accord de la Commission des titres pour des exceptions particuli\u00e8res \u00e0 cette r\u00e8gle doit \u00eatre obtenu au pr\u00e9alable par le\/la candidat(e).<\/p>\n<p class=\"bodytext\">Exigences pour qu&rsquo;une formation \u00e0 l&rsquo;ext\u00e9rieur soit reconnue :<\/p>\n<ul>\n<li>L&rsquo;institution, la soci\u00e9t\u00e9 ou le formateur doivent \u00eatre membres de l&rsquo;EAPM (International Association of Psychosomatic Medicine) ou d&rsquo;un organisme de formation psychosomatique reconnu au niveau national au moment de la formation du candidat. Les formateurs doivent avoir suivi une formation \u00e9quivalente \u00e0 celle des formateurs ASMPP.<\/li>\n<li>L&rsquo;organisme de formation doit attester par \u00e9crit, sous la forme d&rsquo;une liste des sujets trait\u00e9s, que les contenus appropri\u00e9s, c&rsquo;est-\u00e0-dire ceux requis pour le FAI, ont \u00e9t\u00e9 enseign\u00e9s. Ces \u00e9l\u00e9ments doivent \u00eatre r\u00e9partis entre th\u00e9orie, comp\u00e9tences et supervision.<\/li>\n<li>Si le candidat n&rsquo;a suivi qu&rsquo;une partie de la formation aupr\u00e8s d&rsquo;une instance \u00e9trang\u00e8re correspondante, une attestation est n\u00e9cessaire et le reste de la formation doit \u00eatre attest\u00e9 dans l&rsquo;une des institutions suisses mentionn\u00e9es.<\/li>\n<li>Le titre de sp\u00e9cialiste en m\u00e9decine psychosomatique obtenu en Allemagne constitue une exception et est enti\u00e8rement reconnu. Les titres de sp\u00e9cialisation analogues d\u00e9livr\u00e9s dans d&rsquo;autres pays seront examin\u00e9s au cas par cas.<\/li>\n<li>La t\u00e2che de faire les recherches n\u00e9cessaires et de fournir les documents requis incombe au candidat. Les documents doivent \u00eatre officiellement traduits dans l&rsquo;une des langues nationales suisses.<\/li>\n<\/ul>\n                            <\/div>\n                        <\/div>\n                    <\/div>\n                                    <div class=\"accordion-item\">\n                        <div class=\"accordion-toggle dark\">\n                            <div class=\"infos transition\">\n                                <span class=\"text\">Plus d&rsquo;infos<\/span>\n                                <span class=\"icon-more\"><\/span>\n                                <span class=\"icon-less\"><\/span>\n                            <\/div>\n                            <div class=\"inner\">\n                                <h3 class=\"d6 agenda-title\">Titulaires: Psychiatrie et Psychoth\u00e9rapie FMH<\/h3>\n                            <\/div>\n                        <\/div>\n                        <div class=\"accordion-content\">\n                            <div class=\"inner\">\n                                <p class=\"bodytext\">Le seul titre de sp\u00e9cialiste en psychiatrie et psychoth\u00e9rapie n&rsquo;\u00e9quivaut pas \u00e0 l&rsquo;obtention du titre FAI. 30% de la formation (c&rsquo;est-\u00e0-dire 120h r\u00e9parties entre th\u00e9orie, comp\u00e9tences et supervision) doit porter sur la m\u00e9decine psychosomatique sp\u00e9cifique ou avoir \u00e9t\u00e9 acquise dans une des institutions reconnues par l&rsquo;ASMPP.<\/p>\n                            <\/div>\n                        <\/div>\n                    <\/div>\n                                    <div class=\"accordion-item\">\n                        <div class=\"accordion-toggle dark\">\n                            <div class=\"infos transition\">\n                                <span class=\"text\">Plus d&rsquo;infos<\/span>\n                                <span class=\"icon-more\"><\/span>\n                                <span class=\"icon-less\"><\/span>\n                            <\/div>\n                            <div class=\"inner\">\n                                <h3 class=\"d6 agenda-title\">Certificat de psychoth\u00e9rapeute d\u00e9l\u00e9gu\u00e9<\/h3>\n                            <\/div>\n                        <\/div>\n                        <div class=\"accordion-content\">\n                            <div class=\"inner\">\n                                <p>L&rsquo;acquisition du (ancien) certificat de capacit\u00e9 en psychoth\u00e9rapie d\u00e9l\u00e9gu\u00e9e \u00e9tait de 60h de formation. Cette formation de base et les certifications respectives (si elles sont reconnues) peuvent \u00eatre prises en compte pour l&rsquo;obtention du titre FAI.<\/p>\n                            <\/div>\n                        <\/div>\n                    <\/div>\n                                    <div class=\"accordion-item\">\n                        <div class=\"accordion-toggle dark\">\n                            <div class=\"infos transition\">\n                                <span class=\"text\">Plus d&rsquo;infos<\/span>\n                                <span class=\"icon-more\"><\/span>\n                                <span class=\"icon-less\"><\/span>\n                            <\/div>\n                            <div class=\"inner\">\n                                <h3 class=\"d6 agenda-title\">Certificat d&rsquo;aptitude \u00e0 l&rsquo;hypnose m\u00e9dicale SMSH<\/h3>\n                            <\/div>\n                        <\/div>\n                        <div class=\"accordion-content\">\n                            <div class=\"inner\">\n                                <p>Depuis 2017, il existe un accord de reconnaissance mutuelle entre l&rsquo;ASMPP et la SMSH (Soci\u00e9t\u00e9 m\u00e9dicale suisse d&rsquo;hypnose), selon lequel les titulaires de la formation approfondie en hypnose m\u00e9dicale de la SMSH se voient reconna\u00eetre 120 cr\u00e9dits pour le titre FAI, \u00e0 savoir 29 cr\u00e9dits de th\u00e9orie, 61 cr\u00e9dits de comp\u00e9tences et 30 cr\u00e9dits d&rsquo;intervision.<\/p>\n                            <\/div>\n                        <\/div>\n                    <\/div>\n                            <\/div>\n            <\/div>\n<\/div>\n\n\n\n<div  class=\"block block-content pb-mittel\">\n    <div class=\"main-container\">\n        <div class=\"content-container\">\n\n                            <h2 class=\"d5\">Faire une demande de titre<\/h2>\n            \n            <p>Les demandeurs sont responsables du remplissage correct et complet des demandes. Les \u00e9valuations pr\u00e9alables, par exemple sur les cr\u00e9dits encore n\u00e9cessaires ou autres demandes pr\u00e9alables, sont factur\u00e9es s\u00e9par\u00e9ment \u00e0 un prix forfaitaire. Vous pouvez envoyer vos demandes par e-mail \u00e0 <a href=\"mailto:info@sappm.ch\">info@sappm.ch<\/a>.  <\/p>\n\n                            <div class=\"button-group\">\n                                   <a class=\"btn btn-full btn-arrow\" href=\"https:\/\/www.sappm.ch\/antragsformular-isp-sappm\/\" target=\"_self\">Faites votre demande maintenant  <\/a>\n                                <\/div>\n            \n        <\/div>\n    <\/div>\n<\/div>\n\n\n<div  class=\"block block-text-bild pb-mittel\">\n    <div class=\"main-container\">\n\n        <div class=\"columns-2\">\n                            <div class=\"column bild\">\n                    <img loading=\"lazy\" decoding=\"async\" width=\"600\" height=\"558\" src=\"https:\/\/www.sappm.ch\/wp-content\/uploads\/2024\/07\/Abb1-600x558.png\" class=\"attachment-medium size-medium\" alt=\"\" srcset=\"https:\/\/www.sappm.ch\/wp-content\/uploads\/2024\/07\/Abb1-600x558.png 600w, https:\/\/www.sappm.ch\/wp-content\/uploads\/2024\/07\/Abb1-768x714.png 768w, https:\/\/www.sappm.ch\/wp-content\/uploads\/2024\/07\/Abb1.png 774w\" sizes=\"auto, (max-width: 600px) 100vw, 600px\" \/>                <\/div>\n                            \n            <div class=\"column\">\n                \n                <p><strong>Quel est le parcours de formation continue qui me convient le mieux ?<\/strong><\/p>\n<p>Adapt\u00e9 \u00e0 votre situation de travail et de vie, vous trouverez la solution sur mesure.<\/p>\n\n                                    <div class=\"button-group\">\n                                           <a class=\"btn btn-full btn-ext\" href=\"https:\/\/www.sappm.ch\/weiterbildungs-curricula\/\" target=\"_blank\">Cursus de formation continue<\/a>\n                                        <\/div>\n                            <\/div>\n        <\/div>\n\n    <\/div>\n<\/div>\n\n\n<div  class=\"block block-content pb-mittel\">\n    <div class=\"main-container\">\n        <div class=\"content-container\">\n\n                            <h2 class=\"d5\">Recertifier les titres de formation approfondie<\/h2>\n            \n            <p>Le FAI ASMPP doit \u00eatre recertifi\u00e9 tous les 5 ans. Pour cela, il faut justifier d&rsquo;un minimum de 20 cr\u00e9dits de formation psychosomatique et\/ou psychosociale (accr\u00e9dit\u00e9s par l&rsquo;ASMPP) par an.<\/p>\n<p>Sur ces 20 cr\u00e9dits minimum, au moins 6 \u00e0 8 cr\u00e9dits de formation continue en m\u00e9decine psychosomatique et\/ou psychosociale doivent \u00eatre suivis, et au moins 12 \u00e0 14 cr\u00e9dits de supervision \/ intervision.<\/p>\n<p>Le superviseur ou les participants \u00e0 l&rsquo;intervision (au moins 3 personnes) se confirment mutuellement leur participation r\u00e9guli\u00e8re. Dans l&rsquo;id\u00e9al et pour leur propre protection, une liste est tenue, dans laquelle il est not\u00e9 qui a pr\u00e9sent\u00e9 quel patient (initiales) et \u00e0 quelle s\u00e9ance.<\/p>\n<p>Si les conditions de recertification ne sont pas remplies, la sp\u00e9cialisation interdisciplinaire expire \u00e0 la fin de l&rsquo;ann\u00e9e civile au cours de laquelle la recertification est due.<\/p>\n<p>L&rsquo;enseignement des formations accr\u00e9dit\u00e9es par l&rsquo;ASMPP est reconnu pour la recertification. Les activit\u00e9s de supervision en tant que superviseur agr\u00e9\u00e9 par l&rsquo;ASMPP sont reconnues comme supervision.<\/p>\n\n                            <div class=\"button-group\">\n                                   <a class=\"btn btn-full btn-arrow\" href=\"https:\/\/www.sappm.ch\/rezertifizierung-beantragen\/\" target=\"_self\">Faire une demande de recertification<\/a>\n                                <\/div>\n            \n        <\/div>\n    <\/div>\n<\/div>","protected":false},"excerpt":{"rendered":"","protected":false},"author":1,"featured_media":2893,"parent":0,"menu_order":0,"comment_status":"closed","ping_status":"closed","template":"","meta":{"_acf_changed":false,"footnotes":""},"class_list":["post-3758","page","type-page","status-publish","has-post-thumbnail","hentry"],"acf":[],"_links":{"self":[{"href":"https:\/\/www.sappm.ch\/fr\/wp-json\/wp\/v2\/pages\/3758","targetHints":{"allow":["GET"]}}],"collection":[{"href":"https:\/\/www.sappm.ch\/fr\/wp-json\/wp\/v2\/pages"}],"about":[{"href":"https:\/\/www.sappm.ch\/fr\/wp-json\/wp\/v2\/types\/page"}],"author":[{"embeddable":true,"href":"https:\/\/www.sappm.ch\/fr\/wp-json\/wp\/v2\/users\/1"}],"replies":[{"embeddable":true,"href":"https:\/\/www.sappm.ch\/fr\/wp-json\/wp\/v2\/comments?post=3758"}],"version-history":[{"count":20,"href":"https:\/\/www.sappm.ch\/fr\/wp-json\/wp\/v2\/pages\/3758\/revisions"}],"predecessor-version":[{"id":14237,"href":"https:\/\/www.sappm.ch\/fr\/wp-json\/wp\/v2\/pages\/3758\/revisions\/14237"}],"wp:featuredmedia":[{"embeddable":true,"href":"https:\/\/www.sappm.ch\/fr\/wp-json\/wp\/v2\/media\/2893"}],"wp:attachment":[{"href":"https:\/\/www.sappm.ch\/fr\/wp-json\/wp\/v2\/media?parent=3758"}],"curies":[{"name":"wp","href":"https:\/\/api.w.org\/{rel}","templated":true}]}}