{"id":3765,"date":"2023-12-01T14:34:54","date_gmt":"2023-12-01T13:34:54","guid":{"rendered":"https:\/\/xawekybe.cyon.site\/?page_id=3765"},"modified":"2025-02-19T11:58:42","modified_gmt":"2025-02-19T10:58:42","slug":"emplois","status":"publish","type":"page","link":"https:\/\/www.sappm.ch\/fr\/emplois\/","title":{"rendered":"Emplois"},"content":{"rendered":"\n<div  class=\"block block-lead bg-element pb-gross\">\n    <div class=\"main-container\">\n        <div class=\"content-container lead-font-size\">\n            Cette plate-forme d&rsquo;offres d&#8217;emploi est accessible gratuitement \u00e0 tous les \u00e9tablissements de formation reconnus par l&rsquo;ASMPP et aux cliniques membres. Sans r\u00e9vocation, une annonce reste en ligne pendant 3 mois.         <\/div>\n    <\/div>\n<\/div>","protected":false},"excerpt":{"rendered":"","protected":false},"author":1,"featured_media":0,"parent":0,"menu_order":0,"comment_status":"closed","ping_status":"closed","template":"tpl-jobs.php","meta":{"_acf_changed":false,"footnotes":""},"class_list":["post-3765","page","type-page","status-publish","hentry"],"acf":[],"_links":{"self":[{"href":"https:\/\/www.sappm.ch\/fr\/wp-json\/wp\/v2\/pages\/3765","targetHints":{"allow":["GET"]}}],"collection":[{"href":"https:\/\/www.sappm.ch\/fr\/wp-json\/wp\/v2\/pages"}],"about":[{"href":"https:\/\/www.sappm.ch\/fr\/wp-json\/wp\/v2\/types\/page"}],"author":[{"embeddable":true,"href":"https:\/\/www.sappm.ch\/fr\/wp-json\/wp\/v2\/users\/1"}],"replies":[{"embeddable":true,"href":"https:\/\/www.sappm.ch\/fr\/wp-json\/wp\/v2\/comments?post=3765"}],"version-history":[{"count":0,"href":"https:\/\/www.sappm.ch\/fr\/wp-json\/wp\/v2\/pages\/3765\/revisions"}],"wp:attachment":[{"href":"https:\/\/www.sappm.ch\/fr\/wp-json\/wp\/v2\/media?parent=3765"}],"curies":[{"name":"wp","href":"https:\/\/api.w.org\/{rel}","templated":true}]}}