{"id":3767,"date":"2024-06-22T16:38:30","date_gmt":"2024-06-22T14:38:30","guid":{"rendered":"https:\/\/xawekybe.cyon.site\/?page_id=3767"},"modified":"2025-09-03T10:08:36","modified_gmt":"2025-09-03T08:08:36","slug":"cliniques-specialisees-en-psychosomatique","status":"publish","type":"page","link":"https:\/\/www.sappm.ch\/fr\/cliniques-specialisees-en-psychosomatique\/","title":{"rendered":"Cliniques sp\u00e9cialis\u00e9es en psychosomatique"},"content":{"rendered":"\n<div  class=\"block block-lead bg-lightblue pb-mittel\">\n    <div class=\"main-container\">\n        <div class=\"content-container lead-font-size\">\n            Il existe des offres cliniques de soins psychosomatiques dans toute la Suisse. L&rsquo;offre comprend des consultations sp\u00e9cialis\u00e9es, des services ambulatoires, des cliniques de jour, des services de soins psychosomatiques aigus ainsi que des cliniques de r\u00e9adaptation.          <\/div>\n    <\/div>\n<\/div>\n<div  class=\"block block-content pb-mittel\">\n    <div class=\"main-container\">\n        <div class=\"content-container\">\n\n                            <h2 class=\"d5\">Cliniques membres de l&rsquo;ASMPP<\/h2>\n            \n            <p>Les cliniques suivantes sont inscrites aupr\u00e8s de la SAPPM en tant qu&rsquo;institutions membres sp\u00e9cialis\u00e9es :<\/p>\n<div id=\"c564\" class=\"csc-frame csc-frame-default\">\n<ul>\n<li><a class=\"external-link\" href=\"https:\/\/www.bernerklinik.ch\/\" target=\"_blank\" rel=\"noopener nofollow\">Clinique de Berne, Montana<\/a><\/li>\n<li><a href=\"https:\/\/cseb.ch\/betriebe\/clinica-curativa\/\" target=\"_blank\" rel=\"nofollow noopener\">Clinica Curativa, Scuol<\/a><\/li>\n<li><a class=\"external-link\" href=\"http:\/\/www.clinique-le-noirmont.ch\/\" target=\"_blank\" rel=\"noopener nofollow\">Clinique Le Noirmont<\/a><\/li>\n<li><a class=\"external-link\" href=\"http:\/\/www.barmelweid.ch\/\" target=\"_blank\" rel=\"noopener nofollow\">Clinique Barmelweid, Barmelweid<\/a><\/li>\n<li><a class=\"external-link\" href=\"http:\/\/www.psychosomatik.kssg.ch\/\" target=\"_blank\" rel=\"noopener nofollow\">Clinique de psychosomatique et de psychiatrie de consultation, Saint-Gall<\/a><\/li>\n<li><a class=\"external-link\" href=\"http:\/\/www.klinik-gais.ch\/\" target=\"_blank\" rel=\"noopener nofollow\">Clinique Gais AG, Gais<\/a><\/li>\n<li><a class=\"external-link\" href=\"http:\/\/www.klinikschuetzen.ch\/\" target=\"_blank\" rel=\"noopener nofollow\">Klinik Sch\u00fctzen, Rheinfelden<\/a><\/li>\n<li><a class=\"external-link\" href=\"https:\/\/www.lhm.ch\" target=\"_blank\" rel=\"noopener nofollow\">Clinique d&rsquo;altitude de Lucerne, Montana<\/a><\/li>\n<li><a href=\"http:\/\/www.kispisg.ch\/\" target=\"_blank\" rel=\"noopener nofollow\">H\u00f4pital pour enfants de Suisse orientale, Saint-Gall<\/a><\/li>\n<li><a class=\"external-link\" href=\"http:\/\/www.hohenegg.ch\/\" target=\"_blank\" rel=\"noopener nofollow\">Clinique priv\u00e9e Hohenegg, Meilen<\/a><\/li>\n<li><a class=\"external-link\" href=\"http:\/\/www.privatklinik-meiringen.ch\/\" target=\"_blank\" rel=\"noopener nofollow\">Clinique priv\u00e9e de Meiringen<\/a><\/li>\n<li><a class=\"external-link\" href=\"https:\/\/www.privatklinik-wyss.ch\/\" target=\"_blank\" rel=\"noopener nofollow\">Clinique priv\u00e9e Wyss, M\u00fcnchenbuchsee<\/a><\/li>\n<li><a class=\"external-link\" href=\"http:\/\/www.lindenhofgruppe.ch\/de\/fachgebiete\/psychosomatik\" target=\"_blank\" rel=\"noopener nofollow\">Reha Rheinfelden<\/a><\/li>\n<li><a class=\"external-link\" href=\"http:\/\/www.rehaklinik-hasliberg.ch\/\" target=\"_blank\" rel=\"noopener nofollow\">Rehaklinik Hasliberg AG, Hasliberg Hohfluh<\/a><\/li>\n<li><a href=\"https:\/\/neurologie.insel.ch\/de\/unser-angebot\/psychosomatische-medizin\" target=\"_blank\" rel=\"nofollow noopener\">M\u00e9decine psychosomatique universitaire, H\u00f4pital de l&rsquo;\u00cele, Berne<\/a><\/li>\n<li><a class=\"external-link\" href=\"http:\/\/www.zhreha.ch\/\" target=\"_blank\" rel=\"noopener nofollow\">Centre de r\u00e9\u00e9ducation zurichois de Davos<\/a><\/li>\n<\/ul>\n<\/div>\n\n            \n        <\/div>\n    <\/div>\n<\/div>","protected":false},"excerpt":{"rendered":"","protected":false},"author":1,"featured_media":3014,"parent":0,"menu_order":0,"comment_status":"closed","ping_status":"closed","template":"","meta":{"_acf_changed":false,"footnotes":""},"class_list":["post-3767","page","type-page","status-publish","has-post-thumbnail","hentry"],"acf":[],"_links":{"self":[{"href":"https:\/\/www.sappm.ch\/fr\/wp-json\/wp\/v2\/pages\/3767","targetHints":{"allow":["GET"]}}],"collection":[{"href":"https:\/\/www.sappm.ch\/fr\/wp-json\/wp\/v2\/pages"}],"about":[{"href":"https:\/\/www.sappm.ch\/fr\/wp-json\/wp\/v2\/types\/page"}],"author":[{"embeddable":true,"href":"https:\/\/www.sappm.ch\/fr\/wp-json\/wp\/v2\/users\/1"}],"replies":[{"embeddable":true,"href":"https:\/\/www.sappm.ch\/fr\/wp-json\/wp\/v2\/comments?post=3767"}],"version-history":[{"count":5,"href":"https:\/\/www.sappm.ch\/fr\/wp-json\/wp\/v2\/pages\/3767\/revisions"}],"predecessor-version":[{"id":17432,"href":"https:\/\/www.sappm.ch\/fr\/wp-json\/wp\/v2\/pages\/3767\/revisions\/17432"}],"wp:featuredmedia":[{"embeddable":true,"href":"https:\/\/www.sappm.ch\/fr\/wp-json\/wp\/v2\/media\/3014"}],"wp:attachment":[{"href":"https:\/\/www.sappm.ch\/fr\/wp-json\/wp\/v2\/media?parent=3767"}],"curies":[{"name":"wp","href":"https:\/\/api.w.org\/{rel}","templated":true}]}}