{"id":3772,"date":"2023-12-01T14:39:13","date_gmt":"2023-12-01T13:39:13","guid":{"rendered":"https:\/\/xawekybe.cyon.site\/?page_id=3772"},"modified":"2024-11-13T11:20:56","modified_gmt":"2024-11-13T10:20:56","slug":"quels-sont-les-diagnostics-dont-soccupe-la-medecine-psychosomatique","status":"publish","type":"page","link":"https:\/\/www.sappm.ch\/fr\/quels-sont-les-diagnostics-dont-soccupe-la-medecine-psychosomatique\/","title":{"rendered":"Quels sont les diagnostics dont s&rsquo;occupe la m\u00e9decine psychosomatique ?"},"content":{"rendered":"\n<div  class=\"block block-lead bg-element pb-mittel\">\n    <div class=\"main-container\">\n        <div class=\"content-container lead-font-size\">\n            Les probl\u00e8mes psychosomatiques peuvent \u00eatre class\u00e9s en diff\u00e9rents groupes de diagnostic en fonction de leurs caract\u00e9ristiques principales. Il existe n\u00e9anmoins toujours des zones de chevauchement entre les syndromes, si bien qu&rsquo;il n&rsquo;est pas rare qu&rsquo;une personne remplisse les crit\u00e8res de plusieurs diagnostics \u00e0 la fois. La liste suivante pr\u00e9sente une s\u00e9lection parmi les affections psychosomatiques les plus courantes.        <\/div>\n    <\/div>\n<\/div>\n\n\n<div class=\"block block-akkordeon pb-mittel\">\n    <div class=\"main-container\">\n        <h2><\/h2>\n                    <div class=\"accordion agenda-item\">\n                                    <div class=\"accordion-item\">\n                        <div class=\"accordion-toggle dark\">\n                            <div class=\"infos transition\">\n                                <span class=\"text\">Plus d&rsquo;infos<\/span>\n                                <span class=\"icon-more\"><\/span>\n                                <span class=\"icon-less\"><\/span>\n                            <\/div>\n                            <div class=\"inner\">\n                                <h3 class=\"d6 agenda-title\">Divers syndromes impliquant des m\u00e9canismes d&rsquo;hypersensibilit\u00e9<\/h3>\n                            <\/div>\n                        <\/div>\n                        <div class=\"accordion-content\">\n                            <div class=\"inner\">\n                                <p>Syndrome de fibromyalgie, douleur thoracique atypique, syndrome de douleur pelvienne chronique, syndrome de l&rsquo;intestin irritable, dyspepsie fonctionnelle, c\u00e9phal\u00e9e de tension chronique, migraine chronique, lombalgie profonde chronique et autres formes de douleur primaire chronique avec hypersensibilit\u00e9 centrale, syndrome de fatigue chronique\/enc\u00e9phalomy\u00e9lite myalgique, etc<\/p>\n                            <\/div>\n                        <\/div>\n                    <\/div>\n                                    <div class=\"accordion-item\">\n                        <div class=\"accordion-toggle dark\">\n                            <div class=\"infos transition\">\n                                <span class=\"text\">Plus d&rsquo;infos<\/span>\n                                <span class=\"icon-more\"><\/span>\n                                <span class=\"icon-less\"><\/span>\n                            <\/div>\n                            <div class=\"inner\">\n                                <h3 class=\"d6 agenda-title\">Troubles cardiovasculaires associ\u00e9s au stress<\/h3>\n                            <\/div>\n                        <\/div>\n                        <div class=\"accordion-content\">\n                            <div class=\"inner\">\n                                <p>Hypertension difficile \u00e0 contr\u00f4ler, tachycardie li\u00e9e au stress, syndrome de Takotsubo, syndrome de tachycardie posturale, etc. Un stress s\u00e9v\u00e8re et prolong\u00e9 peut contribuer \u00e0 des modifications d\u00e9g\u00e9n\u00e9ratives structurelles des vaisseaux sanguins et \u00e0 une augmentation du risque d&rsquo;infarctus.<\/p>\n                            <\/div>\n                        <\/div>\n                    <\/div>\n                                    <div class=\"accordion-item\">\n                        <div class=\"accordion-toggle dark\">\n                            <div class=\"infos transition\">\n                                <span class=\"text\">Plus d&rsquo;infos<\/span>\n                                <span class=\"icon-more\"><\/span>\n                                <span class=\"icon-less\"><\/span>\n                            <\/div>\n                            <div class=\"inner\">\n                                <h3 class=\"d6 agenda-title\">Troubles neurologiques fonctionnels<\/h3>\n                            <\/div>\n                        <\/div>\n                        <div class=\"accordion-content\">\n                            <div class=\"inner\">\n                                <p>Troubles dissociatifs (anciennement: troubles de conversion), certaines formes de vertiges chroniques et d&rsquo;acouph\u00e8nes chroniques, crises non-\u00e9pileptiques psychog\u00e8nes, etc.<\/p>\n                            <\/div>\n                        <\/div>\n                    <\/div>\n                                    <div class=\"accordion-item\">\n                        <div class=\"accordion-toggle dark\">\n                            <div class=\"infos transition\">\n                                <span class=\"text\">Plus d&rsquo;infos<\/span>\n                                <span class=\"icon-more\"><\/span>\n                                <span class=\"icon-less\"><\/span>\n                            <\/div>\n                            <div class=\"inner\">\n                                <h3 class=\"d6 agenda-title\">Sympt\u00f4mes fonctionnels li\u00e9s au stress<\/h3>\n                            <\/div>\n                        <\/div>\n                        <div class=\"accordion-content\">\n                            <div class=\"inner\">\n                                <p>Troubles physiques d&rsquo;origine neurov\u00e9g\u00e9tative dans le cadre d&rsquo;un stress aigu, troubles physiques persistants dans le cadre de troubles cons\u00e9cutifs \u00e0 un traumatisme, de troubles de l&rsquo;attachement, de probl\u00e8mes relationnels, de conflits chroniques, de harc\u00e8lement moral, de workaholisme, de syndrome d&rsquo;\u00e9puisement professionnel, etc.<\/p>\n                            <\/div>\n                        <\/div>\n                    <\/div>\n                                    <div class=\"accordion-item\">\n                        <div class=\"accordion-toggle dark\">\n                            <div class=\"infos transition\">\n                                <span class=\"text\">Plus d&rsquo;infos<\/span>\n                                <span class=\"icon-more\"><\/span>\n                                <span class=\"icon-less\"><\/span>\n                            <\/div>\n                            <div class=\"inner\">\n                                <h3 class=\"d6 agenda-title\">Maladies inflammatoires modul\u00e9es par le stress et les infections<\/h3>\n                            <\/div>\n                        <\/div>\n                        <div class=\"accordion-content\">\n                            <div class=\"inner\">\n                                <p>Dermatite atopique, psoriasis, scl\u00e9rose en plaques, colite ulc\u00e9reuse, maladie de Crohn, polyarthrite chronique, asthme bronchique, etc.<\/p>\n                            <\/div>\n                        <\/div>\n                    <\/div>\n                                    <div class=\"accordion-item\">\n                        <div class=\"accordion-toggle dark\">\n                            <div class=\"infos transition\">\n                                <span class=\"text\">Plus d&rsquo;infos<\/span>\n                                <span class=\"icon-more\"><\/span>\n                                <span class=\"icon-less\"><\/span>\n                            <\/div>\n                            <div class=\"inner\">\n                                <h3 class=\"d6 agenda-title\">Sympt\u00f4mes physiques associ\u00e9s \u00e0 l&rsquo;anxi\u00e9t\u00e9 et\/ou \u00e0 la d\u00e9pression<\/h3>\n                            <\/div>\n                        <\/div>\n                        <div class=\"accordion-content\">\n                            <div class=\"inner\">\n                                <p>Trouble panique, anxi\u00e9t\u00e9 pour la sant\u00e9 (autrefois appel\u00e9 <em>hypocondrie<\/em>), trouble \u00e0 symptomatologie somatique (autrefois appel\u00e9 <em>somatisation<\/em>), maux de t\u00eate et de ventre \u00ab\u00a0inexpliqu\u00e9s\u00a0\u00bb, entre autres chez les enfants, etc&#8230;<\/p>\n                            <\/div>\n                        <\/div>\n                    <\/div>\n                                    <div class=\"accordion-item\">\n                        <div class=\"accordion-toggle dark\">\n                            <div class=\"infos transition\">\n                                <span class=\"text\">Plus d&rsquo;infos<\/span>\n                                <span class=\"icon-more\"><\/span>\n                                <span class=\"icon-less\"><\/span>\n                            <\/div>\n                            <div class=\"inner\">\n                                <h3 class=\"d6 agenda-title\">Difficult\u00e9s psychologiques cons\u00e9cutives \u00e0 une maladie somatique<\/h3>\n                            <\/div>\n                        <\/div>\n                        <div class=\"accordion-content\">\n                            <div class=\"inner\">\n                                <p>D\u00e9veloppement d&rsquo;une d\u00e9pression secondaire en cas de douleur chronique ou d&rsquo;autres maladies chroniques, r\u00e9tablissement difficile apr\u00e8s une intervention m\u00e9dicale ou un traitement aux soins intensifs, difficult\u00e9s d&rsquo;acceptation de la maladie, trouble de l&rsquo;adaptation en cas de diagnostic de cancer ou d&rsquo;autres maladies graves.<\/p>\n                            <\/div>\n                        <\/div>\n                    <\/div>\n                                    <div class=\"accordion-item\">\n                        <div class=\"accordion-toggle dark\">\n                            <div class=\"infos transition\">\n                                <span class=\"text\">Plus d&rsquo;infos<\/span>\n                                <span class=\"icon-more\"><\/span>\n                                <span class=\"icon-less\"><\/span>\n                            <\/div>\n                            <div class=\"inner\">\n                                <h3 class=\"d6 agenda-title\">Troubles alimentaires<\/h3>\n                            <\/div>\n                        <\/div>\n                        <div class=\"accordion-content\">\n                            <div class=\"inner\">\n                                <p>Anorexie, boulimie, hyperphagie, orthorexie.<\/p>\n                            <\/div>\n                        <\/div>\n                    <\/div>\n                            <\/div>\n            <\/div>\n<\/div>\n\n\n\n<div  class=\"block block-text-bild pb-mittel\">\n    <div class=\"main-container\">\n\n        <div class=\"columns-2\">\n                            <div class=\"column bild\">\n                    <img loading=\"lazy\" decoding=\"async\" width=\"595\" height=\"600\" src=\"https:\/\/www.sappm.ch\/wp-content\/uploads\/2024\/07\/Betroff1111-595x600.png\" class=\"attachment-medium size-medium\" alt=\"\" srcset=\"https:\/\/www.sappm.ch\/wp-content\/uploads\/2024\/07\/Betroff1111-595x600.png 595w, https:\/\/www.sappm.ch\/wp-content\/uploads\/2024\/07\/Betroff1111-150x150.png 150w, https:\/\/www.sappm.ch\/wp-content\/uploads\/2024\/07\/Betroff1111.png 636w\" sizes=\"auto, (max-width: 595px) 100vw, 595px\" \/>                <\/div>\n                            \n            <div class=\"column\">\n                \n                <p><strong>Offres m\u00e9dicales en Suisse<\/strong><\/p>\n\n                                    <div class=\"button-group\">\n                                           <a class=\"btn btn-full btn-arrow\" href=\"https:\/\/www.sappm.ch\/fr\/medecins-dans-ma-region\/\" target=\"_self\">M\u00e9decins dans ma r\u00e9gion<\/a>\n                                            <a class=\"btn btn-full btn-arrow\" href=\"https:\/\/www.sappm.ch\/fr\/cliniques-specialisees-en-psychosomatique\/\" target=\"_self\">Cliniques en Suisse<\/a>\n                                        <\/div>\n                            <\/div>\n        <\/div>\n\n    <\/div>\n<\/div>","protected":false},"excerpt":{"rendered":"","protected":false},"author":1,"featured_media":6107,"parent":0,"menu_order":0,"comment_status":"closed","ping_status":"closed","template":"","meta":{"_acf_changed":false,"footnotes":""},"class_list":["post-3772","page","type-page","status-publish","has-post-thumbnail","hentry"],"acf":[],"_links":{"self":[{"href":"https:\/\/www.sappm.ch\/fr\/wp-json\/wp\/v2\/pages\/3772","targetHints":{"allow":["GET"]}}],"collection":[{"href":"https:\/\/www.sappm.ch\/fr\/wp-json\/wp\/v2\/pages"}],"about":[{"href":"https:\/\/www.sappm.ch\/fr\/wp-json\/wp\/v2\/types\/page"}],"author":[{"embeddable":true,"href":"https:\/\/www.sappm.ch\/fr\/wp-json\/wp\/v2\/users\/1"}],"replies":[{"embeddable":true,"href":"https:\/\/www.sappm.ch\/fr\/wp-json\/wp\/v2\/comments?post=3772"}],"version-history":[{"count":12,"href":"https:\/\/www.sappm.ch\/fr\/wp-json\/wp\/v2\/pages\/3772\/revisions"}],"predecessor-version":[{"id":9083,"href":"https:\/\/www.sappm.ch\/fr\/wp-json\/wp\/v2\/pages\/3772\/revisions\/9083"}],"wp:featuredmedia":[{"embeddable":true,"href":"https:\/\/www.sappm.ch\/fr\/wp-json\/wp\/v2\/media\/6107"}],"wp:attachment":[{"href":"https:\/\/www.sappm.ch\/fr\/wp-json\/wp\/v2\/media?parent=3772"}],"curies":[{"name":"wp","href":"https:\/\/api.w.org\/{rel}","templated":true}]}}