{"id":3775,"date":"2024-06-22T16:33:46","date_gmt":"2024-06-22T14:33:46","guid":{"rendered":"https:\/\/xawekybe.cyon.site\/?page_id=3775"},"modified":"2025-11-13T09:23:26","modified_gmt":"2025-11-13T08:23:26","slug":"devenir-membre","status":"publish","type":"page","link":"https:\/\/www.sappm.ch\/fr\/devenir-membre\/","title":{"rendered":"Devenir membre"},"content":{"rendered":"\n<div  class=\"block block-lead bg-element pb-mittel\">\n    <div class=\"main-container\">\n        <div class=\"content-container lead-font-size\">\n            En tant que professionnel de la sant\u00e9, vous vous int\u00e9ressez aux pr\u00e9occupations de la m\u00e9decine psychosomatique et psychosociale ?  \r\nPeuvent \u00eatre admis comme membres les personnes physiques, les soci\u00e9t\u00e9s sp\u00e9cialis\u00e9es et autres institutions de droit priv\u00e9 ou public qui s&rsquo;engagent en faveur de la m\u00e9decine psychosomatique et psychosociale et qui soutiennent les objectifs vis\u00e9s par l&rsquo;ASMPP. Les m\u00e9decins qui n&rsquo;ont pas (encore) de titre de formation approfondie sont \u00e9galement les bienvenus en tant que membres.        <\/div>\n    <\/div>\n<\/div>\n\n\n<div class=\"block block-akkordeon pb-mittel\">\n    <div class=\"main-container\">\n        <h2>Adh\u00e9sion ASMPP<\/h2>\n                    <div class=\"accordion agenda-item\">\n                                    <div class=\"accordion-item\">\n                        <div class=\"accordion-toggle dark\">\n                            <div class=\"infos transition\">\n                                <span class=\"text\">Plus d&rsquo;infos<\/span>\n                                <span class=\"icon-more\"><\/span>\n                                <span class=\"icon-less\"><\/span>\n                            <\/div>\n                            <div class=\"inner\">\n                                <h3 class=\"d6 agenda-title\">Adh\u00e9sion ASMPP \u00e0 titre individuel<\/h3>\n                            <\/div>\n                        <\/div>\n                        <div class=\"accordion-content\">\n                            <div class=\"inner\">\n                                <p><strong>Les avantages de l&rsquo;adh\u00e9sion individuelle<\/strong><\/p>\n<ul>\n<li>D\u00e9fense des int\u00e9r\u00eats professionnels et techniques par l&rsquo;ASMPP<\/li>\n<li>Connexion \u00e0 l&rsquo;information professionnelle et politique de l&rsquo;association par le biais de la newsletter<\/li>\n<li>R\u00e9duction des frais d&rsquo;inscription \u00e0 divers \u00e9v\u00e9nements\/congr\u00e8s de l&rsquo;ASMPP et d&rsquo;autres soci\u00e9t\u00e9s<\/li>\n<li>Pr\u00e9sence dans le r\u00e9pertoire en ligne des membres et\/ou des d\u00e9tenteurs de titres<\/li>\n<li>Acc\u00e8s aux offres de mise en r\u00e9seau des groupes r\u00e9gionaux, professionnels et de travail<\/li>\n<\/ul>\n                            <\/div>\n                        <\/div>\n                    <\/div>\n                                    <div class=\"accordion-item\">\n                        <div class=\"accordion-toggle dark\">\n                            <div class=\"infos transition\">\n                                <span class=\"text\">Plus d&rsquo;infos<\/span>\n                                <span class=\"icon-more\"><\/span>\n                                <span class=\"icon-less\"><\/span>\n                            <\/div>\n                            <div class=\"inner\">\n                                <h3 class=\"d6 agenda-title\">Adh\u00e9sion collective ASMPP <\/h3>\n                            <\/div>\n                        <\/div>\n                        <div class=\"accordion-content\">\n                            <div class=\"inner\">\n                                <p><strong>Les avantages d&rsquo;une adh\u00e9sion collective \u00e0 l&rsquo;ASMPP en tant que clinique<\/strong><\/p>\n<ul>\n<li>Accr\u00e9ditation gratuite et mise en ligne des formations continues et postgradu\u00e9es de la clinique membre<\/li>\n<li>Certification gratuite en tant que clinique sp\u00e9cialis\u00e9e en psychosomatique selon les crit\u00e8res ANQ (par VPC)<\/li>\n<li>Mise en ligne gratuite \/ lien vers le site Web du SAPPM en tant que clinique membre, promoteur et \u00e9tablissement de formation continue<\/li>\n<li>Publication gratuite d&rsquo;annonces d&#8217;emploi sur le site Web de l&rsquo;ASMPP (sous Jobs)<\/li>\n<li>Si\u00e8ge et droit de vote \u00e0 l&rsquo;Association des m\u00e9decins-chefs psychosomatiques de l&rsquo;ASMPP (VPC)<\/li>\n<li>Repr\u00e9sentation professionnelle des int\u00e9r\u00eats des cliniques en mati\u00e8re de politique professionnelle<\/li>\n<\/ul>\n<p>&nbsp;<\/p>\n                            <\/div>\n                        <\/div>\n                    <\/div>\n                                    <div class=\"accordion-item\">\n                        <div class=\"accordion-toggle dark\">\n                            <div class=\"infos transition\">\n                                <span class=\"text\">Plus d&rsquo;infos<\/span>\n                                <span class=\"icon-more\"><\/span>\n                                <span class=\"icon-less\"><\/span>\n                            <\/div>\n                            <div class=\"inner\">\n                                <h3 class=\"d6 agenda-title\">Cotisations des membres ASMPP<\/h3>\n                            <\/div>\n                        <\/div>\n                        <div class=\"accordion-content\">\n                            <div class=\"inner\">\n                                <p><strong>Cotisation annuelle de membre ASMPP<\/strong><\/p>\n<p>CHF 300.00 Membre avec sp\u00e9cialisation interdisciplinaire ASMPP<\/p>\n<p>CHF 230.00 Membre avec sp\u00e9cialisation interdisciplinaire ASMPP, tarif r\u00e9duit*.<\/p>\n<p>CHF 210.00 Membre M\u00e9decins<\/p>\n<p>CHF 170.00 Membre m\u00e9decin, tarif r\u00e9duit*.<\/p>\n<p>CHF 130.00 Membre Professionnels<\/p>\n<p>CHF 100.00 Membre Professionnels, tarif r\u00e9duit*<\/p>\n<p>CHF 70.00 Adh\u00e9sion Psychosomatique Berne, en plus de la cotisation ASMPP <\/p>\n<p>CHF 0.00 Swiss Young Psychosomatics (\u00e9tudiants et m\u00e9decins assistants)<\/p>\n<p>CHF 0.00 Membre libre ASMPP<\/p>\n<p>CHF 600.00 Frais de port du titre pour les non-membres ASMPP<\/p>\n<p>*Si vous travaillez \u00e0 temps partiel \u00e0 moins de 51%.<\/p>\n<p>&nbsp;<\/p>\n<p><strong>Membres collectifs<\/strong><\/p>\n<p>CHF 1&rsquo;000.00 Instituts de formation continue WBI<\/p>\n<p>CHF 500.00 Centres de formation continue WBS<\/p>\n<p>CHF 1&rsquo;500.00 Cliniques sp\u00e9cialis\u00e9es<\/p>\n<p>CHF 1.00 par membre d&rsquo;une soci\u00e9t\u00e9 de discipline m\u00e9dicale FMH<\/p>\n                            <\/div>\n                        <\/div>\n                    <\/div>\n                            <\/div>\n            <\/div>\n<\/div>\n\n\n\n<div  class=\"block block-content pb-mittel\">\n    <div class=\"main-container\">\n        <div class=\"content-container\">\n\n            \n            \n                            <div class=\"button-group\">\n                                   <a class=\"btn btn-full btn-arrow\" href=\"https:\/\/www.sappm.ch\/fr\/demande-dadhesion\/\" target=\"_self\">Devenez membre maintenant<\/a>\n                                <\/div>\n            \n        <\/div>\n    <\/div>\n<\/div>","protected":false},"excerpt":{"rendered":"","protected":false},"author":1,"featured_media":0,"parent":0,"menu_order":0,"comment_status":"closed","ping_status":"closed","template":"","meta":{"_acf_changed":false,"footnotes":""},"class_list":["post-3775","page","type-page","status-publish","hentry"],"acf":[],"_links":{"self":[{"href":"https:\/\/www.sappm.ch\/fr\/wp-json\/wp\/v2\/pages\/3775","targetHints":{"allow":["GET"]}}],"collection":[{"href":"https:\/\/www.sappm.ch\/fr\/wp-json\/wp\/v2\/pages"}],"about":[{"href":"https:\/\/www.sappm.ch\/fr\/wp-json\/wp\/v2\/types\/page"}],"author":[{"embeddable":true,"href":"https:\/\/www.sappm.ch\/fr\/wp-json\/wp\/v2\/users\/1"}],"replies":[{"embeddable":true,"href":"https:\/\/www.sappm.ch\/fr\/wp-json\/wp\/v2\/comments?post=3775"}],"version-history":[{"count":4,"href":"https:\/\/www.sappm.ch\/fr\/wp-json\/wp\/v2\/pages\/3775\/revisions"}],"predecessor-version":[{"id":19331,"href":"https:\/\/www.sappm.ch\/fr\/wp-json\/wp\/v2\/pages\/3775\/revisions\/19331"}],"wp:attachment":[{"href":"https:\/\/www.sappm.ch\/fr\/wp-json\/wp\/v2\/media?parent=3775"}],"curies":[{"name":"wp","href":"https:\/\/api.w.org\/{rel}","templated":true}]}}