{"id":3785,"date":"2024-07-24T15:44:41","date_gmt":"2024-07-24T13:44:41","guid":{"rendered":"https:\/\/xawekybe.cyon.site\/?page_id=3785"},"modified":"2025-11-13T09:22:36","modified_gmt":"2025-11-13T08:22:36","slug":"demande-dadhesion","status":"publish","type":"page","link":"https:\/\/www.sappm.ch\/fr\/demande-dadhesion\/","title":{"rendered":"Demande d&rsquo;adh\u00e9sion"},"content":{"rendered":"\n<div  class=\"block block-content pb-mittel\">\n    <div class=\"main-container\">\n        <div class=\"content-container\">\n\n            \n            <link rel='stylesheet' id='formidable-css' href='https:\/\/www.sappm.ch\/wp-content\/plugins\/formidable\/css\/formidableforms.css?ver=4141248' type='text\/css' media='all' \/>\n<div class=\"frm_forms  with_frm_style frm_style_formidable-style\" id=\"frm_form_9_container\" data-token=\"53af10aa3afe2805054afba93c464a9d\">\n<form enctype=\"multipart\/form-data\" method=\"post\" class=\"frm-show-form  frm_js_validate  frm_ajax_submit  frm_pro_form  frm_slidein \" id=\"form_contact-form23\" data-token=\"53af10aa3afe2805054afba93c464a9d\">\n<div class=\"frm_form_fields  frm_page_num_1\">\n<fieldset>\n<legend class=\"frm_screen_reader\">Devenir membre ASMPP <\/legend>\r\n\r\n<div class=\"frm_fields_container\">\n<input type=\"hidden\" name=\"frm_action\" value=\"create\" \/>\n<input type=\"hidden\" name=\"form_id\" value=\"9\" \/>\n<input type=\"hidden\" name=\"frm_hide_fields_9\" id=\"frm_hide_fields_9\" value=\"\" \/>\n<input type=\"hidden\" name=\"form_key\" value=\"contact-form23\" \/>\n<input type=\"hidden\" name=\"item_meta[0]\" value=\"\" \/>\n<input type=\"hidden\" id=\"frm_submit_entry_9\" name=\"frm_submit_entry_9\" value=\"776669740a\" \/><input type=\"hidden\" name=\"_wp_http_referer\" value=\"\/fr\/wp-json\/wp\/v2\/pages\/3785\" \/><div id=\"frm_field_277_container\" class=\"frm_form_field form-field  frm_required_field frm_top_container frm6 frm_first vertical_radio\">\r\n    <div  id=\"field_qv1j55_label\" class=\"frm_primary_label\">Salutation \r\n        <span class=\"frm_required\" aria-hidden=\"true\">*<\/span>\r\n    <\/div>\r\n    <div class=\"frm_opt_container\" aria-labelledby=\"field_qv1j55_label\" role=\"radiogroup\" aria-required=\"true\">\t\t<div class=\"frm_radio\" id=\"frm_radio_277-0\">\t\t\t<label  for=\"field_qv1j55-0\">\n\t\t\t\t\t<input type=\"radio\" name=\"item_meta[277]\" id=\"field_qv1j55-0\" value=\"Madame\"\n\t\t data-reqmsg=\"Dieses Feld darf nicht leer sein.\" data-invmsg=\"Salutation  est non valide\"   \/> Madame<\/label><\/div>\n\t\t<div class=\"frm_radio\" id=\"frm_radio_277-1\">\t\t\t<label  for=\"field_qv1j55-1\">\n\t\t\t\t\t<input type=\"radio\" name=\"item_meta[277]\" id=\"field_qv1j55-1\" value=\"Monsieur\"\n\t\t data-reqmsg=\"Dieses Feld darf nicht leer sein.\" data-invmsg=\"Salutation  est non valide\"   \/> Monsieur<\/label><\/div>\n\t\t<div class=\"frm_radio\" id=\"frm_radio_277-2\">\t\t\t<label  for=\"field_qv1j55-2\">\n\t\t\t\t\t<input type=\"radio\" name=\"item_meta[277]\" id=\"field_qv1j55-2\" value=\"Divers\"\n\t\t data-reqmsg=\"Dieses Feld darf nicht leer sein.\" data-invmsg=\"Salutation  est non valide\"   \/> Divers<\/label><\/div>\n<\/div>\r\n    \r\n    \r\n<\/div>\n<div id=\"frm_field_278_container\" class=\"frm_form_field form-field  frm_required_field frm_top_container frm6 vertical_radio\">\r\n    <div  id=\"field_150cb2_label\" class=\"frm_primary_label\">Langue de correspondance d\u00e9sir\u00e9e\r\n        <span class=\"frm_required\" aria-hidden=\"true\">*<\/span>\r\n    <\/div>\r\n    <div class=\"frm_opt_container\" aria-labelledby=\"field_150cb2_label\" role=\"radiogroup\" aria-required=\"true\">\t\t<div class=\"frm_radio\" id=\"frm_radio_278-0\">\t\t\t<label  for=\"field_150cb2-0\">\n\t\t\t\t\t<input type=\"radio\" name=\"item_meta[278]\" id=\"field_150cb2-0\" value=\"DE\"\n\t\t data-reqmsg=\"Dieses Feld darf nicht leer sein.\" data-invmsg=\"Langue de correspondance d\u00e9sir\u00e9e est non valide\"   \/> DE<\/label><\/div>\n\t\t<div class=\"frm_radio\" id=\"frm_radio_278-1\">\t\t\t<label  for=\"field_150cb2-1\">\n\t\t\t\t\t<input type=\"radio\" name=\"item_meta[278]\" id=\"field_150cb2-1\" value=\"FR\"\n\t\t data-reqmsg=\"Dieses Feld darf nicht leer sein.\" data-invmsg=\"Langue de correspondance d\u00e9sir\u00e9e est non valide\"   \/> FR<\/label><\/div>\n<\/div>\r\n    \r\n    \r\n<\/div>\n<div id=\"frm_field_433_container\" class=\"frm_form_field form-field  frm_required_field frm_top_container frm6 frm_first\">\r\n\t<label for=\"field_fjnei\" id=\"field_fjnei_label\" class=\"frm_primary_label\">Pr\u00e9nom\r\n\t\t<span class=\"frm_required\" aria-hidden=\"true\">*<\/span>\r\n\t<\/label>\r\n\t<input  type=\"text\" id=\"field_fjnei\" name=\"item_meta[433]\" value=\"\"  data-reqmsg=\"Dieses Feld darf nicht leer sein.\" aria-required=\"true\" data-invmsg=\"Pr\u00e9nom ist ung\u00fcltig\" aria-invalid=\"false\"   \/>\r\n\t\r\n\t\r\n<\/div>\n<div id=\"frm_field_434_container\" class=\"frm_form_field form-field  frm_required_field frm_top_container frm6\">\r\n\t<label for=\"field_wrw01\" id=\"field_wrw01_label\" class=\"frm_primary_label\">Nom\r\n\t\t<span class=\"frm_required\" aria-hidden=\"true\">*<\/span>\r\n\t<\/label>\r\n\t<input  type=\"text\" id=\"field_wrw01\" name=\"item_meta[434]\" value=\"\"  data-reqmsg=\"Dieses Feld darf nicht leer sein.\" aria-required=\"true\" data-invmsg=\"Nom ist ung\u00fcltig\" aria-invalid=\"false\"   \/>\r\n\t\r\n\t\r\n<\/div>\n<div id=\"frm_field_280_container\" class=\"frm_form_field form-field  frm_top_container frm3 frm_first\">\r\n\t<label for=\"field_xp2fp3\" id=\"field_xp2fp3_label\" class=\"frm_primary_label\">Titre\r\n\t\t<span class=\"frm_required\" aria-hidden=\"true\"><\/span>\r\n\t<\/label>\r\n\t<input  type=\"text\" id=\"field_xp2fp3\" name=\"item_meta[280]\" value=\"\"  data-invmsg=\"Titre ist ung\u00fcltig\" aria-invalid=\"false\"   \/>\r\n\t\r\n\t\r\n<\/div>\n<div id=\"frm_field_281_container\" class=\"frm_form_field form-field  frm_top_container frm9\">\r\n\t<label for=\"field_7majb3\" id=\"field_7majb3_label\" class=\"frm_primary_label\">Sp\u00e9cialit\u00e9\r\n\t\t<span class=\"frm_required\" aria-hidden=\"true\"><\/span>\r\n\t<\/label>\r\n\t<input  type=\"text\" id=\"field_7majb3\" name=\"item_meta[281]\" value=\"\"  data-invmsg=\"Sp\u00e9cialit\u00e9 ist ung\u00fcltig\" aria-invalid=\"false\"   \/>\r\n\t\r\n\t\r\n<\/div>\n<div id=\"frm_field_282_container\" class=\"frm_form_field form-field  frm_required_field frm_top_container\">\r\n\t<label for=\"field_p0mlg3\" id=\"field_p0mlg3_label\" class=\"frm_primary_label\">Adresse\r\n\t\t<span class=\"frm_required\" aria-hidden=\"true\">*<\/span>\r\n\t<\/label>\r\n\t<input  type=\"text\" id=\"field_p0mlg3\" name=\"item_meta[282]\" value=\"\"  data-reqmsg=\"Dieses Feld darf nicht leer sein.\" aria-required=\"true\" data-invmsg=\"Adresse ist ung\u00fcltig\" aria-invalid=\"false\"   \/>\r\n\t\r\n\t\r\n<\/div>\n<div id=\"frm_field_283_container\" class=\"frm_form_field form-field  frm_required_field frm_top_container frm3 frm_first\">\r\n\t<label for=\"field_ttpfm3\" id=\"field_ttpfm3_label\" class=\"frm_primary_label\">NPA\r\n\t\t<span class=\"frm_required\" aria-hidden=\"true\">*<\/span>\r\n\t<\/label>\r\n\t<input  type=\"text\" id=\"field_ttpfm3\" name=\"item_meta[283]\" value=\"\"  data-reqmsg=\"Dieses Feld darf nicht leer sein.\" aria-required=\"true\" data-invmsg=\"NPA ist ung\u00fcltig\" aria-invalid=\"false\"   \/>\r\n\t\r\n\t\r\n<\/div>\n<div id=\"frm_field_284_container\" class=\"frm_form_field form-field  frm_required_field frm_top_container frm6\">\r\n\t<label for=\"field_iu5w73\" id=\"field_iu5w73_label\" class=\"frm_primary_label\">Lieu\r\n\t\t<span class=\"frm_required\" aria-hidden=\"true\">*<\/span>\r\n\t<\/label>\r\n\t<input  type=\"text\" id=\"field_iu5w73\" name=\"item_meta[284]\" value=\"\"  data-reqmsg=\"Dieses Feld darf nicht leer sein.\" aria-required=\"true\" data-invmsg=\"Lieu ist ung\u00fcltig\" aria-invalid=\"false\"   \/>\r\n\t\r\n\t\r\n<\/div>\n<div id=\"frm_field_285_container\" class=\"frm_form_field form-field  frm_required_field frm_top_container frm3\">\r\n\t<label for=\"field_4mx6g3\" id=\"field_4mx6g3_label\" class=\"frm_primary_label\">Pays\r\n\t\t<span class=\"frm_required\" aria-hidden=\"true\">*<\/span>\r\n\t<\/label>\r\n\t<input  type=\"text\" id=\"field_4mx6g3\" name=\"item_meta[285]\" value=\"\"  data-reqmsg=\"Dieses Feld darf nicht leer sein.\" aria-required=\"true\" data-invmsg=\"Pays ist ung\u00fcltig\" aria-invalid=\"false\"   \/>\r\n\t\r\n\t\r\n<\/div>\n<div id=\"frm_field_286_container\" class=\"frm_form_field form-field  frm_required_field frm_top_container frm3 frm_first\">\r\n\t<label for=\"field_nwlfd3\" id=\"field_nwlfd3_label\" class=\"frm_primary_label\">Date de naissance\r\n\t\t<span class=\"frm_required\" aria-hidden=\"true\">*<\/span>\r\n\t<\/label>\r\n\t<input type=\"text\" id=\"field_nwlfd3\" name=\"item_meta[286]\" value=\"\"  maxlength=\"10\" data-reqmsg=\"Dieses Feld darf nicht leer sein.\" aria-required=\"true\" data-invmsg=\"Date de naissance ist ung\u00fcltig\" class=\"frm_date\" aria-invalid=\"false\"  \/>\r\n\t\r\n\t\r\n<\/div>\n<div id=\"frm_field_287_container\" class=\"frm_form_field form-field  frm_required_field frm_top_container frm9\">\r\n    <label for=\"field_29yf4d5\" id=\"field_29yf4d5_label\" class=\"frm_primary_label\">E-Mail\r\n        <span class=\"frm_required\" aria-hidden=\"true\">*<\/span>\r\n    <\/label>\r\n    <input type=\"email\" id=\"field_29yf4d5\" name=\"item_meta[287]\" value=\"\"  data-reqmsg=\"Dieses Feld darf nicht leer sein.\" aria-required=\"true\" data-invmsg=\"Bitte geben Sie eine g\u00fcltige E-Mail-Adresse ein.\" aria-invalid=\"false\"  \/>\r\n    \r\n    \r\n<\/div>\n<div id=\"frm_field_288_container\" class=\"frm_form_field form-field  frm_required_field frm_top_container frm6 frm_first\">\r\n\t<label for=\"field_y0si93\" id=\"field_y0si93_label\" class=\"frm_primary_label\">T\u00e9l\u00e9phone\r\n\t\t<span class=\"frm_required\" aria-hidden=\"true\">*<\/span>\r\n\t<\/label>\r\n\t<input type=\"tel\" id=\"field_y0si93\" name=\"item_meta[288]\" value=\"\"  data-reqmsg=\"Dieses Feld darf nicht leer sein.\" aria-required=\"true\" data-invmsg=\"T\u00e9l\u00e9phone ist ung\u00fcltig\" aria-invalid=\"false\" pattern=\"((\\+\\d{1,3}(-|.| )?\\(?\\d\\)?(-| |.)?\\d{1,5})|(\\(?\\d{2,6}\\)?))(-|.| )?(\\d{3,4})(-|.| )?(\\d{4})(( x| ext)\\d{1,5}){0,1}$\"  \/>\r\n\t\r\n\t\r\n<\/div>\n<div id=\"frm_field_289_container\" class=\"frm_form_field form-field  frm_required_field frm_top_container frm6\">\r\n\t<label for=\"field_id8y63\" id=\"field_id8y63_label\" class=\"frm_primary_label\">Mobil\r\n\t\t<span class=\"frm_required\" aria-hidden=\"true\">*<\/span>\r\n\t<\/label>\r\n\t<input type=\"tel\" id=\"field_id8y63\" name=\"item_meta[289]\" value=\"\"  data-reqmsg=\"Dieses Feld darf nicht leer sein.\" aria-required=\"true\" data-invmsg=\"Mobil ist ung\u00fcltig\" aria-invalid=\"false\" pattern=\"((\\+\\d{1,3}(-|.| )?\\(?\\d\\)?(-| |.)?\\d{1,5})|(\\(?\\d{2,6}\\)?))(-|.| )?(\\d{3,4})(-|.| )?(\\d{4})(( x| ext)\\d{1,5}){0,1}$\"  \/>\r\n\t\r\n\t\r\n<\/div>\n<div id=\"frm_field_290_container\" class=\"frm_form_field form-field  frm_top_container\">\r\n\t<label for=\"field_xzfdd3\" id=\"field_xzfdd3_label\" class=\"frm_primary_label\">Soignez-vous des domaines th\u00e9matiques particuliers dans le champ psychosomatique ?\r\n\t\t<span class=\"frm_required\" aria-hidden=\"true\"><\/span>\r\n\t<\/label>\r\n\t<textarea data-auto-grow=\"1\"  name=\"item_meta[290]\" id=\"field_xzfdd3\" rows=\"7\"  data-invmsg=\"Soignez-vous des domaines th\u00e9matiques particuliers dans le champ psychosomatique ? ist ung\u00fcltig\" aria-invalid=\"false\"  ><\/textarea>\r\n\t\r\n\t\r\n<\/div>\n<input type=\"hidden\" name=\"frm_page_order_9\" id=\"frm_page_order_9\" value=\"25\" \/>\t\t<input  type=\"hidden\" name=\"item_meta[293]\" id=\"field_2c1h12-0\" value=\"\"     \/>\n\t\t\t\t<input  type=\"hidden\" name=\"item_meta[294]\" id=\"field_38mfb2\" value=\"\"     \/>\n\t\t\t\t<input  type=\"hidden\" name=\"item_meta[296]\" id=\"field_s211j3\" value=\"\"     \/>\n\t\t\t\t<input  type=\"hidden\" name=\"item_meta[297]\" id=\"field_kof383\" value=\"\"     \/>\n\t\t\t\t<input  type=\"hidden\" name=\"item_meta[298]\" id=\"field_z1kpq5\" value=\"\"     \/>\n\t\t\t\t<input  type=\"hidden\" name=\"item_meta[299]\" id=\"field_yrjfp5\" value=\"\"     \/>\n\t\t\t<input type=\"hidden\" name=\"item_key\" value=\"\" \/>\n\t\t\t<div id=\"frm_field_904_container\">\n\t\t\t<label for=\"field_hf3uq\" >\n\t\t\t\tSi vous \u00eates un humain, ne remplissez pas ce champ.\t\t\t<\/label>\n\t\t\t<input  id=\"field_hf3uq\" type=\"text\" class=\"frm_form_field form-field frm_verify\" name=\"item_meta[904]\" value=\"\"  \/>\n\t\t<\/div>\n\t\t<input name=\"frm_state\" type=\"hidden\" value=\"iZYXYKQ8AYWbDSGMo\/WtxhdZjqs\/i+PWfW7o8MKvVpPlRE\/C2Ae6qkMqy\/XtHKIC\" \/><div class=\"frm_submit frm_flex\">\r\n<button class=\"frm_button_submit\" type=\"submit\"   formnovalidate=\"formnovalidate\">Continuer le formulaire<\/button>\r\n\r\n\r\n\r\n<\/div><\/div>\n<\/fieldset>\n<\/div>\n\n<\/form>\n<\/div>\n\n\n            \n        <\/div>\n    <\/div>\n<\/div>","protected":false},"excerpt":{"rendered":"","protected":false},"author":1,"featured_media":0,"parent":0,"menu_order":0,"comment_status":"closed","ping_status":"closed","template":"","meta":{"_acf_changed":false,"footnotes":""},"class_list":["post-3785","page","type-page","status-publish","hentry"],"acf":[],"_links":{"self":[{"href":"https:\/\/www.sappm.ch\/fr\/wp-json\/wp\/v2\/pages\/3785","targetHints":{"allow":["GET"]}}],"collection":[{"href":"https:\/\/www.sappm.ch\/fr\/wp-json\/wp\/v2\/pages"}],"about":[{"href":"https:\/\/www.sappm.ch\/fr\/wp-json\/wp\/v2\/types\/page"}],"author":[{"embeddable":true,"href":"https:\/\/www.sappm.ch\/fr\/wp-json\/wp\/v2\/users\/1"}],"replies":[{"embeddable":true,"href":"https:\/\/www.sappm.ch\/fr\/wp-json\/wp\/v2\/comments?post=3785"}],"version-history":[{"count":2,"href":"https:\/\/www.sappm.ch\/fr\/wp-json\/wp\/v2\/pages\/3785\/revisions"}],"predecessor-version":[{"id":19330,"href":"https:\/\/www.sappm.ch\/fr\/wp-json\/wp\/v2\/pages\/3785\/revisions\/19330"}],"wp:attachment":[{"href":"https:\/\/www.sappm.ch\/fr\/wp-json\/wp\/v2\/media?parent=3785"}],"curies":[{"name":"wp","href":"https:\/\/api.w.org\/{rel}","templated":true}]}}