{"id":3800,"date":"2024-07-18T09:23:51","date_gmt":"2024-07-18T07:23:51","guid":{"rendered":"https:\/\/xawekybe.cyon.site\/?page_id=3800"},"modified":"2024-09-14T19:11:31","modified_gmt":"2024-09-14T17:11:31","slug":"medecine-psychosomatique","status":"publish","type":"page","link":"https:\/\/www.sappm.ch\/fr\/medecine-psychosomatique\/","title":{"rendered":"M\u00e9decine psychosomatique"},"content":{"rendered":"\n<div  class=\"block block-lead bg-element pb-gross\">\n    <div class=\"main-container\">\n        <div class=\"content-container lead-font-size\">\n            La m\u00e9decine psychosomatique est apparue au d\u00e9but du XXe si\u00e8cle, dans un contexte historique qui a vu la m\u00e9decine se sp\u00e9cialiser par organes, et la psychiatrie se s\u00e9parer de la m\u00e9decine somatique. En tant que formation m\u00e9dicale compl\u00e9mentaire, la m\u00e9decine psychosomatique repr\u00e9sente en Suisse une discipline transversale tr\u00e8s diversifi\u00e9e : le champ principal de l&rsquo;approche psychosomatique se trouve en m\u00e9decine de famille, mais l&rsquo;approche psychosomatique concerne aussi de nombreux autres domaines plus sp\u00e9cialis\u00e9s, tels que la psychosomatique p\u00e9diatrique, gyn\u00e9cologique, antalgique, dermatologique, nutritionnelle ou neurologique. Sur le plan acad\u00e9mique, la m\u00e9decine psychosomatique est repr\u00e9sent\u00e9e dans la pratique clinique, la recherche et l&rsquo;enseignement dans diverses universit\u00e9s et hautes \u00e9coles de Suisse.          <\/div>\n    <\/div>\n<\/div>\n\n\n<div  class=\"block block-content pb-mittel\">\n    <div class=\"main-container\">\n        <div class=\"content-container\">\n\n                            <h2 class=\"d5\">Mission clinique<\/h2>\n            \n            <p><strong>Troubles fonctionnels<\/strong><\/p>\n<p>De tr\u00e8s nombreux troubles physiques ne peuvent \u00eatre clairement r\u00e9duits \u00e0 une pathologie structurelle d&rsquo;organe ou \u00e0 un diagnostic psychiatrique, et \u00e9chappent ainsi \u00e0 une cat\u00e9gorisation cart\u00e9sienne dualiste : les maladies li\u00e9es au stress, les douleurs chroniques, ainsi que d&rsquo;autres souffrances physiques fonctionnelles ne peuvent \u00eatre comprises qu&rsquo;en consid\u00e9rant l&rsquo;organisme dans son ensemble, avec ses capacit\u00e9s perceptives et r\u00e9gulatrices. Les troubles fonctionnels sont tout-\u00e0-fait r\u00e9els, et peuvent aujourd&rsquo;hui \u00eatre expliqu\u00e9s par la neurophysiologie. L&rsquo;int\u00e9gration des plaintes fonctionnelles dans le contexte de l&rsquo;individu en tant qu&rsquo;ensemble psychophysique est n\u00e9cessaire.<\/p>\n<p>&nbsp;<\/p>\n<p><strong>Maladies complexes<\/strong><\/p>\n<p>Certains patients pr\u00e9sentent des sympt\u00f4mes \u00e0 la fois physiques, fonctionnels et psychologiques. On conna\u00eet des associations classiques de sympt\u00f4mes physiques et psychologiques, comme par exemple le diab\u00e8te et la d\u00e9pression, ou encore l&rsquo;infarctus et la d\u00e9pression. Il existe aussi de nombreuses maladies qui affectent la personne dans son ensemble: troubles alimentaires, troubles post-traumatiques, syndromes d&rsquo;hypersensibilit\u00e9, ainsi que maladies neurod\u00e9g\u00e9n\u00e9ratives, inflammatoires et endocriniennes chroniques. Une vision globale bio-psycho-sociale, int\u00e9grant les aspects organiques, psychologiques et relationnels la maladie, est indispensable.<\/p>\n\n            \n        <\/div>\n    <\/div>\n<\/div>\n\n\n<div  class=\"block block-content pt-mittel pb-mittel\">\n    <div class=\"main-container\">\n        <div class=\"content-container\">\n\n                            <h2 class=\"d5\">Mission de recherche et d&rsquo;enseignement<\/h2>\n            \n            <p><strong>M\u00e9decine psychosociale<\/strong><\/p>\n<p>La m\u00e9decine psychosociale est une discipline m\u00e9dicale fondamentale qui s&rsquo;int\u00e9resse aux interactions entre\u00a0 la sant\u00e9 physique et les dimensions psychosociales. Le \u00ab\u00a0mod\u00e8le biopsychosocial de la maladie\u00a0\u00bb est un paradigme de la m\u00e9decine psychosociale qui s&rsquo;est impos\u00e9 avec succ\u00e8s aujourd&rsquo;hui. D&rsquo;un point de vue scientifique, la m\u00e9decine psychosociale offre de nombreuses interfaces avec d&rsquo;autres disciplines m\u00e9dicales, telles que la m\u00e9decine sociale et pr\u00e9ventive, la psychologie m\u00e9dicale, l&rsquo;anthropologie m\u00e9dicale et la m\u00e9decine environnementale.<\/p>\n<p>&nbsp;<\/p>\n<p><strong>Psychologie en m\u00e9decine humaine <\/strong><\/p>\n<p>Dans sa fonction d&rsquo;interface et de domaine transversal, la m\u00e9decine psychosomatique et psychosociale est souvent \u00e0 la pointe de l&rsquo;impl\u00e9mentation des connaissances et des comp\u00e9tences psychologiques dans la formation initiale, postgradu\u00e9e et continue des m\u00e9decins. En plus des comp\u00e9tences scientifiques, la formation aux comp\u00e9tences sociales, communicationnelles et psychologiques est une contribution essentielle pour que la m\u00e9decine organique devienne une m\u00e9decine humaine \u00e0 part enti\u00e8re.<\/p>\n<p>&nbsp;<\/p>\n<p>&nbsp;<\/p>\n<p>&nbsp;<\/p>\n\n            \n        <\/div>\n    <\/div>\n<\/div>\n\n\n<div  class=\"block block-text-bild pb-mittel\">\n    <div class=\"main-container\">\n\n        <div class=\"columns-2\">\n                            <div class=\"column bild\">\n                    <img loading=\"lazy\" decoding=\"async\" width=\"600\" height=\"550\" src=\"https:\/\/www.sappm.ch\/wp-content\/uploads\/2024\/07\/Literatur-600x550.png\" class=\"attachment-medium size-medium\" alt=\"\" srcset=\"https:\/\/www.sappm.ch\/wp-content\/uploads\/2024\/07\/Literatur-600x550.png 600w, https:\/\/www.sappm.ch\/wp-content\/uploads\/2024\/07\/Literatur.png 602w\" sizes=\"auto, (max-width: 600px) 100vw, 600px\" \/>                <\/div>\n                            \n            <div class=\"column\">\n                \n                <p><strong>Envie d&rsquo;en savoir plus ?<\/strong><\/p>\n<p>Les ouvrages suivants donnent une vue d&rsquo;ensemble de la m\u00e9decine psychosomatique et constituent une bonne source de r\u00e9f\u00e9rences.<\/p>\n\n                                    <div class=\"button-group\">\n                                           <a class=\"btn btn-full btn-arrow\" href=\"https:\/\/www.sappm.ch\/fr\/2024\/07\/10\/books\/\" target=\"_self\">Livres sp\u00e9cialis\u00e9s et p\u00e9dagogiques actuels<\/a>\n                                        <\/div>\n                            <\/div>\n        <\/div>\n\n    <\/div>\n<\/div>","protected":false},"excerpt":{"rendered":"","protected":false},"author":1,"featured_media":2754,"parent":0,"menu_order":0,"comment_status":"closed","ping_status":"closed","template":"","meta":{"_acf_changed":false,"footnotes":""},"class_list":["post-3800","page","type-page","status-publish","has-post-thumbnail","hentry"],"acf":[],"_links":{"self":[{"href":"https:\/\/www.sappm.ch\/fr\/wp-json\/wp\/v2\/pages\/3800","targetHints":{"allow":["GET"]}}],"collection":[{"href":"https:\/\/www.sappm.ch\/fr\/wp-json\/wp\/v2\/pages"}],"about":[{"href":"https:\/\/www.sappm.ch\/fr\/wp-json\/wp\/v2\/types\/page"}],"author":[{"embeddable":true,"href":"https:\/\/www.sappm.ch\/fr\/wp-json\/wp\/v2\/users\/1"}],"replies":[{"embeddable":true,"href":"https:\/\/www.sappm.ch\/fr\/wp-json\/wp\/v2\/comments?post=3800"}],"version-history":[{"count":12,"href":"https:\/\/www.sappm.ch\/fr\/wp-json\/wp\/v2\/pages\/3800\/revisions"}],"predecessor-version":[{"id":6590,"href":"https:\/\/www.sappm.ch\/fr\/wp-json\/wp\/v2\/pages\/3800\/revisions\/6590"}],"wp:featuredmedia":[{"embeddable":true,"href":"https:\/\/www.sappm.ch\/fr\/wp-json\/wp\/v2\/media\/2754"}],"wp:attachment":[{"href":"https:\/\/www.sappm.ch\/fr\/wp-json\/wp\/v2\/media?parent=3800"}],"curies":[{"name":"wp","href":"https:\/\/api.w.org\/{rel}","templated":true}]}}