{"id":3825,"date":"2024-07-03T16:41:50","date_gmt":"2024-07-03T14:41:50","guid":{"rendered":"https:\/\/xawekybe.cyon.site\/?page_id=3825"},"modified":"2024-12-18T15:20:46","modified_gmt":"2024-12-18T14:20:46","slug":"young-swiss-psychosomatics","status":"publish","type":"page","link":"https:\/\/www.sappm.ch\/fr\/groupes-regionaux-specialises-et-de-travail-rpt\/young-swiss-psychosomatics\/","title":{"rendered":"Young Swiss Psychosomatics"},"content":{"rendered":"\n<div  class=\"block block-image main-container pb-mittel\">\n    <div class=\"image-container\">\n            <\/div>\n    \n    \n    <\/div>\n<div  class=\"block block-lead bg-element pb-mittel\">\n    <div class=\"main-container\">\n        <div class=\"content-container lead-font-size\">\n            Vous \u00eates un(e) jeune m\u00e9decin et vous vous int\u00e9ressez \u00e0 la m\u00e9decine psychosomatique, mais vous n&rsquo;avez pas encore eu beaucoup de contacts avec des sp\u00e9cialistes de la m\u00e9decine psychosomatique ? Ou vous voulez vous former \u00e0 la m\u00e9decine psychosomatique, mais vous ne savez pas par o\u00f9 commencer ? C&rsquo;est pr\u00e9cis\u00e9ment pour cette raison que nous avons cr\u00e9\u00e9 la Jeune Psychosomatique Suisse.\n\n\n\n        <\/div>\n    <\/div>\n<\/div>\n<div class=\"block block-akkordeon pb-mittel\">\n    <div class=\"main-container\">\n        <h2><\/h2>\n                    <div class=\"accordion agenda-item\">\n                                    <div class=\"accordion-item\">\n                        <div class=\"accordion-toggle dark\">\n                            <div class=\"infos transition\">\n                                <span class=\"text\">Plus d&rsquo;infos<\/span>\n                                <span class=\"icon-more\"><\/span>\n                                <span class=\"icon-less\"><\/span>\n                            <\/div>\n                            <div class=\"inner\">\n                                <h3 class=\"d6 agenda-title\">Qui sommes-nous ?<\/h3>\n                            <\/div>\n                        <\/div>\n                        <div class=\"accordion-content\">\n                            <div class=\"inner\">\n                                <p>La Jeune Psychosomatique Suisse est un r\u00e9seau qui s&rsquo;adresse aux futurs et jeunes m\u00e9decins. Notre objectif principal est de promouvoir la formation initiale et continue pr\u00e9coce dans cette sp\u00e9cialit\u00e9, de mettre en r\u00e9seau les personnes int\u00e9ress\u00e9es et de diffuser les th\u00e8mes psychosomatiques en Suisse. Nous nous engageons \u00e0 transmettre des comp\u00e9tences psychosomatiques, \u00e0 am\u00e9liorer la prise en charge des patients psychosomatiques et \u00e0 fa\u00e7onner et renforcer activement l&rsquo;avenir de la m\u00e9decine psychosomatique par une formation continue cibl\u00e9e et un travail en r\u00e9seau. Nous nous engageons pour une m\u00e9decine psychosomatique attractive, forte et orient\u00e9e vers l&rsquo;avenir. Nous encourageons l&rsquo;\u00e9change d&rsquo;id\u00e9es et d&rsquo;exp\u00e9riences, soutenons et motivons les jeunes m\u00e9decins int\u00e9ress\u00e9s par la psychosomatique et analysons leurs questions et pr\u00e9occupations sp\u00e9cifiques. <\/p>\n                            <\/div>\n                        <\/div>\n                    <\/div>\n                                    <div class=\"accordion-item\">\n                        <div class=\"accordion-toggle dark\">\n                            <div class=\"infos transition\">\n                                <span class=\"text\">Plus d&rsquo;infos<\/span>\n                                <span class=\"icon-more\"><\/span>\n                                <span class=\"icon-less\"><\/span>\n                            <\/div>\n                            <div class=\"inner\">\n                                <h3 class=\"d6 agenda-title\">Comment devenir membre ?<\/h3>\n                            <\/div>\n                        <\/div>\n                        <div class=\"accordion-content\">\n                            <div class=\"inner\">\n                                <p>Si vous \u00eates int\u00e9ress\u00e9, contactez <a href=\"simon.lerch@sappm.ch\">Simon Lerch<\/a><br \/>\nL&rsquo;adh\u00e9sion \u00e0 notre association est gratuite et nous sommes un groupe sp\u00e9cialis\u00e9 de l&rsquo;Acad\u00e9mie suisse pour la m\u00e9decine psychosomatique et psychosociale (SAPPM).<\/p>\n                            <\/div>\n                        <\/div>\n                    <\/div>\n                                    <div class=\"accordion-item\">\n                        <div class=\"accordion-toggle dark\">\n                            <div class=\"infos transition\">\n                                <span class=\"text\">Plus d&rsquo;infos<\/span>\n                                <span class=\"icon-more\"><\/span>\n                                <span class=\"icon-less\"><\/span>\n                            <\/div>\n                            <div class=\"inner\">\n                                <h3 class=\"d6 agenda-title\">Ce que nous faisons \/ ce qui vous attend en tant que membre ?<\/h3>\n                            <\/div>\n                        <\/div>\n                        <div class=\"accordion-content\">\n                            <div class=\"inner\">\n                                <p>Actuellement, nous sommes en train de mettre en place la Jeune Psychosomatique Suisse. Cela signifie que nous d\u00e9veloppons notre r\u00e9seau afin d&rsquo;organiser des rencontres r\u00e9guli\u00e8res pour que vous puissiez vous aussi respirer l&rsquo;air de la m\u00e9decine psychosomatique en toute simplicit\u00e9 et \u00e9changer avec nous sur des cas psychosomatiques et sur le d\u00e9roulement de la formation continue. <\/p>\n                            <\/div>\n                        <\/div>\n                    <\/div>\n                                    <div class=\"accordion-item\">\n                        <div class=\"accordion-toggle dark\">\n                            <div class=\"infos transition\">\n                                <span class=\"text\">Plus d&rsquo;infos<\/span>\n                                <span class=\"icon-more\"><\/span>\n                                <span class=\"icon-less\"><\/span>\n                            <\/div>\n                            <div class=\"inner\">\n                                <h3 class=\"d6 agenda-title\">Prochains \u00e9v\u00e9nements<\/h3>\n                            <\/div>\n                        <\/div>\n                        <div class=\"accordion-content\">\n                            <div class=\"inner\">\n                                <p><a href=\"https:\/\/www.sappm.ch\/fr\/2024\/07\/10\/congres-annuel-2025\/\">Congr\u00e8s annuel SAPPM 2025<\/a><\/p>\n                            <\/div>\n                        <\/div>\n                    <\/div>\n                            <\/div>\n            <\/div>\n<\/div>\n\n<div  class=\"block block-personen pb-mittel\">\n            <div class=\"main-container\">\n            <div class=\"content-container\">\n                    <h2 class=\"d5\">Personne \u00e0 contacter<\/h2>\n\n                \n\n<div class=\"person-teaser\">\n    <div class=\"bild\">\n        <img loading=\"lazy\" decoding=\"async\" width=\"180\" height=\"240\" src=\"https:\/\/www.sappm.ch\/wp-content\/uploads\/2024\/07\/WhatsApp-Bild-2024-08-19-um-11.03.22_096943b2-180x240.jpg\" class=\"attachment-person size-person wp-post-image\" alt=\"\" \/>    <\/div>\n\n    <div class=\"person-inhalt\">\n        <span class=\"akad-titel\">Med. pract.<\/span>\n        <h3 class=\"d6 color-blue mb-10\">Simon Lerch<\/h3>\n\n                <div class=\"mb-20\">\n            <p>Assistenzarzt Allgemeine Innere Medizin<\/p>\n        <\/div>\n                \n        \n                    <div class=\"content-icons standard-link\">\n                                <p><a href=\"mailto:junge@sappm.ch\"><span class=\"mail\"><\/span> junge@sappm.ch<\/a><\/p>\n                \n                \n                \n                            <\/div>\n            <\/div>\n<\/div>\n\n                <\/div>\n        <\/div>\n     <\/div>\n\n<div  class=\"block block-personen pb-mittel\">\n            <div class=\"main-container\">\n            <div class=\"content-container\">\n                    <h2 class=\"d5\">Comit\u00e9 d&#039;initiation<\/h2>\n\n                \n\n<div class=\"person-teaser\">\n    <div class=\"bild\">\n        <img loading=\"lazy\" decoding=\"async\" width=\"180\" height=\"240\" src=\"https:\/\/www.sappm.ch\/wp-content\/uploads\/2024\/10\/Angi-Buser-180x240.jpg\" class=\"attachment-person size-person wp-post-image\" alt=\"\" \/>    <\/div>\n\n    <div class=\"person-inhalt\">\n        <span class=\"akad-titel\"><\/span>\n        <h3 class=\"d6 color-blue mb-10\">Angeline Buser<\/h3>\n\n                <div class=\"mb-20\">\n            <p>Assistenz\u00e4rztin FMH Allgemeine Innere Medizin<\/p>\n        <\/div>\n                \n        \n            <\/div>\n<\/div>\n\n\n\n<div class=\"person-teaser\">\n    <div class=\"bild\">\n        <img loading=\"lazy\" decoding=\"async\" width=\"180\" height=\"240\" src=\"https:\/\/www.sappm.ch\/wp-content\/uploads\/2024\/10\/Anneke-Fischer-180x240.jpg\" class=\"attachment-person size-person wp-post-image\" alt=\"\" \/>    <\/div>\n\n    <div class=\"person-inhalt\">\n        <span class=\"akad-titel\"><\/span>\n        <h3 class=\"d6 color-blue mb-10\">Anneke Fischer<\/h3>\n\n                <div class=\"mb-20\">\n            <p>Assistenz\u00e4rztin Allgemeine Innere Medizin<\/p>\n        <\/div>\n                \n        \n            <\/div>\n<\/div>\n\n\n\n<div class=\"person-teaser\">\n    <div class=\"bild\">\n        <img loading=\"lazy\" decoding=\"async\" width=\"180\" height=\"240\" src=\"https:\/\/www.sappm.ch\/wp-content\/uploads\/2024\/10\/Foto-Larissa-Graf-180x240.jpg\" class=\"attachment-person size-person wp-post-image\" alt=\"\" \/>    <\/div>\n\n    <div class=\"person-inhalt\">\n        <span class=\"akad-titel\"><\/span>\n        <h3 class=\"d6 color-blue mb-10\">Larissa Graf<\/h3>\n\n                <div class=\"mb-20\">\n            <p>Assistenz\u00e4rztin Allgemeine Innere Medizin<\/p>\n        <\/div>\n                \n        \n            <\/div>\n<\/div>\n\n\n\n<div class=\"person-teaser\">\n    <div class=\"bild\">\n        <img loading=\"lazy\" decoding=\"async\" width=\"180\" height=\"240\" src=\"https:\/\/www.sappm.ch\/wp-content\/uploads\/2024\/10\/Foto-Florine-180x240.png\" class=\"attachment-person size-person wp-post-image\" alt=\"\" \/>    <\/div>\n\n    <div class=\"person-inhalt\">\n        <span class=\"akad-titel\"><\/span>\n        <h3 class=\"d6 color-blue mb-10\">Florine Guenat<\/h3>\n\n                \n        \n            <\/div>\n<\/div>\n\n\n\n<div class=\"person-teaser\">\n    <div class=\"bild\">\n            <\/div>\n\n    <div class=\"person-inhalt\">\n        <span class=\"akad-titel\">Dr. med.<\/span>\n        <h3 class=\"d6 color-blue mb-10\">Lydia Maderthaner<\/h3>\n\n                <div class=\"mb-20\">\n            <p>FMH Psychiatrie und Psychotherapie<\/p>\n        <\/div>\n                        <div class=\"mb-20\">\n            <p>Universit\u00e4tsklinik f\u00fcr Neurologie, Kompetenzbereich f\u00fcr psychosomatische Medizin, Inselspital Bern<\/p>\n        <\/div>\n        \n        \n            <\/div>\n<\/div>\n\n                <\/div>\n        <\/div>\n     <\/div>\n\n<div  class=\"block block-personen pb-mittel\">\n            <div class=\"main-container\">\n            <div class=\"content-container\">\n                    <h2 class=\"d5\">Administration<\/h2>\n\n                \n\n<div class=\"person-teaser\">\n    <div class=\"bild\">\n        <img loading=\"lazy\" decoding=\"async\" width=\"180\" height=\"240\" src=\"https:\/\/www.sappm.ch\/wp-content\/uploads\/2024\/03\/29-Maeder-Astrid-3190174-180x240.jpg\" class=\"attachment-person size-person wp-post-image\" alt=\"\" srcset=\"https:\/\/www.sappm.ch\/wp-content\/uploads\/2024\/03\/29-Maeder-Astrid-3190174-180x240.jpg 180w, https:\/\/www.sappm.ch\/wp-content\/uploads\/2024\/03\/29-Maeder-Astrid-3190174-450x600.jpg 450w, https:\/\/www.sappm.ch\/wp-content\/uploads\/2024\/03\/29-Maeder-Astrid-3190174-768x1024.jpg 768w, https:\/\/www.sappm.ch\/wp-content\/uploads\/2024\/03\/29-Maeder-Astrid-3190174-1152x1536.jpg 1152w, https:\/\/www.sappm.ch\/wp-content\/uploads\/2024\/03\/29-Maeder-Astrid-3190174.jpg 1536w\" sizes=\"auto, (max-width: 180px) 100vw, 180px\" \/>    <\/div>\n\n    <div class=\"person-inhalt\">\n        <span class=\"akad-titel\"><\/span>\n        <h3 class=\"d6 color-blue mb-10\">Astrid Maeder<\/h3>\n\n                        <div class=\"mb-20\">\n            <p>SAPPM  ASMPP<\/p>\n        <\/div>\n        \n                <div class=\"mb-20\">\n                            <p>Postfach<\/p>\n                                        <p>6260 Reiden<\/p>\n                    <\/div>\n        \n                    <div class=\"content-icons standard-link\">\n                                <p><a href=\"mailto:info@sappm.ch\"><span class=\"mail\"><\/span> info@sappm.ch<\/a><\/p>\n                \n                                    <p><a href=\"http:\/\/+41774190195\" target=\"_blank\" rel=\"nofollow\"><span class=\"tel\"><\/span> +41 77 419 01 95<\/a><\/p>\n                \n                                    <p><a href=\"https:\/\/www.sappm.ch\" target=\"_blank\"><span class=\"web\"><\/span> www.sappm.ch<\/a><\/p>\n                \n                            <\/div>\n            <\/div>\n<\/div>\n\n                <\/div>\n        <\/div>\n     <\/div>\n","protected":false},"excerpt":{"rendered":"","protected":false},"author":3,"featured_media":0,"parent":3803,"menu_order":0,"comment_status":"closed","ping_status":"closed","template":"","meta":{"_acf_changed":false,"footnotes":""},"class_list":["post-3825","page","type-page","status-publish","hentry"],"acf":[],"_links":{"self":[{"href":"https:\/\/www.sappm.ch\/fr\/wp-json\/wp\/v2\/pages\/3825","targetHints":{"allow":["GET"]}}],"collection":[{"href":"https:\/\/www.sappm.ch\/fr\/wp-json\/wp\/v2\/pages"}],"about":[{"href":"https:\/\/www.sappm.ch\/fr\/wp-json\/wp\/v2\/types\/page"}],"author":[{"embeddable":true,"href":"https:\/\/www.sappm.ch\/fr\/wp-json\/wp\/v2\/users\/3"}],"replies":[{"embeddable":true,"href":"https:\/\/www.sappm.ch\/fr\/wp-json\/wp\/v2\/comments?post=3825"}],"version-history":[{"count":0,"href":"https:\/\/www.sappm.ch\/fr\/wp-json\/wp\/v2\/pages\/3825\/revisions"}],"up":[{"embeddable":true,"href":"https:\/\/www.sappm.ch\/fr\/wp-json\/wp\/v2\/pages\/3803"}],"wp:attachment":[{"href":"https:\/\/www.sappm.ch\/fr\/wp-json\/wp\/v2\/media?parent=3825"}],"curies":[{"name":"wp","href":"https:\/\/api.w.org\/{rel}","templated":true}]}}