{"id":3831,"date":"2024-05-22T11:33:08","date_gmt":"2024-05-22T09:33:08","guid":{"rendered":"https:\/\/xawekybe.cyon.site\/?page_id=3831"},"modified":"2025-09-11T14:22:39","modified_gmt":"2025-09-11T12:22:39","slug":"psychosomatik-bern","status":"publish","type":"page","link":"https:\/\/www.sappm.ch\/fr\/groupes-regionaux-specialises-et-de-travail-rpt\/psychosomatik-bern\/","title":{"rendered":"Psychosomatik Bern"},"content":{"rendered":"\n<div  class=\"block block-image main-container pb-mittel\">\n    <div class=\"image-container\">\n        <img loading=\"lazy\" decoding=\"async\" width=\"1024\" height=\"321\" src=\"https:\/\/www.sappm.ch\/wp-content\/uploads\/2024\/05\/Logo-Psychosomatik-Bern-1024x321.jpg\" class=\"attachment-large size-large\" alt=\"\" srcset=\"https:\/\/www.sappm.ch\/wp-content\/uploads\/2024\/05\/Logo-Psychosomatik-Bern-1024x321.jpg 1024w, https:\/\/www.sappm.ch\/wp-content\/uploads\/2024\/05\/Logo-Psychosomatik-Bern-600x188.jpg 600w, https:\/\/www.sappm.ch\/wp-content\/uploads\/2024\/05\/Logo-Psychosomatik-Bern-768x241.jpg 768w, https:\/\/www.sappm.ch\/wp-content\/uploads\/2024\/05\/Logo-Psychosomatik-Bern.jpg 1220w\" sizes=\"auto, (max-width: 1024px) 100vw, 1024px\" \/>    <\/div>\n    \n    \n    <\/div>\n<div  class=\"block block-downloads pb-mittel\">\n    <div class=\"main-container\">\n        <div class=\"content-container\">\n            \n            <h2 class=\"d5\">Programme annuel et t\u00e9l\u00e9chargements<\/h2>\n            <p>Nous vous remercions de votre compr\u00e9hension si les transmissions de zoom pr\u00e9sentent parfois des difficult\u00e9s techniques mineures. Nous nous effor\u00e7ons toujours de garantir une transmission sans faille. <\/p>\n\n            <div class=\"downloads\">\n                                                                                       <a class=\"download\" href=\"https:\/\/www.sappm.ch\/wp-content\/uploads\/2024\/11\/Programm_2025_PSB_Neu.pdf\" target=\"_blank\">\n                                Programme annuel 2025                            <\/a>\n                                                                                                <a class=\"download\" href=\"https:\/\/www.sappm.ch\/wp-content\/uploads\/2024\/05\/Programm_Fortbildungen_2024.pdf\" target=\"_blank\">\n                                Jahresprogramm 2024                            <\/a>\n                                                                                                <a class=\"download\" href=\"https:\/\/www.sappm.ch\/wp-content\/uploads\/2024\/05\/Jahresbericht-2024.pdf\" target=\"_blank\">\n                                Jahresbericht 2024                            <\/a>\n                                                                                                <a class=\"download\" href=\"https:\/\/www.sappm.ch\/wp-content\/uploads\/2024\/05\/Statuten-Psychosomatik-Bern-6.17.pdf\" target=\"_blank\">\n                                Statuten Psychosomatik Bern                            <\/a>\n                                                                        <\/div>\n\n        <\/div>\n    <\/div>\n<\/div><div class=\"break\"><\/div>\n\n<div  class=\"block block-personen pb-mittel\">\n            <div class=\"main-container\">\n            <div class=\"content-container\">\n                    <h2 class=\"d5\">Pr\u00e9sidente<\/h2>\n\n                \n\n<div class=\"person-teaser\">\n    <div class=\"bild\">\n        <img loading=\"lazy\" decoding=\"async\" width=\"180\" height=\"240\" src=\"https:\/\/www.sappm.ch\/wp-content\/uploads\/2024\/05\/FotoNina-180x240.jpg\" class=\"attachment-person size-person wp-post-image\" alt=\"\" \/>    <\/div>\n\n    <div class=\"person-inhalt\">\n        <span class=\"akad-titel\">Dr. med.<\/span>\n        <h3 class=\"d6 color-blue mb-10\">Nina Bischoff<\/h3>\n\n                <div class=\"mb-20\">\n            <p>FMH Allgemeine Innere Medizin, spez. Psychosomatische und Psychosoziale Medizin (SAPPM)<\/p>\n        <\/div>\n                        <div class=\"mb-20\">\n            <p>Leiterin Kompetenzbereich Psychosomatische und Psychosoziale Medizin, Universit\u00e4tsklinik f\u00fcr Neurologie, Inselspital, C.F. Lory Haus<\/p>\n        <\/div>\n        \n                <div class=\"mb-20\">\n                            <p>Freiburgstrasse (Rosenb\u00fchlgasse 25)<\/p>\n                                        <p>3010 Bern<\/p>\n                    <\/div>\n        \n                    <div class=\"content-icons standard-link\">\n                                <p><a href=\"mailto:nina.bischoff@insel.ch\"><span class=\"mail\"><\/span> nina.bischoff@insel.ch<\/a><\/p>\n                \n                                    <p><a href=\"http:\/\/+41%2031%20632%2020%2019\" target=\"_blank\" rel=\"nofollow\"><span class=\"tel\"><\/span> +41 31 632 20 19<\/a><\/p>\n                \n                                    <p><a href=\"https:\/\/neurologie.insel.ch\/de\/unser-angebot\/psychosomatische-medizin\" target=\"_blank\" rel=\"nofollow noopener\"><span class=\"web\"><\/span> Universit\u00e4re Psychosomatische Medizin <\/a><\/p>\n                \n                            <\/div>\n            <\/div>\n<\/div>\n\n                <\/div>\n        <\/div>\n     <\/div>\n\n<div  class=\"block block-personen pb-mittel\">\n            <div class=\"main-container\">\n            <div class=\"content-container\">\n                    <h2 class=\"d5\">Vice-pr\u00e9sident<\/h2>\n\n                \n\n<div class=\"person-teaser\">\n    <div class=\"bild\">\n        <img loading=\"lazy\" decoding=\"async\" width=\"180\" height=\"240\" src=\"https:\/\/www.sappm.ch\/wp-content\/uploads\/2024\/05\/Foto-Daniel-Horat-180x240.jpg\" class=\"attachment-person size-person wp-post-image\" alt=\"\" srcset=\"https:\/\/www.sappm.ch\/wp-content\/uploads\/2024\/05\/Foto-Daniel-Horat-180x240.jpg 180w, https:\/\/www.sappm.ch\/wp-content\/uploads\/2024\/05\/Foto-Daniel-Horat-450x600.jpg 450w, https:\/\/www.sappm.ch\/wp-content\/uploads\/2024\/05\/Foto-Daniel-Horat-768x1024.jpg 768w, https:\/\/www.sappm.ch\/wp-content\/uploads\/2024\/05\/Foto-Daniel-Horat.jpg 960w\" sizes=\"auto, (max-width: 180px) 100vw, 180px\" \/>    <\/div>\n\n    <div class=\"person-inhalt\">\n        <span class=\"akad-titel\">Med. pract.<\/span>\n        <h3 class=\"d6 color-blue mb-10\">Daniel Horat<\/h3>\n\n                <div class=\"mb-20\">\n            <p>FMH Allgemeine Innere Medizin, spez Psychosomatische und Psychosoziale Medizin (SAPPM)<\/p>\n        <\/div>\n                        <div class=\"mb-20\">\n            <p>Gemeinschaftspraxis Brunnmatt AG<\/p>\n        <\/div>\n        \n                <div class=\"mb-20\">\n                            <p>Tscharnerstrasse 37<\/p>\n                                        <p>3007 Bern<\/p>\n                    <\/div>\n        \n                    <div class=\"content-icons standard-link\">\n                                <p><a href=\"mailto:d.horat@hin.ch\"><span class=\"mail\"><\/span> d.horat@hin.ch<\/a><\/p>\n                \n                                    <p><a href=\"http:\/\/+41%2031%20378%2038%2038\" target=\"_blank\" rel=\"nofollow\"><span class=\"tel\"><\/span> +41 31 378 38 38<\/a><\/p>\n                \n                \n                            <\/div>\n            <\/div>\n<\/div>\n\n                <\/div>\n        <\/div>\n     <\/div>\n\n<div  class=\"block block-personen pb-mittel\">\n            <div class=\"main-container\">\n            <div class=\"content-container\">\n                    <h2 class=\"d5\">Tr\u00e9sorier<\/h2>\n\n                \n\n<div class=\"person-teaser\">\n    <div class=\"bild\">\n        <img loading=\"lazy\" decoding=\"async\" width=\"180\" height=\"240\" src=\"https:\/\/www.sappm.ch\/wp-content\/uploads\/2024\/05\/Foto-Steiner-Markus-180x240.jpg\" class=\"attachment-person size-person wp-post-image\" alt=\"\" \/>    <\/div>\n\n    <div class=\"person-inhalt\">\n        <span class=\"akad-titel\">Dr. med. EMBA<\/span>\n        <h3 class=\"d6 color-blue mb-10\">Markus Steiner<\/h3>\n\n                <div class=\"mb-20\">\n            <p>FMH Allgemeine Innere Medizin, spez. Psychosomatische und Psychosoziale Medizin (SAPPM)<\/p>\n        <\/div>\n                \n                <div class=\"mb-20\">\n                            <p>Welle 7, Schanzenstrasse 5<\/p>\n                                        <p>3001 Bern<\/p>\n                    <\/div>\n        \n                    <div class=\"content-icons standard-link\">\n                                <p><a href=\"mailto:markus.steiner@sanacare.ch\"><span class=\"mail\"><\/span> markus.steiner@sanacare.ch<\/a><\/p>\n                \n                                    <p><a href=\"http:\/\/+41%2031%20385%2071%2011\" target=\"_blank\" rel=\"nofollow\"><span class=\"tel\"><\/span> +41 31 385 71 11<\/a><\/p>\n                \n                \n                            <\/div>\n            <\/div>\n<\/div>\n\n                <\/div>\n        <\/div>\n     <\/div>\n\n<div  class=\"block block-personen pb-mittel\">\n            <div class=\"main-container\">\n            <div class=\"content-container\">\n                    <h2 class=\"d5\">Assesseur(s)<\/h2>\n\n                \n\n<div class=\"person-teaser\">\n    <div class=\"bild\">\n        <img loading=\"lazy\" decoding=\"async\" width=\"180\" height=\"240\" src=\"https:\/\/www.sappm.ch\/wp-content\/uploads\/2024\/05\/Florian-180x240.jpg\" class=\"attachment-person size-person wp-post-image\" alt=\"\" \/>    <\/div>\n\n    <div class=\"person-inhalt\">\n        <span class=\"akad-titel\">Dr. med.<\/span>\n        <h3 class=\"d6 color-blue mb-10\">Florian Reisig<\/h3>\n\n                <div class=\"mb-20\">\n            <p>FMH An\u00e4sthesiologie, spez. Psychosomatische und Psychosoziale Medizin (SAPPM)<\/p>\n        <\/div>\n                        <div class=\"mb-20\">\n            <p>Praxis 4P <\/p>\n        <\/div>\n        \n                <div class=\"mb-20\">\n                            <p>Kirchbergstrasse 97<\/p>\n                                        <p>3400 Burgdorf<\/p>\n                    <\/div>\n        \n                    <div class=\"content-icons standard-link\">\n                                <p><a href=\"mailto:reisig.office@hin.ch\"><span class=\"mail\"><\/span> reisig.office@hin.ch<\/a><\/p>\n                \n                                    <p><a href=\"http:\/\/+41%2034%20423%2009%2016\" target=\"_blank\" rel=\"nofollow\"><span class=\"tel\"><\/span> 034 423 09 16<\/a><\/p>\n                \n                \n                            <\/div>\n            <\/div>\n<\/div>\n\n\n\n<div class=\"person-teaser\">\n    <div class=\"bild\">\n        <img loading=\"lazy\" decoding=\"async\" width=\"180\" height=\"223\" src=\"https:\/\/www.sappm.ch\/wp-content\/uploads\/2024\/05\/Foto-Thomas-Rossi-180x223.jpg\" class=\"attachment-person size-person wp-post-image\" alt=\"\" \/>    <\/div>\n\n    <div class=\"person-inhalt\">\n        <span class=\"akad-titel\"><\/span>\n        <h3 class=\"d6 color-blue mb-10\">Thomas Rossi<\/h3>\n\n                <div class=\"mb-20\">\n            <p> Psychologe MSc <\/p>\n        <\/div>\n                        <div class=\"mb-20\">\n            <p>Zentrum f\u00fcr Schmerz- und Stressmedizin ZSSM Bern<\/p>\n        <\/div>\n        \n                <div class=\"mb-20\">\n                            <p>Neuengasse 39<\/p>\n                                        <p>3011 Bern<\/p>\n                    <\/div>\n        \n                    <div class=\"content-icons standard-link\">\n                                <p><a href=\"mailto:thomas.rossi@rehaklinik-hasliberg.ch\"><span class=\"mail\"><\/span> thomas.rossi@rehaklinik-hasliberg.ch<\/a><\/p>\n                \n                                    <p><a href=\"http:\/\/+41%2033%20533%2092%2057\" target=\"_blank\" rel=\"nofollow\"><span class=\"tel\"><\/span> +41 33 533 92 57<\/a><\/p>\n                \n                \n                            <\/div>\n            <\/div>\n<\/div>\n\n                <\/div>\n        <\/div>\n     <\/div>\n\n<div  class=\"block block-personen pb-mittel\">\n            <div class=\"main-container\">\n            <div class=\"content-container\">\n                    <h2 class=\"d5\">Administration<\/h2>\n\n                \n\n<div class=\"person-teaser\">\n    <div class=\"bild\">\n        <img loading=\"lazy\" decoding=\"async\" width=\"180\" height=\"240\" src=\"https:\/\/www.sappm.ch\/wp-content\/uploads\/2024\/03\/29-Maeder-Astrid-3190174-180x240.jpg\" class=\"attachment-person size-person wp-post-image\" alt=\"\" srcset=\"https:\/\/www.sappm.ch\/wp-content\/uploads\/2024\/03\/29-Maeder-Astrid-3190174-180x240.jpg 180w, https:\/\/www.sappm.ch\/wp-content\/uploads\/2024\/03\/29-Maeder-Astrid-3190174-450x600.jpg 450w, https:\/\/www.sappm.ch\/wp-content\/uploads\/2024\/03\/29-Maeder-Astrid-3190174-768x1024.jpg 768w, https:\/\/www.sappm.ch\/wp-content\/uploads\/2024\/03\/29-Maeder-Astrid-3190174-1152x1536.jpg 1152w, https:\/\/www.sappm.ch\/wp-content\/uploads\/2024\/03\/29-Maeder-Astrid-3190174.jpg 1536w\" sizes=\"auto, (max-width: 180px) 100vw, 180px\" \/>    <\/div>\n\n    <div class=\"person-inhalt\">\n        <span class=\"akad-titel\"><\/span>\n        <h3 class=\"d6 color-blue mb-10\">Astrid Maeder<\/h3>\n\n                        <div class=\"mb-20\">\n            <p>SAPPM  ASMPP<\/p>\n        <\/div>\n        \n                <div class=\"mb-20\">\n                            <p>Postfach<\/p>\n                                        <p>6260 Reiden<\/p>\n                    <\/div>\n        \n                    <div class=\"content-icons standard-link\">\n                                <p><a href=\"mailto:info@sappm.ch\"><span class=\"mail\"><\/span> info@sappm.ch<\/a><\/p>\n                \n                                    <p><a href=\"http:\/\/+41774190195\" target=\"_blank\" rel=\"nofollow\"><span class=\"tel\"><\/span> +41 77 419 01 95<\/a><\/p>\n                \n                                    <p><a href=\"https:\/\/www.sappm.ch\" target=\"_blank\"><span class=\"web\"><\/span> www.sappm.ch<\/a><\/p>\n                \n                            <\/div>\n            <\/div>\n<\/div>\n\n                <\/div>\n        <\/div>\n     <\/div>\n","protected":false},"excerpt":{"rendered":"","protected":false},"author":3,"featured_media":0,"parent":3803,"menu_order":0,"comment_status":"closed","ping_status":"closed","template":"","meta":{"_acf_changed":false,"footnotes":""},"class_list":["post-3831","page","type-page","status-publish","hentry"],"acf":[],"_links":{"self":[{"href":"https:\/\/www.sappm.ch\/fr\/wp-json\/wp\/v2\/pages\/3831","targetHints":{"allow":["GET"]}}],"collection":[{"href":"https:\/\/www.sappm.ch\/fr\/wp-json\/wp\/v2\/pages"}],"about":[{"href":"https:\/\/www.sappm.ch\/fr\/wp-json\/wp\/v2\/types\/page"}],"author":[{"embeddable":true,"href":"https:\/\/www.sappm.ch\/fr\/wp-json\/wp\/v2\/users\/3"}],"replies":[{"embeddable":true,"href":"https:\/\/www.sappm.ch\/fr\/wp-json\/wp\/v2\/comments?post=3831"}],"version-history":[{"count":2,"href":"https:\/\/www.sappm.ch\/fr\/wp-json\/wp\/v2\/pages\/3831\/revisions"}],"predecessor-version":[{"id":17675,"href":"https:\/\/www.sappm.ch\/fr\/wp-json\/wp\/v2\/pages\/3831\/revisions\/17675"}],"up":[{"embeddable":true,"href":"https:\/\/www.sappm.ch\/fr\/wp-json\/wp\/v2\/pages\/3803"}],"wp:attachment":[{"href":"https:\/\/www.sappm.ch\/fr\/wp-json\/wp\/v2\/media?parent=3831"}],"curies":[{"name":"wp","href":"https:\/\/api.w.org\/{rel}","templated":true}]}}