{"id":3852,"date":"2024-06-22T20:34:21","date_gmt":"2024-06-22T18:34:21","guid":{"rendered":"https:\/\/xawekybe.cyon.site\/?page_id=3852"},"modified":"2025-04-10T08:19:10","modified_gmt":"2025-04-10T06:19:10","slug":"formations","status":"publish","type":"page","link":"https:\/\/www.sappm.ch\/fr\/formations\/","title":{"rendered":"Formations continues reconnues par l&rsquo;ASMPP"},"content":{"rendered":"\n<div  class=\"block block-lead bg-element pb-gross\">\n    <div class=\"main-container\">\n        <div class=\"content-container lead-font-size\">\n            Vous trouverez ici une liste actualis\u00e9e en permanence de toutes les formations continues et postgradu\u00e9es reconnues par l&rsquo;ASMPP (avec indication des cr\u00e9dits). En tant que responsable d&rsquo;organisation, vous souhaitez faire accr\u00e9diter votre \u00e9v\u00e9nement ? Utilisez le formulaire de demande ci-joint.          <\/div>\n    <\/div>\n<\/div>\n\n\n<div  class=\"block block-content pb-mittel\">\n    <div class=\"main-container\">\n        <div class=\"content-container\">\n\n            \n            \n                            <div class=\"button-group\">\n                                   <a class=\"btn btn-full btn-ext\" href=\"https:\/\/www.sappm.ch\/fr\/demander-des-credits-de-formation-continue\/\" target=\"_blank\">Demandez des cr\u00e9dits maintenant<\/a>\n                                <\/div>\n            \n        <\/div>\n    <\/div>\n<\/div>","protected":false},"excerpt":{"rendered":"","protected":false},"author":1,"featured_media":0,"parent":0,"menu_order":0,"comment_status":"closed","ping_status":"closed","template":"tpl-agenda.php","meta":{"_acf_changed":false,"footnotes":""},"class_list":["post-3852","page","type-page","status-publish","hentry"],"acf":[],"_links":{"self":[{"href":"https:\/\/www.sappm.ch\/fr\/wp-json\/wp\/v2\/pages\/3852","targetHints":{"allow":["GET"]}}],"collection":[{"href":"https:\/\/www.sappm.ch\/fr\/wp-json\/wp\/v2\/pages"}],"about":[{"href":"https:\/\/www.sappm.ch\/fr\/wp-json\/wp\/v2\/types\/page"}],"author":[{"embeddable":true,"href":"https:\/\/www.sappm.ch\/fr\/wp-json\/wp\/v2\/users\/1"}],"replies":[{"embeddable":true,"href":"https:\/\/www.sappm.ch\/fr\/wp-json\/wp\/v2\/comments?post=3852"}],"version-history":[{"count":1,"href":"https:\/\/www.sappm.ch\/fr\/wp-json\/wp\/v2\/pages\/3852\/revisions"}],"predecessor-version":[{"id":14045,"href":"https:\/\/www.sappm.ch\/fr\/wp-json\/wp\/v2\/pages\/3852\/revisions\/14045"}],"wp:attachment":[{"href":"https:\/\/www.sappm.ch\/fr\/wp-json\/wp\/v2\/media?parent=3852"}],"curies":[{"name":"wp","href":"https:\/\/api.w.org\/{rel}","templated":true}]}}