{"id":3854,"date":"2024-07-02T20:21:26","date_gmt":"2024-07-02T18:21:26","guid":{"rendered":"https:\/\/xawekybe.cyon.site\/?page_id=3854"},"modified":"2026-04-01T10:17:24","modified_gmt":"2026-04-01T08:17:24","slug":"supervision","status":"publish","type":"page","link":"https:\/\/www.sappm.ch\/fr\/supervision\/","title":{"rendered":"Supervision"},"content":{"rendered":"\n<div  class=\"block block-lead bg-element pb-gross\">\n    <div class=\"main-container\">\n        <div class=\"content-container lead-font-size\">\n            La supervision et l&rsquo;intervision sont des \u00e9l\u00e9ments cl\u00e9s de la formation continue et du d\u00e9veloppement professionnel. Ils offrent un espace de r\u00e9flexion sur les d\u00e9fis cliniques bas\u00e9s sur l&rsquo;exp\u00e9rience et les cas dans un environnement de soutien.   \r\n                                                                                            <\/div>\n    <\/div>\n<\/div>\n\n\n<div  class=\"block block-content pb-mittel\">\n    <div class=\"main-container\">\n        <div class=\"content-container\">\n\n                            <h2 class=\"d5\">Supervision<\/h2>\n            \n            <p><strong>Supervision et intervision en tant que formation continue et compl\u00e9mentaire<\/strong><\/p>\n<p>La supervision et l&rsquo;intervision permettent de d\u00e9velopper les comp\u00e9tences diagnostiques et th\u00e9rapeutiques \u00e0 partir d&rsquo;exemples de cas, ce qui conduit \u00e0 une am\u00e9lioration des soins et \u00e0 une plus grande satisfaction personnelle. Cette forme d&rsquo;apprentissage par l&rsquo;exp\u00e9rience entre pairs favorise \u00e9galement l&rsquo;\u00e9change professionnel et la mise en r\u00e9seau des professionnels. <\/p>\n<p>&nbsp;<\/p>\n<p><strong>Accr\u00e9ditation des superviseurs<\/strong><\/p>\n<p>Consultez la mise \u00e0 jour du r\u00e8glement de l&rsquo;ASMPP sur la supervision. Nous acceptons volontiers d&rsquo;autres candidatures de superviseurs. <\/p>\n\n                            <div class=\"button-group\">\n                                   <a class=\"btn btn-full btn-arrow\" href=\"https:\/\/www.sappm.ch\/fr\/demander-la-reconnaissance\/\" target=\"_self\">Formulaire de demande pour les superviseurs<\/a>\n                                <\/div>\n            \n        <\/div>\n    <\/div>\n<\/div>\n\n\n<div  class=\"block block-downloads pb-mittel\">\n    <div class=\"main-container\">\n        <div class=\"content-container\">\n            \n            <h2 class=\"d5\"><\/h2>\n            \n            <div class=\"downloads\">\n                                                                                       <a class=\"download\" href=\"https:\/\/www.sappm.ch\/wp-content\/uploads\/2026\/03\/Liste-SupervisorInnen-SAPPM-ASMPP-03.2026.pdf\" target=\"_blank\">\n                                Superviseurs de l&rsquo;ASMPP                            <\/a>\n                                                                                                <a class=\"download\" href=\"https:\/\/www.sappm.ch\/wp-content\/uploads\/2024\/06\/Reglement_Supervision_SAPPM_ASMPP_28.08.2023_02.pdf\" target=\"_blank\">\n                                R\u00e8glement Supervision ASMPP                            <\/a>\n                                                                        <\/div>\n\n        <\/div>\n    <\/div>\n<\/div>\n\n\n<div  class=\"block block-text-bild pb-mittel\">\n    <div class=\"main-container\">\n\n        <div class=\"columns-2\">\n                            <div class=\"column bild\">\n                    <img loading=\"lazy\" decoding=\"async\" width=\"600\" height=\"553\" src=\"https:\/\/www.sappm.ch\/wp-content\/uploads\/2024\/07\/Abb11112-600x553.png\" class=\"attachment-medium size-medium\" alt=\"\" srcset=\"https:\/\/www.sappm.ch\/wp-content\/uploads\/2024\/07\/Abb11112-600x553.png 600w, https:\/\/www.sappm.ch\/wp-content\/uploads\/2024\/07\/Abb11112-1024x944.png 1024w, https:\/\/www.sappm.ch\/wp-content\/uploads\/2024\/07\/Abb11112-768x708.png 768w, https:\/\/www.sappm.ch\/wp-content\/uploads\/2024\/07\/Abb11112.png 1180w\" sizes=\"auto, (max-width: 600px) 100vw, 600px\" \/>                <\/div>\n                            \n            <div class=\"column\">\n                \n                <p><strong>Vous recherchez une supervision ou une intervision appropri\u00e9e ?<\/strong><\/p>\n<p>L&rsquo;ASMPP tient \u00e0 jour une liste de superviseurs reconnus pour ses membres.<\/p>\n<p>Renseignez-vous \u00e9galement aupr\u00e8s de votre groupe r\u00e9gional sur les offres d&rsquo;intervision appropri\u00e9es dans votre r\u00e9gion.<\/p>\n\n                                    <div class=\"button-group\">\n                                           <a class=\"btn btn-full btn-arrow\" href=\"https:\/\/www.sappm.ch\/unsere-gruppen\/\" target=\"_self\">Groupes r\u00e9gionaux<\/a>\n                                        <\/div>\n                            <\/div>\n        <\/div>\n\n    <\/div>\n<\/div>","protected":false},"excerpt":{"rendered":"","protected":false},"author":1,"featured_media":3235,"parent":0,"menu_order":0,"comment_status":"closed","ping_status":"closed","template":"","meta":{"_acf_changed":false,"footnotes":""},"class_list":["post-3854","page","type-page","status-publish","has-post-thumbnail","hentry"],"acf":[],"_links":{"self":[{"href":"https:\/\/www.sappm.ch\/fr\/wp-json\/wp\/v2\/pages\/3854","targetHints":{"allow":["GET"]}}],"collection":[{"href":"https:\/\/www.sappm.ch\/fr\/wp-json\/wp\/v2\/pages"}],"about":[{"href":"https:\/\/www.sappm.ch\/fr\/wp-json\/wp\/v2\/types\/page"}],"author":[{"embeddable":true,"href":"https:\/\/www.sappm.ch\/fr\/wp-json\/wp\/v2\/users\/1"}],"replies":[{"embeddable":true,"href":"https:\/\/www.sappm.ch\/fr\/wp-json\/wp\/v2\/comments?post=3854"}],"version-history":[{"count":21,"href":"https:\/\/www.sappm.ch\/fr\/wp-json\/wp\/v2\/pages\/3854\/revisions"}],"predecessor-version":[{"id":20945,"href":"https:\/\/www.sappm.ch\/fr\/wp-json\/wp\/v2\/pages\/3854\/revisions\/20945"}],"wp:featuredmedia":[{"embeddable":true,"href":"https:\/\/www.sappm.ch\/fr\/wp-json\/wp\/v2\/media\/3235"}],"wp:attachment":[{"href":"https:\/\/www.sappm.ch\/fr\/wp-json\/wp\/v2\/media?parent=3854"}],"curies":[{"name":"wp","href":"https:\/\/api.w.org\/{rel}","templated":true}]}}