{"id":3859,"date":"2023-12-01T14:28:31","date_gmt":"2023-12-01T13:28:31","guid":{"rendered":"https:\/\/xawekybe.cyon.site\/?page_id=3859"},"modified":"2024-08-15T12:36:57","modified_gmt":"2024-08-15T10:36:57","slug":"nos-membres","status":"publish","type":"page","link":"https:\/\/www.sappm.ch\/fr\/nos-membres\/","title":{"rendered":"Nos membres"},"content":{"rendered":"\n<div  class=\"block block-lead bg-element pb-gross\">\n    <div class=\"main-container\">\n        <div class=\"content-container lead-font-size\">\n            L&rsquo;ASMPP est l&rsquo;association professionnelle des m\u00e9decins sp\u00e9cialistes ayant une formation approfondie en m\u00e9decine psychosomatique et psychosociale. Le titre de sp\u00e9cialisation est une qualification suppl\u00e9mentaire r\u00e9glement\u00e9e au niveau f\u00e9d\u00e9ral qui peut \u00eatre obtenue en plus d&rsquo;un titre de sp\u00e9cialiste. L&rsquo;ASMPP est \u00e9galement l&rsquo;organisation fa\u00eeti\u00e8re d&rsquo;autres professions m\u00e9dicales dont l&rsquo;activit\u00e9 principale est la m\u00e9decine psychosomatique. L&rsquo;ASMPP compte pr\u00e8s de 1&rsquo;000 membres.           <\/div>\n    <\/div>\n<\/div>\n\n\n<div class=\"block block-akkordeon pb-mittel\">\n    <div class=\"main-container\">\n        <h2>Membres individuels<\/h2>\n                    <div class=\"accordion agenda-item\">\n                                    <div class=\"accordion-item\">\n                        <div class=\"accordion-toggle dark\">\n                            <div class=\"infos transition\">\n                                <span class=\"text\">Plus d&rsquo;infos<\/span>\n                                <span class=\"icon-more\"><\/span>\n                                <span class=\"icon-less\"><\/span>\n                            <\/div>\n                            <div class=\"inner\">\n                                <h3 class=\"d6 agenda-title\">Membres individuels<\/h3>\n                            <\/div>\n                        <\/div>\n                        <div class=\"accordion-content\">\n                            <div class=\"inner\">\n                                <p>La grande majorit\u00e9 des membres individuels sont des m\u00e9decins avec un titre de sp\u00e9cialisation interdisciplinaire (association professionnelle).<\/p>\n<p>L&rsquo;adh\u00e9sion est \u00e9galement ouverte aux \u00e9tudiants en m\u00e9decine et aux jeunes m\u00e9decins en cours de sp\u00e9cialisation (Young Swiss Psychosomatics).<\/p>\n<p>De plus, l&rsquo;ASMPP accueille \u00e9galement les professionnels non-m\u00e9decins qui travaillent dans le domaine interprofessionnel de la m\u00e9decine psychosomatique.<\/p>\n                            <\/div>\n                        <\/div>\n                    <\/div>\n                            <\/div>\n            <\/div>\n<\/div>\n\n\n\n<div class=\"block block-akkordeon pb-mittel\">\n    <div class=\"main-container\">\n        <h2>Membres collectifs<\/h2>\n                    <div class=\"accordion agenda-item\">\n                                    <div class=\"accordion-item\">\n                        <div class=\"accordion-toggle dark\">\n                            <div class=\"infos transition\">\n                                <span class=\"text\">Plus d&rsquo;infos<\/span>\n                                <span class=\"icon-more\"><\/span>\n                                <span class=\"icon-less\"><\/span>\n                            <\/div>\n                            <div class=\"inner\">\n                                <h3 class=\"d6 agenda-title\">Cliniques<\/h3>\n                            <\/div>\n                        <\/div>\n                        <div class=\"accordion-content\">\n                            <div class=\"inner\">\n                                <p>Institutions m\u00e9dicales sp\u00e9cialis\u00e9es proposant des soins psychosomatiques (cliniques membres de l&rsquo;ASMPP) :<\/p>\n<ul>\n<li><a class=\"external-link\" href=\"https:\/\/www.bernerklinik.ch\/\" target=\"_blank\" rel=\"noopener nofollow\">Clinique de Berne, Montana<\/a><\/li>\n<li><a href=\"https:\/\/cseb.ch\/betriebe\/clinica-curativa\/\" rel=\"nofollow noopener\" target=\"_blank\">Clinica Curativa, Scuol<\/a><\/li>\n<li><a class=\"external-link\" href=\"http:\/\/www.clinique-le-noirmont.ch\/\" target=\"_blank\" rel=\"noopener nofollow\">Clinique Le Noirmont<\/a><\/li>\n<li><a class=\"external-link\" href=\"http:\/\/www.barmelweid.ch\/\" target=\"_blank\" rel=\"noopener nofollow\">Clinique Barmelweid, Barmelweid<\/a><\/li>\n<li><a href=\"https:\/\/www.usz.ch\/fachbereich\/konsiliarpsychiatrie-psychosomatik\/\" rel=\"nofollow noopener\" target=\"_blank\">Clinique de psychiatrie et de psychosomatique en consultation, USZ<\/a><\/li>\n<li><a class=\"external-link\" href=\"http:\/\/www.psychosomatik.kssg.ch\/\" target=\"_blank\" rel=\"noopener nofollow\">Clinique de psychosomatique et de psychiatrie de consultation, Saint-Gall<\/a><\/li>\n<li><a class=\"external-link\" href=\"http:\/\/www.klinik-gais.ch\/\" target=\"_blank\" rel=\"noopener nofollow\">Clinique Gais AG, Gais<\/a><\/li>\n<li><a class=\"external-link\" href=\"http:\/\/www.klinikschuetzen.ch\/\" target=\"_blank\" rel=\"noopener nofollow\">Clinique Sch\u00fctzen, Rheinfelden<\/a><\/li>\n<li><a class=\"external-link\" href=\"http:\/\/www.klinik-sgm.ch\/\" target=\"_blank\" rel=\"noopener nofollow\">Clinique d&rsquo;altitude de Lucerne, Montana<\/a><\/li>\n<li><a href=\"http:\/\/www.inneremedizin.insel.ch\/de\/medangebot\/psychosomatik\/bettenstationclh\/\" rel=\"nofollow noopener\" target=\"_blank\">Service m\u00e9dical C.L. Lory-Haus, H\u00f4pital de l&rsquo;\u00cele, Berne<\/a><\/li>\n<li><a href=\"http:\/\/www.kispisg.ch\/\" target=\"_blank\" rel=\"noopener nofollow\">H\u00f4pital pour enfants de Suisse orientale, Saint-Gall<\/a><\/li>\n<li><a class=\"external-link\" href=\"http:\/\/www.hohenegg.ch\/\" target=\"_blank\" rel=\"noopener nofollow\">Clinique priv\u00e9e Hohenegg, Meilen<\/a><\/li>\n<li><a class=\"external-link\" href=\"http:\/\/www.privatklinik-meiringen.ch\/\" target=\"_blank\" rel=\"noopener nofollow\">Clinique priv\u00e9e de Meiringen<\/a><\/li>\n<li><a class=\"external-link\" href=\"https:\/\/www.privatklinik-wyss.ch\/\" target=\"_blank\" rel=\"noopener nofollow\">Clinique priv\u00e9e Wyss, M\u00fcnchenbuchsee<\/a><\/li>\n<li><a class=\"external-link\" href=\"http:\/\/www.lindenhofgruppe.ch\/de\/fachgebiete\/psychosomatik\" target=\"_blank\" rel=\"noopener nofollow\">Reha Rheinfelden<\/a><\/li>\n<li><a class=\"external-link\" href=\"http:\/\/www.rehaklinik-hasliberg.ch\/\" target=\"_blank\" rel=\"noopener nofollow\">Rehaklinik Hasliberg AG, Hasliberg Hohfluh<\/a><\/li>\n<li><a class=\"external-link\" href=\"http:\/\/www.zhreha.ch\/\" target=\"_blank\" rel=\"noopener nofollow\">Centre de r\u00e9\u00e9ducation zurichois de Davos<\/a><\/li>\n<\/ul>\n                            <\/div>\n                        <\/div>\n                    <\/div>\n                                    <div class=\"accordion-item\">\n                        <div class=\"accordion-toggle dark\">\n                            <div class=\"infos transition\">\n                                <span class=\"text\">Plus d&rsquo;infos<\/span>\n                                <span class=\"icon-more\"><\/span>\n                                <span class=\"icon-less\"><\/span>\n                            <\/div>\n                            <div class=\"inner\">\n                                <h3 class=\"d6 agenda-title\">Instituts de formation continue<\/h3>\n                            <\/div>\n                        <\/div>\n                        <div class=\"accordion-content\">\n                            <div class=\"inner\">\n                                <p>Institutions reconnues par le SAPPM proposant un programme de formation continue en cours d&#8217;emploi :  <\/p>\n<ul>\n<li><a href=\"http:\/\/www.psychosomatik-basel.ch\/\" rel=\"nofollow noopener\" target=\"_blank\"><a href=\"http:\/\/www.psychosomatik-basel.ch\/\" rel=\"nofollow noopener\" target=\"_blank\">WBI BIPM B\u00e2le<\/a><\/a><\/li>\n<li><a href=\"http:\/\/www.ihm-institut.ch\/\" rel=\"nofollow noopener\" target=\"_blank\"><a href=\"http:\/\/www.ihm-institut.ch\/\" rel=\"nofollow noopener\" target=\"_blank\">WBI IHM Zurich<\/a><\/a><\/li>\n<li>WBI IsTI PSISO, Lugano<\/li>\n<li><a href=\"https:\/\/psysomrom.ch\/coming-soon\/\" rel=\"nofollow noopener\" target=\"_blank\"><a href=\"https:\/\/psysomrom.ch\/coming-soon\/\" rel=\"nofollow noopener\" target=\"_blank\">WBI Romandie IMPPRo<\/a><\/a><\/li>\n<\/ul>\n                            <\/div>\n                        <\/div>\n                    <\/div>\n                                    <div class=\"accordion-item\">\n                        <div class=\"accordion-toggle dark\">\n                            <div class=\"infos transition\">\n                                <span class=\"text\">Plus d&rsquo;infos<\/span>\n                                <span class=\"icon-more\"><\/span>\n                                <span class=\"icon-less\"><\/span>\n                            <\/div>\n                            <div class=\"inner\">\n                                <h3 class=\"d6 agenda-title\">Soci\u00e9t\u00e9s de discipline m\u00e9dicale de la FMH<\/h3>\n                            <\/div>\n                        <\/div>\n                        <div class=\"accordion-content\">\n                            <div class=\"inner\">\n                                <p>Soci\u00e9t\u00e9s m\u00e9dicales ayant un lien direct avec l&rsquo;ASMPP :<\/p>\n<ul>\n<li><a href=\"https:\/\/www.sggg.ch\/\" rel=\"nofollow noopener\" target=\"_blank\">gyn\u00e9cologie suisse<\/a><\/li>\n<li><a href=\"https:\/\/www.paediatrieschweiz.ch\/\" rel=\"nofollow noopener\" target=\"_blank\">p\u00e9diatrie suisse <\/a><\/li>\n<li><a href=\"https:\/\/www.sgaim.ch\/de\/home.html\" rel=\"nofollow noopener\" target=\"_blank\">Soci\u00e9t\u00e9 Suisse de M\u00e9decine Interne G\u00e9n\u00e9rale<\/a><\/li>\n<li><a href=\"https:\/\/www.psychiatrie.ch\/sgpp\" rel=\"nofollow noopener\" target=\"_blank\">Soci\u00e9t\u00e9 suisse de psychiatrie et de psychoth\u00e9rapie<\/a><\/li>\n<\/ul>\n                            <\/div>\n                        <\/div>\n                    <\/div>\n                            <\/div>\n            <\/div>\n<\/div>\n","protected":false},"excerpt":{"rendered":"","protected":false},"author":1,"featured_media":0,"parent":0,"menu_order":0,"comment_status":"closed","ping_status":"closed","template":"tpl-mitglieder.php","meta":{"_acf_changed":false,"footnotes":""},"class_list":["post-3859","page","type-page","status-publish","hentry"],"acf":[],"_links":{"self":[{"href":"https:\/\/www.sappm.ch\/fr\/wp-json\/wp\/v2\/pages\/3859","targetHints":{"allow":["GET"]}}],"collection":[{"href":"https:\/\/www.sappm.ch\/fr\/wp-json\/wp\/v2\/pages"}],"about":[{"href":"https:\/\/www.sappm.ch\/fr\/wp-json\/wp\/v2\/types\/page"}],"author":[{"embeddable":true,"href":"https:\/\/www.sappm.ch\/fr\/wp-json\/wp\/v2\/users\/1"}],"replies":[{"embeddable":true,"href":"https:\/\/www.sappm.ch\/fr\/wp-json\/wp\/v2\/comments?post=3859"}],"version-history":[{"count":0,"href":"https:\/\/www.sappm.ch\/fr\/wp-json\/wp\/v2\/pages\/3859\/revisions"}],"wp:attachment":[{"href":"https:\/\/www.sappm.ch\/fr\/wp-json\/wp\/v2\/media?parent=3859"}],"curies":[{"name":"wp","href":"https:\/\/api.w.org\/{rel}","templated":true}]}}