{"id":3865,"date":"2023-12-01T14:33:45","date_gmt":"2023-12-01T13:33:45","guid":{"rendered":"https:\/\/xawekybe.cyon.site\/?page_id=3865"},"modified":"2025-09-11T14:23:26","modified_gmt":"2025-09-11T12:23:26","slug":"association-des-medecins-chefs-psychosomatiques-de-lasmpp-vpc","status":"publish","type":"page","link":"https:\/\/www.sappm.ch\/fr\/association-des-medecins-chefs-psychosomatiques-de-lasmpp-vpc\/","title":{"rendered":"Association des m\u00e9decins-chefs psychosomatiques de l&rsquo;ASMPP (VPC)"},"content":{"rendered":"\n<div  class=\"block block-lead bg-element pb-mittel\">\n    <div class=\"main-container\">\n        <div class=\"content-container lead-font-size\">\n            L&rsquo;Association des m\u00e9decins-chefs psychosomatiques de l&rsquo;ASMPP (VPC) s&rsquo;occupe de la qualit\u00e9 et des pr\u00e9occupations de la m\u00e9decine psychosomatique hospitali\u00e8re en Suisse. L&rsquo;objectif principal est d&rsquo;offrir des soins optimaux aux patients de notre sp\u00e9cialit\u00e9 n\u00e9cessitant une hospitalisation. Dans le contexte actuel de la politique de sant\u00e9, nous avons tout \u00e0 gagner d&rsquo;une approche commune et coordonn\u00e9e.           <\/div>\n    <\/div>\n<\/div>\n<div  class=\"block block-content pb-klein\">\n    <div class=\"main-container\">\n        <div class=\"content-container\">\n\n                            <h2 class=\"d5\">Membres<\/h2>\n            \n            <p><strong>Dr. med. Salih Muminagic, pr\u00e9sident<\/strong><br \/>\nFMH m\u00e9decine physique et r\u00e9adaptation<br \/>\nDirecteur m\u00e9dical, m\u00e9decin-chef aarReha Schinznach et Rehaklinik Zofingen<\/p>\n\n            \n        <\/div>\n    <\/div>\n<\/div>\n<div  class=\"block block-content pb-klein\">\n    <div class=\"main-container\">\n        <div class=\"content-container\">\n\n            \n            <p><strong>Dr Iris Klausmann, vice-pr\u00e9sidente<\/strong><br \/>\nFMH psychiatrie et psychoth\u00e9rapie<br \/>\nM\u00e9decin-chef en psychiatrie, Reaklinik Seewis<\/p>\n\n            \n        <\/div>\n    <\/div>\n<\/div>\n<div  class=\"block block-content pb-klein\">\n    <div class=\"main-container\">\n        <div class=\"content-container\">\n\n            \n            <p><strong>PD Dr. med. Joram Ronel, Vice-pr\u00e9sident<\/strong><br \/>\nFMH M\u00e9decine interne g\u00e9n\u00e9rale<br \/>\nM\u00e9decin-chef psychosomatique, Clinique Barmelweid<\/p>\n\n            \n        <\/div>\n    <\/div>\n<\/div>\n<div  class=\"block block-content pb-klein\">\n    <div class=\"main-container\">\n        <div class=\"content-container\">\n\n            \n            <p class=\"bodytext\"><strong>Dr Nina Bischoff<\/strong><br \/>\nFMH M\u00e9decine interne g\u00e9n\u00e9rale<br \/>\nM\u00e9decin-chef, M\u00e9decine psychosomatique universitaire, H\u00f4pital de l&rsquo;\u00cele, Berne<\/p>\n\n            \n        <\/div>\n    <\/div>\n<\/div>\n<div  class=\"block block-content pb-klein\">\n    <div class=\"main-container\">\n        <div class=\"content-container\">\n\n            \n            <p class=\"bodytext\"><strong>Dr Annik Didelot<\/strong><br \/>\nFMH psychiatrie et psychoth\u00e9rapie<br \/>\nM\u00e9decin-chef, Clinique Le Noirmont<\/p>\n\n            \n        <\/div>\n    <\/div>\n<\/div>\n<div  class=\"block block-content pb-klein\">\n    <div class=\"main-container\">\n        <div class=\"content-container\">\n\n            \n            <p><strong>Dr. med. Thomas Egger<\/strong><br \/>\nFMH psychiatrie et psychoth\u00e9rapie<br \/>\nM\u00e9decin-chef, Rehaklinik Gais<\/p>\n\n            \n        <\/div>\n    <\/div>\n<\/div>\n<div  class=\"block block-content pb-klein\">\n    <div class=\"main-container\">\n        <div class=\"content-container\">\n\n            \n            <p><strong>Dr. med. Katharina Gessler<\/strong><br \/>\nFMH psychiatrie et psychoth\u00e9rapie<br \/>\nM\u00e9decin-chef \/ directrice de clinique, Klinik Sch\u00fctzen Rheinfelden<\/p>\n\n            \n        <\/div>\n    <\/div>\n<\/div>\n<div  class=\"block block-content pb-klein\">\n    <div class=\"main-container\">\n        <div class=\"content-container\">\n\n            \n            <p class=\"bodytext\"><strong>Dr. med. Raschid Gharbo<\/strong><br \/>\nFMH M\u00e9decine interne g\u00e9n\u00e9rale<br \/>\nM\u00e9decin-chef psychosomatique, Hochgebirgsklinik Davos<\/p>\n\n            \n        <\/div>\n    <\/div>\n<\/div>\n<div  class=\"block block-content pb-klein\">\n    <div class=\"main-container\">\n        <div class=\"content-container\">\n\n            \n            <p class=\"bodytext\"><strong>Dr. med. Georgios Kokinogenis<\/strong><br \/>\nFMH psychiatrie et psychoth\u00e9rapie<br \/>\nM\u00e9decin-chef, Rehaklinik Hasliberg<\/p>\n\n            \n        <\/div>\n    <\/div>\n<\/div>\n<div  class=\"block block-content pb-klein\">\n    <div class=\"main-container\">\n        <div class=\"content-container\">\n\n            \n            <p><strong>Dr. med. Simona Mateiciuc<\/strong><br \/>\nFMH M\u00e9decine interne g\u00e9n\u00e9rale<br \/>\nM\u00e9decin-chef, Clinique Genevoise Montana<\/p>\n\n            \n        <\/div>\n    <\/div>\n<\/div>\n<div  class=\"block block-content pb-klein\">\n    <div class=\"main-container\">\n        <div class=\"content-container\">\n\n            \n            <p><strong>Prof. Rainer Sch\u00e4fert<\/strong><br \/>\nFMH M\u00e9decine interne g\u00e9n\u00e9rale<br \/>\nM\u00e9decin-chef, Clinique de psychosomatique USB B\u00e2le<\/p>\n\n            \n        <\/div>\n    <\/div>\n<\/div>\n<div  class=\"block block-content pb-klein\">\n    <div class=\"main-container\">\n        <div class=\"content-container\">\n\n            \n            <p><strong>Dr med. Katja Komossa<\/strong><br \/>\nFMH psychiatrie et psychoth\u00e9rapie<br \/>\nM\u00e9decin-chef en psychosomatique, Clinique Montana \u00e0 Berne<\/p>\n\n            \n        <\/div>\n    <\/div>\n<\/div>\n<div  class=\"block block-content pb-klein\">\n    <div class=\"main-container\">\n        <div class=\"content-container\">\n\n            \n            <p><strong>PD Dr. med. Dagmar Schmid<\/strong><br \/>\nFMH psychiatrie et psychoth\u00e9rapie, comit\u00e9 directeur SAPPM<br \/>\nDirectrice de la clinique de psychosomatique et de psychiatrie de consultation, H\u00f4pital cantonal de Saint-Gall<\/p>\n\n            \n        <\/div>\n    <\/div>\n<\/div>\n<div  class=\"block block-content pb-klein\">\n    <div class=\"main-container\">\n        <div class=\"content-container\">\n\n            \n            <p><strong>Dr. med. Doris Straus<\/strong><br \/>\nFMH psychiatrie et psychoth\u00e9rapie, conseil d&rsquo;administration SAPPM<br \/>\nCEO &amp; directrice m\u00e9dicale, Klinik Oberwaid St.<\/p>\n\n            \n        <\/div>\n    <\/div>\n<\/div>\n<div  class=\"block block-content pb-klein\">\n    <div class=\"main-container\">\n        <div class=\"content-container\">\n\n            \n            <p><strong>Prof. Roland von K\u00e4nel<\/strong><br \/>\nFMH psychiatrie et psychoth\u00e9rapie, FMH m\u00e9decine interne g\u00e9n\u00e9rale<br \/>\nDirecteur de la clinique de psychiatrie et de psychosomatique en consultation USZ<\/p>\n\n                            <div class=\"button-group\">\n                                   <a class=\"btn btn-full btn-arrow\" href=\"https:\/\/www.sappm.ch\/was-ist-sappm\/\" target=\"_self\">L&#039;association professionnelle SAPPM<\/a>\n                                <\/div>\n            \n        <\/div>\n    <\/div>\n<\/div>","protected":false},"excerpt":{"rendered":"","protected":false},"author":1,"featured_media":0,"parent":0,"menu_order":0,"comment_status":"closed","ping_status":"closed","template":"","meta":{"_acf_changed":false,"footnotes":""},"class_list":["post-3865","page","type-page","status-publish","hentry"],"acf":[],"_links":{"self":[{"href":"https:\/\/www.sappm.ch\/fr\/wp-json\/wp\/v2\/pages\/3865","targetHints":{"allow":["GET"]}}],"collection":[{"href":"https:\/\/www.sappm.ch\/fr\/wp-json\/wp\/v2\/pages"}],"about":[{"href":"https:\/\/www.sappm.ch\/fr\/wp-json\/wp\/v2\/types\/page"}],"author":[{"embeddable":true,"href":"https:\/\/www.sappm.ch\/fr\/wp-json\/wp\/v2\/users\/1"}],"replies":[{"embeddable":true,"href":"https:\/\/www.sappm.ch\/fr\/wp-json\/wp\/v2\/comments?post=3865"}],"version-history":[{"count":2,"href":"https:\/\/www.sappm.ch\/fr\/wp-json\/wp\/v2\/pages\/3865\/revisions"}],"predecessor-version":[{"id":17681,"href":"https:\/\/www.sappm.ch\/fr\/wp-json\/wp\/v2\/pages\/3865\/revisions\/17681"}],"wp:attachment":[{"href":"https:\/\/www.sappm.ch\/fr\/wp-json\/wp\/v2\/media?parent=3865"}],"curies":[{"name":"wp","href":"https:\/\/api.w.org\/{rel}","templated":true}]}}