{"id":15983,"date":"2025-06-18T15:02:04","date_gmt":"2025-06-18T13:02:04","guid":{"rendered":"https:\/\/www.sappm.ch\/?page_id=15983"},"modified":"2025-10-16T14:01:08","modified_gmt":"2025-10-16T12:01:08","slug":"programma-di-supporto","status":"publish","type":"page","link":"https:\/\/www.sappm.ch\/it\/programma-di-supporto\/","title":{"rendered":"Programma di supporto"},"content":{"rendered":"\n<div  class=\"block block-lead bg-element pb-mittel\">\n    <div class=\"main-container\">\n        <div class=\"content-container lead-font-size\">\n            Per la citt\u00e0 e per rallentare &#8211;  \r\n\r\nI nostri colleghi ticinesi invitano te e i tuoi accompagnatori a scoprire insieme la citt\u00e0 e i suoi dintorni. Unisciti a noi in un viaggio stimolante di scoperta e goditi appieno il tuo soggiorno. \r\n\r\nParallelamente al programma del congresso, ti offriamo anche un programma di Hatha Yoga semplice, ideale per calmarsi e ricaricare le batterie. Cos\u00ec potrai goderti appieno il congresso.         <\/div>\n    <\/div>\n<\/div>\n\n\n<div class=\"block block-akkordeon pb-mittel\">\n    <div class=\"main-container\">\n        <h2>Gioved\u00ec, 23.10.2025<\/h2>\n                    <div class=\"accordion agenda-item\">\n                                    <div class=\"accordion-item\">\n                        <div class=\"accordion-toggle dark\">\n                            <div class=\"infos transition\">\n                                <span class=\"text\">Pi\u00f9 informazioni<\/span>\n                                <span class=\"icon-more\"><\/span>\n                                <span class=\"icon-less\"><\/span>\n                            <\/div>\n                            <div class=\"inner\">\n                                <h3 class=\"d6 agenda-title\">12:30h &#8211; 13:15h Mindful Hatha Yoga durante il pranzo  <\/h3>\n                            <\/div>\n                        <\/div>\n                        <div class=\"accordion-content\">\n                            <div class=\"inner\">\n                                <p><img loading=\"lazy\" decoding=\"async\" class=\"alignnone wp-image-15449\" src=\"https:\/\/www.sappm.ch\/wp-content\/uploads\/2025\/06\/Bild1-Blatt-gelb-1-150x150.png\" alt=\"\" width=\"269\" height=\"217\" srcset=\"https:\/\/www.sappm.ch\/wp-content\/uploads\/2025\/06\/Bild1-Blatt-gelb-1-600x485.png 600w, https:\/\/www.sappm.ch\/wp-content\/uploads\/2025\/06\/Bild1-Blatt-gelb-1-768x621.png 768w, https:\/\/www.sappm.ch\/wp-content\/uploads\/2025\/06\/Bild1-Blatt-gelb-1.png 880w\" sizes=\"auto, (max-width: 269px) 100vw, 269px\" \/><\/p>\n<p><strong>Mindful Hatha Yoga all&#8217;ora di pranzo<\/strong><\/p>\n<p>Fai una pausa, senti, allungati, respira profondamente e rilassati. Attivazione del sistema nervoso parasimpatico e del nervo vago. <\/p>\n<p>Concediti 45 minuti per interiorizzare le impressioni del congresso e creare uno spazio per recepire nuove cose. <\/p>\n<p>Nel gruppo, trova la tua strada verso l&#8217;interno attraverso il movimento e la percezione dello yoga e sperimenta la connessione con il tutto.<\/p>\n<p>Orario: 23.10.25, 12:30h &#8211; 13:15h<\/p>\n<p>Sede: Sala Teatro, Teatro Sociale<\/p>\n<p>Speciale: se possibile, porta con te il tuo tappetino da yoga.<\/p>\n<p>Lingua: tedesco, francese, italiano, inglese<\/p>\n<p>Conduttore: Dott.ssa Marie-Louise Gander Ferrari, FMH Medicina Interna Generale, iSP SAPPM, insegnante di Yoga, YCH<\/p>\n<p>Gratuito per i partecipanti al congresso e gli accompagnatori<\/p>\n                            <\/div>\n                        <\/div>\n                    <\/div>\n                                    <div class=\"accordion-item\">\n                        <div class=\"accordion-toggle dark\">\n                            <div class=\"infos transition\">\n                                <span class=\"text\">Pi\u00f9 informazioni<\/span>\n                                <span class=\"icon-more\"><\/span>\n                                <span class=\"icon-less\"><\/span>\n                            <\/div>\n                            <div class=\"inner\">\n                                <h3 class=\"d6 agenda-title\">15:00h &#8211; 17:00h Tour esclusivo della citt\u00e0 per gli accompagnatori  <\/h3>\n                            <\/div>\n                        <\/div>\n                        <div class=\"accordion-content\">\n                            <div class=\"inner\">\n                                <p><strong><img loading=\"lazy\" decoding=\"async\" class=\"alignnone wp-image-15391\" src=\"https:\/\/www.sappm.ch\/wp-content\/uploads\/2025\/06\/Bild2-Palazzo-Civico-150x150.png\" alt=\"\" width=\"300\" height=\"217\" srcset=\"https:\/\/www.sappm.ch\/wp-content\/uploads\/2025\/06\/Bild2-Palazzo-Civico-600x434.png 600w, https:\/\/www.sappm.ch\/wp-content\/uploads\/2025\/06\/Bild2-Palazzo-Civico-768x555.png 768w, https:\/\/www.sappm.ch\/wp-content\/uploads\/2025\/06\/Bild2-Palazzo-Civico.png 996w\" sizes=\"auto, (max-width: 300px) 100vw, 300px\" \/><\/strong><\/p>\n<p><strong>Tour esclusivo della citt\u00e0 per gli accompagnatori<\/strong><\/p>\n<p>Visita della citt\u00e0 di Bellinzona con il dottor Tazio Carlevaro e il dottor Guido Robotti.<\/p>\n<p>Dal teatro comunale attraverso Viale Portone fino a Castelgrande e ritorno al teatro con una visita alla chiesa barocca &#8220;La Collegiata&#8221; (circa 1 km a piedi), seguita da una visita alla chiesa di Santa Maria delle Grazie con i suoi affreschi rinascimentali (anch&#8217;essa circa 1 km a piedi).<\/p>\n<p>Ora: gioved\u00ec 23.10.25, dalle 15:00 alle 17:00<\/p>\n<p>Punto d&#8217;incontro: Davanti al Teatro Sociale<\/p>\n<p>Lingua: tedesco, francese, italiano<\/p>\n<p>Posti a sedere: massimo 50 persone <\/p>\n<p>Gratuito per i partecipanti al congresso e gli accompagnatori<\/p>\n<p><strong><a href=\"mailto:info@sappm.ch\" target=\"_blank\" rel=\"noopener\">Registrazione<\/a><\/strong><\/p>\n<p>&nbsp;<\/p>\n                            <\/div>\n                        <\/div>\n                    <\/div>\n                                    <div class=\"accordion-item\">\n                        <div class=\"accordion-toggle dark\">\n                            <div class=\"infos transition\">\n                                <span class=\"text\">Pi\u00f9 informazioni<\/span>\n                                <span class=\"icon-more\"><\/span>\n                                <span class=\"icon-less\"><\/span>\n                            <\/div>\n                            <div class=\"inner\">\n                                <h3 class=\"d6 agenda-title\">20:30h Concerto d&#8217;organo classico nella Chiesa Collegiata di San Pietro e Stefano<\/h3>\n                            <\/div>\n                        <\/div>\n                        <div class=\"accordion-content\">\n                            <div class=\"inner\">\n                                <p><img loading=\"lazy\" decoding=\"async\" class=\"alignnone wp-image-17587\" src=\"https:\/\/www.sappm.ch\/wp-content\/uploads\/2025\/09\/Bild-Kirche-600x496.png\" alt=\"\" width=\"300\" height=\"248\" srcset=\"https:\/\/www.sappm.ch\/wp-content\/uploads\/2025\/09\/Bild-Kirche-600x496.png 600w, https:\/\/www.sappm.ch\/wp-content\/uploads\/2025\/09\/Bild-Kirche.png 647w\" sizes=\"auto, (max-width: 300px) 100vw, 300px\" \/><\/p>\n<p><strong>Concerto d&#8217;organo classico nella Chiesa Collegiata di San Pietro e Stefano<\/strong><\/p>\n<p>Desideriamo attirare la tua attenzione sul seguente concerto d&#8217;organo speciale. Stefano Molardi (1970) \u00e8 un organista di fama internazionale. La chiesa collegiata si trova nelle immediate vicinanze, nel centro della citt\u00e0 vecchia (Piazza collegiata). L&#8217;ingresso \u00e8 gratuito.   <\/p>\n<p><img loading=\"lazy\" decoding=\"async\" class=\"alignnone wp-image-17593 size-medium\" src=\"https:\/\/www.sappm.ch\/wp-content\/uploads\/2025\/09\/Bild-Programm-Konzert-429x600.png\" alt=\"\" width=\"429\" height=\"600\" srcset=\"https:\/\/www.sappm.ch\/wp-content\/uploads\/2025\/09\/Bild-Programm-Konzert-429x600.png 429w, https:\/\/www.sappm.ch\/wp-content\/uploads\/2025\/09\/Bild-Programm-Konzert.png 570w\" sizes=\"auto, (max-width: 429px) 100vw, 429px\" \/><\/p>\n                            <\/div>\n                        <\/div>\n                    <\/div>\n                            <\/div>\n            <\/div>\n<\/div>\n\n\n\n<div class=\"block block-akkordeon pb-mittel\">\n    <div class=\"main-container\">\n        <h2>Venerd\u00ec 24.10.2025<\/h2>\n                    <div class=\"accordion agenda-item\">\n                                    <div class=\"accordion-item\">\n                        <div class=\"accordion-toggle dark\">\n                            <div class=\"infos transition\">\n                                <span class=\"text\">Pi\u00f9 informazioni<\/span>\n                                <span class=\"icon-more\"><\/span>\n                                <span class=\"icon-less\"><\/span>\n                            <\/div>\n                            <div class=\"inner\">\n                                <h3 class=\"d6 agenda-title\">06:45h &#8211; 07:30h Mindful Hatha Yoga per iniziare la giornata  <\/h3>\n                            <\/div>\n                        <\/div>\n                        <div class=\"accordion-content\">\n                            <div class=\"inner\">\n                                <p><strong><img loading=\"lazy\" decoding=\"async\" class=\"alignnone wp-image-15406\" src=\"https:\/\/www.sappm.ch\/wp-content\/uploads\/2025\/06\/Bild3-Ahorn-rot-150x150.png\" alt=\"\" width=\"295\" height=\"217\" srcset=\"https:\/\/www.sappm.ch\/wp-content\/uploads\/2025\/06\/Bild3-Ahorn-rot-600x441.png 600w, https:\/\/www.sappm.ch\/wp-content\/uploads\/2025\/06\/Bild3-Ahorn-rot-768x564.png 768w, https:\/\/www.sappm.ch\/wp-content\/uploads\/2025\/06\/Bild3-Ahorn-rot.png 980w\" sizes=\"auto, (max-width: 295px) 100vw, 295px\" \/><\/strong><\/p>\n<p><strong>Hatha Yoga consapevole per iniziare la giornata<\/strong><\/p>\n<p>Risvegliare il corpo, alimentare il fuoco interiore, l&#8217;energia vitale, attivare il sistema nervoso simpatico.<\/p>\n<p>Inizia la giornata con gli esercizi di respirazione e gli allungamenti dell&#8217;hatha yoga. Risveglia il tuo corpo e la tua mente, senti l&#8217;energia che circola nel tuo corpo! <\/p>\n<p>Concediti 45 minuti prima dell&#8217;inizio della nuova giornata congressuale in modo da poter ancorare le nuove impressioni nel tuo corpo pi\u00f9 volte durante la giornata. <\/p>\n<p>Orario: 24.10.25, 06:45h &#8211; 07:30h<\/p>\n<p>Luogo di ritrovo: Piazza del Sole. Con bel tempo, all&#8217;aperto. <\/p>\n<p>Speciale: se possibile, porta con te il tuo tappetino da yoga.<\/p>\n<p>Lingua: tedesco, francese, italiano, inglese<\/p>\n<p>Conduttore: Dott.ssa Marie-Louise Gander Ferrari, FMH Medicina Interna Generale, iSP SAPPM, insegnante di Yoga, YCH<\/p>\n<p>Gratuito per i partecipanti al congresso e gli accompagnatori<\/p>\n                            <\/div>\n                        <\/div>\n                    <\/div>\n                                    <div class=\"accordion-item\">\n                        <div class=\"accordion-toggle dark\">\n                            <div class=\"infos transition\">\n                                <span class=\"text\">Pi\u00f9 informazioni<\/span>\n                                <span class=\"icon-more\"><\/span>\n                                <span class=\"icon-less\"><\/span>\n                            <\/div>\n                            <div class=\"inner\">\n                                <h3 class=\"d6 agenda-title\">12:00h &#8211; 12:45h Mindful Hatha Yoga durante il pranzo  <\/h3>\n                            <\/div>\n                        <\/div>\n                        <div class=\"accordion-content\">\n                            <div class=\"inner\">\n                                <p><strong><img loading=\"lazy\" decoding=\"async\" class=\"alignnone wp-image-15431\" src=\"https:\/\/www.sappm.ch\/wp-content\/uploads\/2025\/06\/Bild4-Ahron-gelb-1-150x150.png\" alt=\"\" width=\"322\" height=\"217\" srcset=\"https:\/\/www.sappm.ch\/wp-content\/uploads\/2025\/06\/Bild4-Ahron-gelb-1-600x405.png 600w, https:\/\/www.sappm.ch\/wp-content\/uploads\/2025\/06\/Bild4-Ahron-gelb-1-1024x691.png 1024w, https:\/\/www.sappm.ch\/wp-content\/uploads\/2025\/06\/Bild4-Ahron-gelb-1-768x518.png 768w, https:\/\/www.sappm.ch\/wp-content\/uploads\/2025\/06\/Bild4-Ahron-gelb-1.png 1046w\" sizes=\"auto, (max-width: 322px) 100vw, 322px\" \/><\/strong><\/p>\n<p><strong>Mindful Hatha Yoga all&#8217;ora di pranzo<\/strong><\/p>\n<p>Fai una pausa, senti, allungati, respira profondamente e rilassati. Attivazione del sistema nervoso parasimpatico e del nervo vago. <\/p>\n<p>Concediti 45 minuti per interiorizzare le impressioni del congresso e creare uno spazio per recepire nuove cose. <\/p>\n<p>Nel gruppo, trova la tua strada verso l&#8217;interno attraverso il movimento e la percezione dello yoga e sperimenta la connessione con il tutto.<\/p>\n<p>Orario: 24.10.25, 12:00h &#8211; 12:45h<\/p>\n<p>Sede: Sala Teatro, Teatro Sociale<\/p>\n<p>Speciale: se possibile, porta con te il tuo tappetino da yoga.<\/p>\n<p>Lingua: tedesco, francese, italiano, inglese<\/p>\n<p>Conduttore: Dott.ssa Marie-Louise Gander Ferrari, FMH Medicina Interna Generale, iSP SAPPM, insegnante di Yoga, YCH<\/p>\n<p>Gratuito per i partecipanti al congresso e gli accompagnatori<\/p>\n                            <\/div>\n                        <\/div>\n                    <\/div>\n                                    <div class=\"accordion-item\">\n                        <div class=\"accordion-toggle dark\">\n                            <div class=\"infos transition\">\n                                <span class=\"text\">Pi\u00f9 informazioni<\/span>\n                                <span class=\"icon-more\"><\/span>\n                                <span class=\"icon-less\"><\/span>\n                            <\/div>\n                            <div class=\"inner\">\n                                <h3 class=\"d6 agenda-title\">17:00 Visita guidata di Castelgrande e dei suoi corridoi sotterranei  <\/h3>\n                            <\/div>\n                        <\/div>\n                        <div class=\"accordion-content\">\n                            <div class=\"inner\">\n                                <p><strong><img loading=\"lazy\" decoding=\"async\" class=\"alignnone wp-image-15454\" src=\"https:\/\/www.sappm.ch\/wp-content\/uploads\/2025\/06\/Bild5-Castelgrande-2-150x150.png\" alt=\"\" width=\"225\" height=\"217\" srcset=\"https:\/\/www.sappm.ch\/wp-content\/uploads\/2025\/06\/Bild5-Castelgrande-2-600x580.png 600w, https:\/\/www.sappm.ch\/wp-content\/uploads\/2025\/06\/Bild5-Castelgrande-2.png 683w\" sizes=\"auto, (max-width: 225px) 100vw, 225px\" \/><\/strong><\/p>\n<p><strong>Tour da insider di Castelgrande e dei suoi corridoi sotterranei<\/strong><\/p>\n<p>Con la guida professionale di Turismo Bellinzona<\/p>\n<p>La visita guidata di Castelgrande, con le sue imponenti mura e torri medievali, ti porter\u00e0 in un affascinante viaggio nel passato. Esplorando i suggestivi sotterranei e le antiche fortificazioni, potrai immergerti nella storia di un luogo che ha visto secoli di battaglie e cambiamenti. Un&#8217;esperienza che ti trasformer\u00e0 in attori di un&#8217;epoca passata.  <\/p>\n<p>Ora: venerd\u00ec 24.10.25, ore 17:00 (durata 1 ora)<\/p>\n<p>Punto di incontro: Piazza del Sole<\/p>\n<p>Lingua: tedesco, francese<\/p>\n<p>Gratuito per i partecipanti al congresso e gli accompagnatori<\/p>\n<p>Massimo 25 partecipanti<\/p>\n<p><strong><a href=\"mailto:info@sappm.ch\" target=\"_blank\" rel=\"noopener\">Registrazione<\/a><\/strong><\/p>\n<p>&nbsp;<\/p>\n<p>&nbsp;<\/p>\n                            <\/div>\n                        <\/div>\n                    <\/div>\n                            <\/div>\n            <\/div>\n<\/div>\n\n\n\n<div class=\"block block-akkordeon pb-mittel\">\n    <div class=\"main-container\">\n        <h2>Sabato, 25.10.2025<\/h2>\n                    <div class=\"accordion agenda-item\">\n                                    <div class=\"accordion-item\">\n                        <div class=\"accordion-toggle dark\">\n                            <div class=\"infos transition\">\n                                <span class=\"text\">Pi\u00f9 informazioni<\/span>\n                                <span class=\"icon-more\"><\/span>\n                                <span class=\"icon-less\"><\/span>\n                            <\/div>\n                            <div class=\"inner\">\n                                <h3 class=\"d6 agenda-title\">11:00h &#8211; 16:00h Programma del weekend per i partecipanti al congresso e per gli accompagnatori  <\/h3>\n                            <\/div>\n                        <\/div>\n                        <div class=\"accordion-content\">\n                            <div class=\"inner\">\n                                <p><strong><img loading=\"lazy\" decoding=\"async\" class=\"alignnone wp-image-15437\" src=\"https:\/\/www.sappm.ch\/wp-content\/uploads\/2025\/06\/Bild6-150x150.png\" alt=\"\" width=\"277\" height=\"217\" srcset=\"https:\/\/www.sappm.ch\/wp-content\/uploads\/2025\/06\/Bild6-600x470.png 600w, https:\/\/www.sappm.ch\/wp-content\/uploads\/2025\/06\/Bild6-768x601.png 768w, https:\/\/www.sappm.ch\/wp-content\/uploads\/2025\/06\/Bild6.png 920w\" sizes=\"auto, (max-width: 277px) 100vw, 277px\" \/><\/strong><\/p>\n<p><strong>Grande offerta weekend per i partecipanti al congresso e i loro accompagnatori<\/strong><\/p>\n<p>Escursione regionale all&#8217;appartata e pittoresca chiesa romanica di San Bernardo a Curz\u00fctt, Monte Carasso con la dottoressa Maria Grazia Canepa e la bravissima linguista Augusta.<\/p>\n<p>Saremo lieti di mostrarti due luoghi di potere molto speciali della nostra terra, la chiesa di San Barn\u00e0rd, completamente affrescata dai maestri seregnesi del XV secolo, \u00e8 uno degli edifici storici di importanza nazionale pi\u00f9 impressionanti della regione, un&#8217;atmosfera unica, una vista meravigliosa! A seconda del tempo, \u00e8 possibile fare una passeggiata fino al Ponte Tibetano. Questo ponte sospeso ti offre l&#8217;opportunit\u00e0 di lavorare con le tue paure (dell&#8217;altezza) e altre emozioni.<\/p>\n<p>Orario: sabato 25.10.25, dalle 11:00 alle 16:00 circa.<\/p>\n<p>Punto di incontro: Antico Convento delle Agostiniane, Monte Carasso<\/p>\n<p>Costi: Piccolo contributo per le spese di viaggio, contanti in loco<\/p>\n<p>Lingua: tedesco, francese, italiano<\/p>\n<p>Posti a sedere: massimo 15 persone<\/p>\n<p><strong>Pre-registrazione: via e-mail a <\/strong><a href=\"mailto:mgcanepa@hin.ch\"><strong>mgcanepa@hin.ch<\/strong><br \/>\n<\/a><a href=\"https:\/\/www.sappm.ch\/wp-content\/uploads\/2025\/10\/25.10.25-CurzuettItal.pdf\" target=\"_blank\" rel=\"noopener\"><strong>Informazioni importanti<\/strong><\/a><\/p>\n                            <\/div>\n                        <\/div>\n                    <\/div>\n                                    <div class=\"accordion-item\">\n                        <div class=\"accordion-toggle dark\">\n                            <div class=\"infos transition\">\n                                <span class=\"text\">Pi\u00f9 informazioni<\/span>\n                                <span class=\"icon-more\"><\/span>\n                                <span class=\"icon-less\"><\/span>\n                            <\/div>\n                            <div class=\"inner\">\n                                <h3 class=\"d6 agenda-title\">11:30 Visita guidata &#8220;Le colline immortali&#8221;<\/h3>\n                            <\/div>\n                        <\/div>\n                        <div class=\"accordion-content\">\n                            <div class=\"inner\">\n                                <p><img loading=\"lazy\" decoding=\"async\" class=\"alignnone wp-image-17189 size-full\" src=\"https:\/\/www.sappm.ch\/wp-content\/uploads\/2025\/08\/Huegel-Foto-1.jpg\" alt=\"\" width=\"439\" height=\"266\" \/><\/p>\n<p><strong>Tour per addetti ai lavori &#8220;Le colline immortali<\/strong><\/p>\n<p>Con la guida professionale di Turismo Bellinzona<\/p>\n<p>Il tour guidato &#8220;Le Colline Immortali&#8221;, ideato da Jonas Marti, offre un&#8217;esperienza unica per scoprire la collina di Castelgrande a Bellinzona. Questo sito Patrimonio dell&#8217;Umanit\u00e0 dell&#8217;UNESCO ha attraversato diversi periodi storici, dall&#8217;occupazione celtica e romana all&#8217;influenza del Ducato di Milano e alle battaglie con gli svizzeri. La guida condurr\u00e0 i partecipanti attraverso le antiche fortificazioni, le torri e i suggestivi passaggi sotterranei, permettendo loro di immergersi nella storia e nei cambiamenti che hanno caratterizzato la regione.<\/p>\n<p>Ora: sabato, 25.10.25, 11:30h (durata 2 ore)<\/p>\n<p>Punto di incontro: Piazza del Sole<\/p>\n<p>Lingua: tedesco, francese<\/p>\n<p>Gratuito per i partecipanti al congresso e gli accompagnatori<\/p>\n<p>Massimo 25 partecipanti<\/p>\n<p><strong><a href=\"http:\/\/info@sappm.ch\" target=\"_blank\" rel=\"noopener nofollow\">Registrazione<\/a><\/strong><\/p>\n                            <\/div>\n                        <\/div>\n                    <\/div>\n                            <\/div>\n            <\/div>\n<\/div>\n","protected":false},"excerpt":{"rendered":"","protected":false},"author":3,"featured_media":0,"parent":0,"menu_order":0,"comment_status":"closed","ping_status":"closed","template":"tpl-kongress.php","meta":{"_acf_changed":false,"footnotes":""},"class_list":["post-15983","page","type-page","status-publish","hentry"],"acf":[],"_links":{"self":[{"href":"https:\/\/www.sappm.ch\/it\/wp-json\/wp\/v2\/pages\/15983","targetHints":{"allow":["GET"]}}],"collection":[{"href":"https:\/\/www.sappm.ch\/it\/wp-json\/wp\/v2\/pages"}],"about":[{"href":"https:\/\/www.sappm.ch\/it\/wp-json\/wp\/v2\/types\/page"}],"author":[{"embeddable":true,"href":"https:\/\/www.sappm.ch\/it\/wp-json\/wp\/v2\/users\/3"}],"replies":[{"embeddable":true,"href":"https:\/\/www.sappm.ch\/it\/wp-json\/wp\/v2\/comments?post=15983"}],"version-history":[{"count":8,"href":"https:\/\/www.sappm.ch\/it\/wp-json\/wp\/v2\/pages\/15983\/revisions"}],"predecessor-version":[{"id":18349,"href":"https:\/\/www.sappm.ch\/it\/wp-json\/wp\/v2\/pages\/15983\/revisions\/18349"}],"wp:attachment":[{"href":"https:\/\/www.sappm.ch\/it\/wp-json\/wp\/v2\/media?parent=15983"}],"curies":[{"name":"wp","href":"https:\/\/api.w.org\/{rel}","templated":true}]}}