{"id":20520,"date":"2026-02-05T16:09:44","date_gmt":"2026-02-05T15:09:44","guid":{"rendered":"https:\/\/www.sappm.ch\/?page_id=20520"},"modified":"2026-02-17T10:37:06","modified_gmt":"2026-02-17T09:37:06","slug":"libri","status":"publish","type":"page","link":"https:\/\/www.sappm.ch\/it\/libri\/","title":{"rendered":"Libri"},"content":{"rendered":"\n<div  class=\"block block-lead bg-element pb-mittel\">\n    <div class=\"main-container\">\n        <div class=\"content-container lead-font-size\">\n            In questa pagina troverai informazioni su nuove pubblicazioni scientifiche, nuove edizioni e opere standard di medicina psicosomatica.\r\n        <\/div>\n    <\/div>\n<\/div>\n<div  class=\"block block-text-bild pb-mittel\">\n    <div class=\"main-container\">\n\n        <div class=\"columns-2\">\n                            <div class=\"column bild\">\n                    <img loading=\"lazy\" decoding=\"async\" width=\"600\" height=\"600\" src=\"https:\/\/www.sappm.ch\/wp-content\/uploads\/2026\/02\/international-600x600.png\" class=\"attachment-medium size-medium\" alt=\"\" srcset=\"https:\/\/www.sappm.ch\/wp-content\/uploads\/2026\/02\/international-600x600.png 600w, https:\/\/www.sappm.ch\/wp-content\/uploads\/2026\/02\/international-150x150.png 150w, https:\/\/www.sappm.ch\/wp-content\/uploads\/2026\/02\/international.png 719w\" sizes=\"auto, (max-width: 600px) 100vw, 600px\" \/>                <\/div>\n                            \n            <div class=\"column\">\n                \n                <p><strong>Medicina psicosomatica &#8211;  <\/strong><\/p>\n<p><strong>Una guida internazionale per l&#8217;assistenza primaria  <\/strong><\/p>\n<p>Kurt Fritzsche, Susan H. McDaniel, Michael Wirsching (eds.) 3a edizione, Springer 2026<\/p>\n<p>Inglese, 593 pagine, disponibile anche come eBook<\/p>\n<p>La nuova edizione di quest&#8217;opera standard \u00e8 caratterizzata da un ampliamento dei contributi per paese: Circa 20 relazioni di paesi provenienti da 4 continenti ampliano la visione del nostro argomento a una prospettiva globale. I resoconti delle aree di crisi attuali come Libano, Siria, Palestina, Israele e Ucraina sono particolarmente illustrativi e impressionanti. Le relazioni dei paesi asiatici sono affascinanti per la loro diversa colorazione culturale ed etnica dell&#8217;argomento &#8220;psicosomatico&#8221;. Le relazioni dei paesi occidentali sono caratterizzate da una terminologia cartesiana e da un ancoraggio istituzionale relativamente alto del campo medico.   <\/p>\n\n                                    <div class=\"button-group\">\n                                           <a class=\"btn btn-full btn-ext\" href=\"https:\/\/link.springer.com\/book\/10.1007\/978-3-032-11824-0%20\" target=\"_blank\" rel=\"nofollow noopener\">Link al libro<\/a>\n                                        <\/div>\n                            <\/div>\n        <\/div>\n\n    <\/div>\n<\/div>\n<div  class=\"block block-text-bild pb-mittel\">\n    <div class=\"main-container\">\n\n        <div class=\"columns-2\">\n                            <div class=\"column bild\">\n                    <img loading=\"lazy\" decoding=\"async\" width=\"595\" height=\"600\" src=\"https:\/\/www.sappm.ch\/wp-content\/uploads\/2024\/07\/uex-595x600.png\" class=\"attachment-medium size-medium\" alt=\"\" srcset=\"https:\/\/www.sappm.ch\/wp-content\/uploads\/2024\/07\/uex-595x600.png 595w, https:\/\/www.sappm.ch\/wp-content\/uploads\/2024\/07\/uex-150x150.png 150w, https:\/\/www.sappm.ch\/wp-content\/uploads\/2024\/07\/uex.png 714w\" sizes=\"auto, (max-width: 595px) 100vw, 595px\" \/>                <\/div>\n                            \n            <div class=\"column\">\n                \n                <p><strong>Uexk\u00fcll &#8211; Medicina psicosomatica<\/strong><\/p>\n<p>Johannes Kruse et al (eds.), 9a edizione, Elsevier 2025 <\/p>\n<p>Oltre 100 capitoli, tutti aggiornati, di cui 39 completamente riscritti.<\/p>\n<p>Nella nona edizione, Uexk\u00fcll presenta ancora una volta tutti gli aspetti della medicina psicosomatica in modo completo e fondato. In linea con le idee di Thure von Uexk\u00fcll, l&#8217;opera mira a promuovere l&#8217;integrazione del pensiero psicosomatico in tutte le specialit\u00e0 mediche e non \u00e8 quindi volutamente limitata al campo della psicosomatica e della psicoterapia. Il fattore decisivo \u00e8 l&#8217;approccio terapeutico: l&#8217;attenzione \u00e8 rivolta al paziente e alla sua realt\u00e0 individuale, che deve essere presa in considerazione per ottenere un risultato terapeutico ottimale. Nessun approccio terapeutico \u00e8 considerato l&#8217;unico valido; vengono prese in considerazione spiegazioni e approcci diversi.   <\/p>\n\n                                    <div class=\"button-group\">\n                                           <a class=\"btn btn-full btn-ext\" href=\"https:\/\/nalda.ch\/products\/9783437218354?tm=tt&#038;ap=gads&#038;aaid=adauAB6CZNUAT&#038;gad_source=1&#038;gclid=CjwKCAiAn9a9BhBtEiwAbKg6fh-6hxXd-fKLgG7pwNTwfAan7IHd0crRxasbjhSOTlgQAZ2R4soCixoC_9wQAvD_BwE\" target=\"_blank\" rel=\"nofollow noopener\">Link al libro<\/a>\n                                        <\/div>\n                            <\/div>\n        <\/div>\n\n    <\/div>\n<\/div>\n<div  class=\"block block-text-bild pb-mittel\">\n    <div class=\"main-container\">\n\n        <div class=\"columns-2\">\n                            <div class=\"column bild\">\n                    <img loading=\"lazy\" decoding=\"async\" width=\"536\" height=\"541\" src=\"https:\/\/www.sappm.ch\/wp-content\/uploads\/2024\/07\/Migration-1.png\" class=\"attachment-medium size-medium\" alt=\"\" srcset=\"https:\/\/www.sappm.ch\/wp-content\/uploads\/2024\/07\/Migration-1.png 536w, https:\/\/www.sappm.ch\/wp-content\/uploads\/2024\/07\/Migration-1-150x150.png 150w\" sizes=\"auto, (max-width: 536px) 100vw, 536px\" \/>                <\/div>\n                            \n            <div class=\"column\">\n                \n                <p><b>Medicina delle migrazioni e dei rifugiati  <\/b><\/p>\n<p>A. Exadaktylos, O. Keidar, D. Srivastava, D.H. Paris (eds.), Hogrefe 2025<\/p>\n<p>Il libro di riferimento &#8220;Medicina delle Migrazioni e dei Rifugiati&#8221; \u00e8 un&#8217;opera di riferimento in forma condensata e aiuta in modo affidabile a costruire e applicare in modo sicuro le competenze mediche per i 20 paesi di origine pi\u00f9 importanti.<\/p>\n<p>La guida pratica tratta, tra gli altri, i seguenti argomenti interprofessionali:<\/p>\n<ul>\n<li>La competenza transculturale nella pratica clinica quotidiana<\/li>\n<li>Aspetti di salute fisica e mentale nel contesto della migrazione<\/li>\n<li>Malattie comuni per paese di origine e di transito<\/li>\n<li>Migrazione e salute nell&#8217;arco della vita (particolarit\u00e0 della gravidanza, dei bambini e degli anziani)<\/li>\n<li>Salute mentale del personale medico<\/li>\n<li>Quadro giuridico<\/li>\n<\/ul>\n\n                                    <div class=\"button-group\">\n                                           <a class=\"btn btn-full btn-ext\" href=\"https:\/\/www.hogrefe.com\/ch\/shop\/migrations-und-fluechtlingsmedizin-95887.html\" target=\"_blank\" rel=\"nofollow noopener\">Link al libro<\/a>\n                                        <\/div>\n                            <\/div>\n        <\/div>\n\n    <\/div>\n<\/div>\n<div  class=\"block block-text-bild pb-mittel\">\n    <div class=\"main-container\">\n\n        <div class=\"columns-2\">\n                            <div class=\"column bild\">\n                    <img loading=\"lazy\" decoding=\"async\" width=\"519\" height=\"521\" src=\"https:\/\/www.sappm.ch\/wp-content\/uploads\/2024\/07\/Books4.png\" class=\"attachment-medium size-medium\" alt=\"\" srcset=\"https:\/\/www.sappm.ch\/wp-content\/uploads\/2024\/07\/Books4.png 519w, https:\/\/www.sappm.ch\/wp-content\/uploads\/2024\/07\/Books4-150x150.png 150w\" sizes=\"auto, (max-width: 519px) 100vw, 519px\" \/>                <\/div>\n                            \n            <div class=\"column\">\n                \n                <p><strong>Psicosomatica &#8211; neurobiologicamente valida e basata su prove di efficacia<\/strong><\/p>\n<p>Ulrich T. Egle, Christine Heim, Bernhard Strauss, Roland von K\u00e4nel (eds.) 2a edizione, Kohlhammer 2024.<br \/>\nIl libro di riferimento e di testo \u00e8 ora disponibile in una seconda edizione rivista.<br \/>\nCon i contributi specialistici di oltre 170 autori.<\/p>\n<p>In 100 capitoli, questo testo e manuale offre una panoramica aggiornata delle basi biopsicosociali della psicosomatica, scientificamente provate, per presentare la diagnosi e il trattamento delle principali malattie psicosomatiche su queste basi. A ci\u00f2 si aggiungono contributi sulla storia della psicosomatica, l&#8217;epidemiologia, l&#8217;economia sanitaria, la prevenzione psicosociale, la medicina sociale e la valutazione. <\/p>\n\n                                    <div class=\"button-group\">\n                                           <a class=\"btn btn-full btn-ext\" href=\"http:\/\/www.kohlhammer.de\/go.php?isbn=978-3-17-041384-9\" target=\"_blank\" rel=\"nofollow noopener\">Link al libro<\/a>\n                                        <\/div>\n                            <\/div>\n        <\/div>\n\n    <\/div>\n<\/div>\n<div  class=\"block block-text-bild pb-mittel\">\n    <div class=\"main-container\">\n\n        <div class=\"columns-2\">\n                            <div class=\"column bild\">\n                    <img loading=\"lazy\" decoding=\"async\" width=\"496\" height=\"498\" src=\"https:\/\/www.sappm.ch\/wp-content\/uploads\/2024\/07\/Books3.png\" class=\"attachment-medium size-medium\" alt=\"\" srcset=\"https:\/\/www.sappm.ch\/wp-content\/uploads\/2024\/07\/Books3.png 496w, https:\/\/www.sappm.ch\/wp-content\/uploads\/2024\/07\/Books3-150x150.png 150w\" sizes=\"auto, (max-width: 496px) 100vw, 496px\" \/>                <\/div>\n                            \n            <div class=\"column\">\n                \n                <p><strong>DOULEURS ET \u00c9MOTIONS<\/strong><\/p>\n<p>Anne-Fran\u00e7oise Allaz, Vigot, 2021<\/p>\n<p>Les douleurs chroniques, qui affectent 20% de la population, sont-elles une fatalit\u00e9?<\/p>\n<p>En int\u00e9grant les dimensions \u00e9motionnelles \u00e0 leur engagement dans des th\u00e9rapies combin\u00e9es, les personnes qui souffrent peuvent influencer positivement les syst\u00e8mes de contr\u00f4le de la douleur.<\/p>\n\n                                    <div class=\"button-group\">\n                                           <a class=\"btn btn-full btn-ext\" href=\"https:\/\/www.unitheque.com\/douleur-emotions\/vigot\/Livre\/355103\" target=\"_blank\" rel=\"nofollow noopener\">Link al libro<\/a>\n                                        <\/div>\n                            <\/div>\n        <\/div>\n\n    <\/div>\n<\/div>\n<div  class=\"block block-text-bild pb-mittel\">\n    <div class=\"main-container\">\n\n        <div class=\"columns-2\">\n                            <div class=\"column bild\">\n                    <img loading=\"lazy\" decoding=\"async\" width=\"582\" height=\"579\" src=\"https:\/\/www.sappm.ch\/wp-content\/uploads\/2024\/07\/Books5.png\" class=\"attachment-medium size-medium\" alt=\"\" srcset=\"https:\/\/www.sappm.ch\/wp-content\/uploads\/2024\/07\/Books5.png 582w, https:\/\/www.sappm.ch\/wp-content\/uploads\/2024\/07\/Books5-150x150.png 150w\" sizes=\"auto, (max-width: 582px) 100vw, 582px\" \/>                <\/div>\n                            \n            <div class=\"column\">\n                \n                <p><strong>Medicina psicosomatica generale<\/strong><\/p>\n<p>Peter Henningsen, Springer 2021<\/p>\n<p>In questo libro per i medici interessati alla medicina psicosomatica, i diversi sviluppi empirici e concettuali emersi dalla seconda met\u00e0 del XX secolo vengono riuniti e riflettuti in termini di significato clinico. In particolare, viene affrontato il punto di partenza scientifico-teorico della medicina psicosomatica in relazione al soggettivo. <\/p>\n\n                                    <div class=\"button-group\">\n                                           <a class=\"btn btn-full btn-ext\" href=\"https:\/\/link.springer.com\/book\/10.1007\/978-3-662-63324-3\" target=\"_blank\" rel=\"nofollow noopener\">Link al libro<\/a>\n                                        <\/div>\n                            <\/div>\n        <\/div>\n\n    <\/div>\n<\/div>","protected":false},"excerpt":{"rendered":"","protected":false},"author":3,"featured_media":0,"parent":0,"menu_order":0,"comment_status":"closed","ping_status":"closed","template":"","meta":{"_acf_changed":false,"footnotes":""},"class_list":["post-20520","page","type-page","status-publish","hentry"],"acf":[],"_links":{"self":[{"href":"https:\/\/www.sappm.ch\/it\/wp-json\/wp\/v2\/pages\/20520","targetHints":{"allow":["GET"]}}],"collection":[{"href":"https:\/\/www.sappm.ch\/it\/wp-json\/wp\/v2\/pages"}],"about":[{"href":"https:\/\/www.sappm.ch\/it\/wp-json\/wp\/v2\/types\/page"}],"author":[{"embeddable":true,"href":"https:\/\/www.sappm.ch\/it\/wp-json\/wp\/v2\/users\/3"}],"replies":[{"embeddable":true,"href":"https:\/\/www.sappm.ch\/it\/wp-json\/wp\/v2\/comments?post=20520"}],"version-history":[{"count":1,"href":"https:\/\/www.sappm.ch\/it\/wp-json\/wp\/v2\/pages\/20520\/revisions"}],"predecessor-version":[{"id":20523,"href":"https:\/\/www.sappm.ch\/it\/wp-json\/wp\/v2\/pages\/20520\/revisions\/20523"}],"wp:attachment":[{"href":"https:\/\/www.sappm.ch\/it\/wp-json\/wp\/v2\/media?parent=20520"}],"curies":[{"name":"wp","href":"https:\/\/api.w.org\/{rel}","templated":true}]}}