{"id":4157,"date":"2024-06-22T15:51:12","date_gmt":"2024-06-22T13:51:12","guid":{"rendered":"https:\/\/xawekybe.cyon.site\/?page_id=4157"},"modified":"2025-02-19T11:57:22","modified_gmt":"2025-02-19T10:57:22","slug":"titolo-di-specializzazione-interdisciplinare","status":"publish","type":"page","link":"https:\/\/www.sappm.ch\/it\/titolo-di-specializzazione-interdisciplinare\/","title":{"rendered":"Titolo di specializzazione interdisciplinare"},"content":{"rendered":"\n<div  class=\"block block-lead bg-element pb-gross\">\n    <div class=\"main-container\">\n        <div class=\"content-container lead-font-size\">\n            La competenza medica in medicina psicosomatica e psicosociale \u00e8 regolamentata in Svizzera come titolo di specialit\u00e0 interdisciplinare (iSP) (art. 50 e segg. WBO SIWF).  \n\nIl SAPPM \u00e8 l&#8217;organizzazione incaricata dalla SIWF di garantire il rilascio e l&#8217;attuazione del titolo di specializzazione interdisciplinare in Svizzera. Esistono diverse varianti di programmi di formazione continua per acquisire il titolo di specializzazione. \n                                                                                            <\/div>\n    <\/div>\n<\/div>\n<div  class=\"block block-content pb-mittel\">\n    <div class=\"main-container\">\n        <div class=\"content-container\">\n\n                            <h2 class=\"d5\">Acquisire un titolo di specializzazione<\/h2>\n            \n            <div id=\"c612\" class=\"csc-frame csc-frame-default\">\n<p>La &#8220;Medicina Psicosomatica e Psicosociale&#8221; \u00e8 un <a href=\"https:\/\/www.siwf.ch\/weiterbildung\/schwerpunkte.cfm\" rel=\"nofollow noopener\" target=\"_blank\">titolo di specializzazione interdisciplinare<\/a> riconosciuto dalla FMH \/ SIWF (art. 50 e seguenti WBO SIWF). Il titolo \u00e8 protetto. In primo luogo certifica all&#8217;esterno che il titolare del titolo ha seguito una formazione approfondita in medicina psicosomatica e psicosociale. I vantaggi associati al titolo riguardano le gare d&#8217;appalto, la protezione in caso di verifica delle prestazioni e la conservazione dei diritti acquisiti.   <\/p>\n<\/div>\n<div id=\"c566\" class=\"csc-frame csc-frame-default\">\n<p>&nbsp;<\/p>\n<p class=\"bodytext\">Dal 2009 esiste anche una voce tariffaria TARMED separata 00.0525<strong>,<\/strong> riservata ai titolari del titolo SAPPM. Nel futuro TARDOC, ci sar\u00e0 una posizione separata nel capitolo &#8220;Assistenza specialistica&#8221; (JZ). <\/p>\n<\/div>\n\n            \n        <\/div>\n    <\/div>\n<\/div>\n<div class=\"block block-akkordeon pb-mittel\">\n    <div class=\"main-container\">\n        <h2><\/h2>\n                    <div class=\"accordion agenda-item\">\n                                    <div class=\"accordion-item\">\n                        <div class=\"accordion-toggle dark\">\n                            <div class=\"infos transition\">\n                                <span class=\"text\">Pi\u00f9 informazioni<\/span>\n                                <span class=\"icon-more\"><\/span>\n                                <span class=\"icon-less\"><\/span>\n                            <\/div>\n                            <div class=\"inner\">\n                                <h3 class=\"d6 agenda-title\">Prerequisiti<\/h3>\n                            <\/div>\n                        <\/div>\n                        <div class=\"accordion-content\">\n                            <div class=\"inner\">\n                                <p>Il prerequisito per acquisire il titolo di specialista \u00e8 una formazione specialistica completata e un curriculum di formazione continua quantitativamente e qualitativamente corretto di almeno 360 crediti di formazione continua riconosciuti dalla SAPPM, in conformit\u00e0 con il programma di formazione continua<a href=\"https:\/\/www.siwf.ch\/files\/pdf23\/psychosomatische_psychosoziale_medizin_d.pdf\" rel=\"nofollow noopener\" target=\"_blank\">&#8220;Medicina Psicosomatica e Psicosociale SAPPM<\/a>&#8221; (ultima revisione 2019).<\/p>\n<p>Il mantenimento del titolo di specialista richiede un carico di lavoro annuale obbligatorio di formazione continua di almeno 20 crediti di formazione continua riconosciuti dalla SAPPM.<\/p>\n                            <\/div>\n                        <\/div>\n                    <\/div>\n                                    <div class=\"accordion-item\">\n                        <div class=\"accordion-toggle dark\">\n                            <div class=\"infos transition\">\n                                <span class=\"text\">Pi\u00f9 informazioni<\/span>\n                                <span class=\"icon-more\"><\/span>\n                                <span class=\"icon-less\"><\/span>\n                            <\/div>\n                            <div class=\"inner\">\n                                <h3 class=\"d6 agenda-title\">Criteri per il riconoscimento dei programmi di formazione  <\/h3>\n                            <\/div>\n                        <\/div>\n                        <div class=\"accordion-content\">\n                            <div class=\"inner\">\n                                <p>I corsi di formazione offerti dagli <a href=\"https:\/\/www.sappm.ch\/kliniken-weiterbildungsstaetten\/\" target=\"_blank\" rel=\"noopener\">istituti svizzeri di formazione continua (WBI), dai centri di formazione continua (WBS), dai moduli di formazione continua (WBM) e dai sotto-corsi di formazione continua (WBTA)<\/a> &#8211; di seguito denominati &#8220;istituti&#8221; &#8211; sono riconosciuti senza restrizioni per il conseguimento del titolo iSP. Le istituzioni citate offrono diverse opzioni per i programmi di formazione continua. <\/p>\n                            <\/div>\n                        <\/div>\n                    <\/div>\n                                    <div class=\"accordion-item\">\n                        <div class=\"accordion-toggle dark\">\n                            <div class=\"infos transition\">\n                                <span class=\"text\">Pi\u00f9 informazioni<\/span>\n                                <span class=\"icon-more\"><\/span>\n                                <span class=\"icon-less\"><\/span>\n                            <\/div>\n                            <div class=\"inner\">\n                                <h3 class=\"d6 agenda-title\">Riconoscimento dell&#8217;istruzione superiore straniera<\/h3>\n                            <\/div>\n                        <\/div>\n                        <div class=\"accordion-content\">\n                            <div class=\"inner\">\n                                <p class=\"bodytext\">Il riconoscimento della formazione continua estera avviene in conformit\u00e0 con l&#8217;art. 33 del WBO della SIWF: il numero totale di ore di formazione riconosciute completate in istituzioni estere non pu\u00f2 superare la met\u00e0 dei crediti richiesti per l&#8217;iSP (massimo 180 su 360 crediti). Le ore rimanenti devono essere completate in uno degli istituti svizzeri sopra citati. L&#8217;approvazione della Commissione Titoli per eccezioni speciali a questa regola deve essere ottenuta dal candidato in anticipo.  <\/p>\n<p class=\"bodytext\">Requisiti per il riconoscimento della formazione esterna:<\/p>\n<ul>\n<li>L&#8217;istituzione, l&#8217;associazione o il formatore devono essere membri dell&#8217;EAPM (International Association of Psychosomatic Medicine) o di un&#8217;organizzazione di formazione psicosomatica riconosciuta a livello nazionale al momento della formazione del candidato. I formatori devono avere una formazione equivalente a quella dei formatori SAPPM. <\/li>\n<li>L&#8217;ente di formazione deve certificare per iscritto, sotto forma di elenco degli argomenti trattati, che sono stati insegnati i contenuti rilevanti, cio\u00e8 quelli richiesti per l&#8217;iSP. Questi devono essere suddivisi in teoria, competenze e supervisione. <\/li>\n<li>Se il candidato ha completato solo una parte della formazione presso un&#8217;istituzione estera corrispondente, \u00e8 necessaria una conferma corrispondente e il resto della formazione deve essere completato presso una delle istituzioni svizzere menzionate.<\/li>\n<li>Fa eccezione il titolo di specialista in medicina psicosomatica acquisito in Germania, che \u00e8 pienamente riconosciuto. Titoli di specializzazione simili provenienti da altri paesi saranno esaminati caso per caso. <\/li>\n<li>Il candidato \u00e8 tenuto a fare le dovute ricerche e a fornire i documenti richiesti. I documenti devono essere tradotti ufficialmente in una delle lingue nazionali svizzere. <\/li>\n<\/ul>\n                            <\/div>\n                        <\/div>\n                    <\/div>\n                                    <div class=\"accordion-item\">\n                        <div class=\"accordion-toggle dark\">\n                            <div class=\"infos transition\">\n                                <span class=\"text\">Pi\u00f9 informazioni<\/span>\n                                <span class=\"icon-more\"><\/span>\n                                <span class=\"icon-less\"><\/span>\n                            <\/div>\n                            <div class=\"inner\">\n                                <h3 class=\"d6 agenda-title\">Titolari del titolo di Psichiatria e Psicoterapia FMH<\/h3>\n                            <\/div>\n                        <\/div>\n                        <div class=\"accordion-content\">\n                            <div class=\"inner\">\n                                <p class=\"bodytext\">Il solo titolo di specialista in psichiatria e psicoterapia non equivale all&#8217;ottenimento del titolo iSP. Il 30% della formazione (ovvero 120 ore, suddivise in teoria, competenze e supervisione) deve comprendere la medicina psicosomatica specifica o essere stata acquisita presso uno degli istituti riconosciuti dal SAPPM. <\/p>\n                            <\/div>\n                        <\/div>\n                    <\/div>\n                                    <div class=\"accordion-item\">\n                        <div class=\"accordion-toggle dark\">\n                            <div class=\"infos transition\">\n                                <span class=\"text\">Pi\u00f9 informazioni<\/span>\n                                <span class=\"icon-more\"><\/span>\n                                <span class=\"icon-less\"><\/span>\n                            <\/div>\n                            <div class=\"inner\">\n                                <h3 class=\"d6 agenda-title\">Licenza per psicoterapia delegata<\/h3>\n                            <\/div>\n                        <\/div>\n                        <div class=\"accordion-content\">\n                            <div class=\"inner\">\n                                <p>L&#8217;acquisizione del (precedente) certificato di competenza per la psicoterapia delegata corrispondeva a 60 ore di formazione. Questa formazione di base e le rispettive certificazioni (se riconosciute) possono essere accreditate per l&#8217;acquisizione del titolo iSP. <\/p>\n                            <\/div>\n                        <\/div>\n                    <\/div>\n                                    <div class=\"accordion-item\">\n                        <div class=\"accordion-toggle dark\">\n                            <div class=\"infos transition\">\n                                <span class=\"text\">Pi\u00f9 informazioni<\/span>\n                                <span class=\"icon-more\"><\/span>\n                                <span class=\"icon-less\"><\/span>\n                            <\/div>\n                            <div class=\"inner\">\n                                <h3 class=\"d6 agenda-title\">Certificato di competenza in ipnosi medica SMSH<\/h3>\n                            <\/div>\n                        <\/div>\n                        <div class=\"accordion-content\">\n                            <div class=\"inner\">\n                                <p>Dal 2017 esiste un accordo di mutuo riconoscimento tra il SAPPM e la SMSH (Soci\u00e9t\u00e9 m\u00e9dicale suisse d&#8217;hypnose \/ Societ\u00e0 Medica Svizzera per l&#8217;Ipnosi), in base al quale vengono riconosciuti 120 crediti per il conseguimento del titolo iSP per i titolari della FA Medical Hypnosis SMSH, ovvero 29 crediti di teoria, 61 crediti di abilit\u00e0 e 30 crediti di intervisione.<\/p>\n                            <\/div>\n                        <\/div>\n                    <\/div>\n                            <\/div>\n            <\/div>\n<\/div>\n\n<div  class=\"block block-content pb-mittel\">\n    <div class=\"main-container\">\n        <div class=\"content-container\">\n\n                            <h2 class=\"d5\">Invia la richiesta di titolo<\/h2>\n            \n            <p>I richiedenti sono responsabili della corretta e completa compilazione della domanda. Le valutazioni preliminari, ad esempio per i crediti ancora necessari o per altre richieste preliminari, vengono addebitate separatamente a una tariffa forfettaria. Puoi inviare le tue richieste di informazioni via e-mail a <a href=\"mailto:info@sappm.ch\">info@sappm.ch.<\/a>   <\/p>\n\n                            <div class=\"button-group\">\n                                   <a class=\"btn btn-full btn-arrow\" href=\"https:\/\/www.sappm.ch\/antragsformular-isp-sappm\/\" target=\"_self\">Invia subito una domanda  <\/a>\n                                <\/div>\n            \n        <\/div>\n    <\/div>\n<\/div>\n<div  class=\"block block-text-bild pb-mittel\">\n    <div class=\"main-container\">\n\n        <div class=\"columns-2\">\n                            <div class=\"column bild\">\n                    <img loading=\"lazy\" decoding=\"async\" width=\"600\" height=\"558\" src=\"https:\/\/www.sappm.ch\/wp-content\/uploads\/2024\/07\/Abb1-600x558.png\" class=\"attachment-medium size-medium\" alt=\"\" srcset=\"https:\/\/www.sappm.ch\/wp-content\/uploads\/2024\/07\/Abb1-600x558.png 600w, https:\/\/www.sappm.ch\/wp-content\/uploads\/2024\/07\/Abb1-768x714.png 768w, https:\/\/www.sappm.ch\/wp-content\/uploads\/2024\/07\/Abb1.png 774w\" sizes=\"auto, (max-width: 600px) 100vw, 600px\" \/>                <\/div>\n                            \n            <div class=\"column\">\n                \n                <p><strong>Qual \u00e8 il programma di formazione professionale pi\u00f9 adatto a me?<\/strong><\/p>\n<p>Troverai una soluzione personalizzata e adatta alla tua situazione lavorativa e di vita.<\/p>\n\n                                    <div class=\"button-group\">\n                                           <a class=\"btn btn-full btn-ext\" href=\"https:\/\/www.sappm.ch\/weiterbildungs-curricula\/\" target=\"_blank\">Programmi di formazione<\/a>\n                                        <\/div>\n                            <\/div>\n        <\/div>\n\n    <\/div>\n<\/div>\n<div  class=\"block block-content pb-mittel\">\n    <div class=\"main-container\">\n        <div class=\"content-container\">\n\n                            <h2 class=\"d5\">Ricertificare i titoli di specializzazione<\/h2>\n            \n            <p>L&#8217;iSP SAPPM deve essere ricertificato ogni 5 anni. \u00c8 necessario dimostrare un minimo di 20 crediti di formazione psicosomatica e\/o psicosociale (accreditata dal SAPPM) all&#8217;anno.<\/p>\n<p>Di questi 20 crediti minimi, almeno 6-8 crediti devono essere completati in formazione avanzata in medicina psicosomatica e\/o psicosociale e almeno 12-14 crediti devono consistere in supervisione\/intervista.<\/p>\n<p>Il supervisore o i partecipanti all&#8217;intervisione (almeno 3 persone) confermano la regolare partecipazione di ciascuno. Idealmente, e per la tua tutela, viene tenuto un elenco di chi ha presentato quale paziente (iniziali) in quale sessione.<\/p>\n<p>Se le condizioni per la ricertificazione non sono soddisfatte, la specializzazione interdisciplinare decade alla fine dell&#8217;anno solare in cui \u00e8 prevista la ricertificazione.<\/p>\n<p>Le attivit\u00e0 didattiche dei corsi di formazione e perfezionamento accreditati SAPPM sono riconosciute per la ricertificazione. Le attivit\u00e0 di supervisione come supervisore riconosciuto dal SAPPM sono riconosciute come supervisione.<\/p>\n\n                            <div class=\"button-group\">\n                                   <a class=\"btn btn-full btn-arrow\" href=\"https:\/\/www.sappm.ch\/rezertifizierung-beantragen\/\" target=\"_self\">Invia una domanda di ricertificazione<\/a>\n                                <\/div>\n            \n        <\/div>\n    <\/div>\n<\/div>","protected":false},"excerpt":{"rendered":"","protected":false},"author":1,"featured_media":2894,"parent":0,"menu_order":0,"comment_status":"closed","ping_status":"closed","template":"","meta":{"_acf_changed":false,"footnotes":""},"class_list":["post-4157","page","type-page","status-publish","has-post-thumbnail","hentry"],"acf":[],"_links":{"self":[{"href":"https:\/\/www.sappm.ch\/it\/wp-json\/wp\/v2\/pages\/4157","targetHints":{"allow":["GET"]}}],"collection":[{"href":"https:\/\/www.sappm.ch\/it\/wp-json\/wp\/v2\/pages"}],"about":[{"href":"https:\/\/www.sappm.ch\/it\/wp-json\/wp\/v2\/types\/page"}],"author":[{"embeddable":true,"href":"https:\/\/www.sappm.ch\/it\/wp-json\/wp\/v2\/users\/1"}],"replies":[{"embeddable":true,"href":"https:\/\/www.sappm.ch\/it\/wp-json\/wp\/v2\/comments?post=4157"}],"version-history":[{"count":0,"href":"https:\/\/www.sappm.ch\/it\/wp-json\/wp\/v2\/pages\/4157\/revisions"}],"wp:featuredmedia":[{"embeddable":true,"href":"https:\/\/www.sappm.ch\/it\/wp-json\/wp\/v2\/media\/2894"}],"wp:attachment":[{"href":"https:\/\/www.sappm.ch\/it\/wp-json\/wp\/v2\/media?parent=4157"}],"curies":[{"name":"wp","href":"https:\/\/api.w.org\/{rel}","templated":true}]}}