{"id":4252,"date":"2024-08-09T15:46:31","date_gmt":"2024-08-09T13:46:31","guid":{"rendered":"https:\/\/xawekybe.cyon.site\/?page_id=4252"},"modified":"2024-08-19T09:06:09","modified_gmt":"2024-08-19T07:06:09","slug":"invia-la-domanda-di-ricertificazione-afi-asmpp","status":"publish","type":"page","link":"https:\/\/www.sappm.ch\/it\/invia-la-domanda-di-ricertificazione-afi-asmpp\/","title":{"rendered":"Invia la domanda di ricertificazione AFI ASMPP"},"content":{"rendered":"\n<div  class=\"block block-content pb-mittel\">\n    <div class=\"main-container\">\n        <div class=\"content-container\">\n\n            \n            <link rel='stylesheet' id='formidable-css' href='https:\/\/www.sappm.ch\/wp-content\/plugins\/formidable\/css\/formidableforms.css?ver=4141248' type='text\/css' media='all' \/>\n<div class=\"frm_forms  with_frm_style frm_style_formidable-style\" id=\"frm_form_6_container\" data-token=\"872ad428ff0720897a56439c8064ac42\">\n<form enctype=\"multipart\/form-data\" method=\"post\" class=\"frm-show-form  frm_pro_form \" id=\"form_n1b0b2\" data-token=\"872ad428ff0720897a56439c8064ac42\">\n<div class=\"frm_form_fields \">\n<fieldset>\n<legend class=\"frm_screen_reader\">Rezertifizierungsformular iSP SAPPM<\/legend>\r\n\r\n<div class=\"frm_fields_container\">\n<input type=\"hidden\" name=\"frm_action\" value=\"create\" \/>\n<input type=\"hidden\" name=\"form_id\" value=\"6\" \/>\n<input type=\"hidden\" name=\"frm_hide_fields_6\" id=\"frm_hide_fields_6\" value=\"\" \/>\n<input type=\"hidden\" name=\"form_key\" value=\"n1b0b2\" \/>\n<input type=\"hidden\" name=\"item_meta[0]\" value=\"\" \/>\n<input type=\"hidden\" id=\"frm_submit_entry_6\" name=\"frm_submit_entry_6\" value=\"5ddf6490d1\" \/><input type=\"hidden\" name=\"_wp_http_referer\" value=\"\/it\/wp-json\/wp\/v2\/pages\/4252\" \/><div id=\"frm_field_180_container\" class=\"frm_form_field form-field  frm_required_field frm_top_container frm6 frm_first\">\r\n\t<label for=\"field_gwsxm2\" id=\"field_gwsxm2_label\" class=\"frm_primary_label\">Anrede\r\n\t\t<span class=\"frm_required\" aria-hidden=\"true\">*<\/span>\r\n\t<\/label>\r\n\t<input  type=\"text\" id=\"field_gwsxm2\" name=\"item_meta[180]\" value=\"\"  data-reqmsg=\"Dieses Feld darf nicht leer sein.\" aria-required=\"true\" data-invmsg=\"Anrede ist ung\u00fcltig\" aria-invalid=\"false\"   \/>\r\n\t\r\n\t\r\n<\/div>\n<div id=\"frm_field_181_container\" class=\"frm_form_field form-field  frm_required_field frm_top_container frm6\">\r\n\t<label for=\"field_tb1vg2\" id=\"field_tb1vg2_label\" class=\"frm_primary_label\">Titel\r\n\t\t<span class=\"frm_required\" aria-hidden=\"true\">*<\/span>\r\n\t<\/label>\r\n\t<input  type=\"text\" id=\"field_tb1vg2\" name=\"item_meta[181]\" value=\"\"  data-reqmsg=\"Dieses Feld darf nicht leer sein.\" aria-required=\"true\" data-invmsg=\"Titel ist ung\u00fcltig\" aria-invalid=\"false\"   \/>\r\n\t\r\n\t\r\n<\/div>\n<div id=\"frm_field_182_container\" class=\"frm_form_field form-field  frm_required_field frm_top_container\">\r\n\t<div  id=\"field_crqrg2_label\" class=\"frm_primary_label\">Name\r\n\t\t<span class=\"frm_required\" aria-hidden=\"true\">*<\/span>\r\n\t<\/div>\r\n\t<fieldset aria-labelledby=\"field_crqrg2_label\">\n\t<legend class=\"frm_screen_reader frm_hidden\">\n\t\tName\t<\/legend>\n\n\t<div  class=\"frm_combo_inputs_container\" id=\"frm_combo_inputs_container_182\" data-name-layout=\"first_last\">\n\t\t\t\t\t<div\n\t\t\t\tid=\"frm_field_182-first_container\"\n\t\t\t\tclass=\"frm_form_field form-field frm_form_subfield-first  frm6\"\n\t\t\t\tdata-sub-field-name=\"first\"\n\t\t\t>\n\t\t\t\t<label for=\"field_crqrg2_first\" class=\"frm_screen_reader frm_hidden\">\n\t\t\t\t\tVorname\t\t\t\t<\/label>\n\n\t\t\t\t<input  type=\"text\" id=\"field_crqrg2_first\" value=\"\" name=\"item_meta[182][first]\" autocomplete=\"given-name\" data-reqmsg=\"Dieses Feld darf nicht leer sein.\" aria-required=\"true\" data-invmsg=\"Name non \u00e8 valido\" aria-invalid=\"false\"  \/><div class=\"frm_description\" id=\"frm_field_182_first_desc\">Vorname<\/div>\t\t\t<\/div>\n\t\t\t\t\t\t<div\n\t\t\t\tid=\"frm_field_182-last_container\"\n\t\t\t\tclass=\"frm_form_field form-field frm_form_subfield-last  frm6\"\n\t\t\t\tdata-sub-field-name=\"last\"\n\t\t\t>\n\t\t\t\t<label for=\"field_crqrg2_last\" class=\"frm_screen_reader frm_hidden\">\n\t\t\t\t\tNachname\t\t\t\t<\/label>\n\n\t\t\t\t<input  type=\"text\" id=\"field_crqrg2_last\" value=\"\" name=\"item_meta[182][last]\" autocomplete=\"family-name\" data-reqmsg=\"Dieses Feld darf nicht leer sein.\" aria-required=\"true\" data-invmsg=\"Name non \u00e8 valido\" aria-invalid=\"false\"  \/><div class=\"frm_description\" id=\"frm_field_182_last_desc\">Nachname<\/div>\t\t\t<\/div>\n\t\t\t\t<\/div>\n<\/fieldset>\n\r\n\t\r\n\t\r\n<\/div>\n<div id=\"frm_field_183_container\" class=\"frm_form_field form-field  frm_required_field frm_top_container frm6 frm_first\">\r\n\t<label for=\"field_1liyi2\" id=\"field_1liyi2_label\" class=\"frm_primary_label\">Geburtsdatum\r\n\t\t<span class=\"frm_required\" aria-hidden=\"true\">*<\/span>\r\n\t<\/label>\r\n\t<input type=\"text\" id=\"field_1liyi2\" name=\"item_meta[183]\" value=\"\"  maxlength=\"10\" data-reqmsg=\"Dieses Feld darf nicht leer sein.\" aria-required=\"true\" data-invmsg=\"Geburtsdatum ist ung\u00fcltig\" class=\"frm_date\" aria-invalid=\"false\"  \/>\r\n\t\r\n\t\r\n<\/div>\n<div id=\"frm_field_186_container\" class=\"frm_form_field form-field  frm_required_field frm_top_container frm6\">\r\n\t<label for=\"field_gill\" id=\"field_gill_label\" class=\"frm_primary_label\">Erwerb interdisziplin\u00e4rer Schwerpunkt SAPPM\r\n\t\t<span class=\"frm_required\" aria-hidden=\"true\">*<\/span>\r\n\t<\/label>\r\n\t<input type=\"text\" id=\"field_gill\" name=\"item_meta[186]\" value=\"\"  maxlength=\"10\" data-reqmsg=\"Dieses Feld darf nicht leer sein.\" aria-required=\"true\" data-invmsg=\"Erwerb interdisziplin\u00e4rer Schwerpunkt SAPPM ist ung\u00fcltig\" class=\"frm_date\" aria-invalid=\"false\"  \/>\r\n\t\r\n\t\r\n<\/div>\n<div id=\"frm_field_185_container\" class=\"frm_form_field form-field  frm_required_field frm_top_container frm9 frm_first\">\r\n\t<label for=\"field_l75b92\" id=\"field_l75b92_label\" class=\"frm_primary_label\">Facharzttitel\r\n\t\t<span class=\"frm_required\" aria-hidden=\"true\">*<\/span>\r\n\t<\/label>\r\n\t<input  type=\"text\" id=\"field_l75b92\" name=\"item_meta[185]\" value=\"\"  data-reqmsg=\"Dieses Feld darf nicht leer sein.\" aria-required=\"true\" data-invmsg=\"Facharzttitel ist ung\u00fcltig\" aria-invalid=\"false\"   \/>\r\n\t\r\n\t\r\n<\/div>\n<div id=\"frm_field_187_container\" class=\"frm_form_field form-field  frm_required_field frm_top_container frm3\">\r\n\t<label for=\"field_z822v2\" id=\"field_z822v2_label\" class=\"frm_primary_label\">GLN-Nummer\r\n\t\t<span class=\"frm_required\" aria-hidden=\"true\">*<\/span>\r\n\t<\/label>\r\n\t<input type=\"number\" id=\"field_z822v2\" name=\"item_meta[187]\" value=\"\" data-reqmsg=\"Dieses Feld darf nicht leer sein.\" aria-required=\"true\" data-invmsg=\"GLN-Nummer ist ung\u00fcltig\" aria-invalid=\"false\"   min=\"0\" max=\"8601000197689\" step=\"any\" \/>\r\n\t\r\n\t\r\n<\/div>\n<div id=\"frm_field_188_container\" class=\"frm_form_field form-field  frm_top_container frm6 frm_first\">\r\n\t<label for=\"field_tg3b12\" id=\"field_tg3b12_label\" class=\"frm_primary_label\">Adresse gesch\u00e4ftlich: Strasse \/ PLZ \/ Ort\r\n\t\t<span class=\"frm_required\" aria-hidden=\"true\"><\/span>\r\n\t<\/label>\r\n\t<textarea name=\"item_meta[188]\" id=\"field_tg3b12\" rows=\"5\"  data-invmsg=\"Adresse gesch\u00e4ftlich: Strasse \/ PLZ \/ Ort ist ung\u00fcltig\" aria-invalid=\"false\"  ><\/textarea>\r\n\t\r\n\t\r\n<\/div>\n<div id=\"frm_field_189_container\" class=\"frm_form_field form-field  frm_top_container frm6\">\r\n\t<label for=\"field_p3a8u2\" id=\"field_p3a8u2_label\" class=\"frm_primary_label\">Adresse privat: Strasse \/ PLZ \/ Ort\r\n\t\t<span class=\"frm_required\" aria-hidden=\"true\"><\/span>\r\n\t<\/label>\r\n\t<textarea name=\"item_meta[189]\" id=\"field_p3a8u2\" rows=\"5\"  data-invmsg=\"Adresse privat: Strasse \/ PLZ \/ Ort ist ung\u00fcltig\" aria-invalid=\"false\"  ><\/textarea>\r\n\t\r\n\t\r\n<\/div>\n<div id=\"frm_field_190_container\" class=\"frm_form_field form-field  frm_top_container frm6 frm_first\">\r\n\t<label for=\"field_jqfhf2\" id=\"field_jqfhf2_label\" class=\"frm_primary_label\">Telefon \/ Mobile\r\n\t\t<span class=\"frm_required\" aria-hidden=\"true\"><\/span>\r\n\t<\/label>\r\n\t<input  type=\"text\" id=\"field_jqfhf2\" name=\"item_meta[190]\" value=\"\"  data-invmsg=\"Telefon \/ Mobile ist ung\u00fcltig\" aria-invalid=\"false\"   \/>\r\n\t\r\n\t\r\n<\/div>\n<div id=\"frm_field_191_container\" class=\"frm_form_field form-field  frm_top_container frm6\">\r\n\t<label for=\"field_jo7iy2\" id=\"field_jo7iy2_label\" class=\"frm_primary_label\">Bevorzugte Mail-Adresse\r\n\t\t<span class=\"frm_required\" aria-hidden=\"true\"><\/span>\r\n\t<\/label>\r\n\t<input  type=\"text\" id=\"field_jo7iy2\" name=\"item_meta[191]\" value=\"\"  data-invmsg=\"Bevorzugte Mail-Adresse ist ung\u00fcltig\" aria-invalid=\"false\"   \/>\r\n\t\r\n\t\r\n<\/div>\n<div id=\"frm_field_213_container\" class=\"frm_form_field form-field  frm_required_field frm_top_container\">\r\n\t<label for=\"field_v88gb2\" id=\"field_v88gb2_label\" class=\"frm_primary_label\">Hier f\u00fchren Sie bitte in chronologischer Reihenfolge die Credits auf, welche von der SAPPM f\u00fcr Theorie anerkannt wurden. Bitte nennen Sie jeweils mit einer Ziffer den entsprechenden Beleg.\r\n\t\t<span class=\"frm_required\" aria-hidden=\"true\">*<\/span>\r\n\t<\/label>\r\n\t<textarea data-auto-grow=\"1\"  name=\"item_meta[213]\" id=\"field_v88gb2\" rows=\"5\"  data-reqmsg=\"Dieses Feld darf nicht leer sein.\" aria-required=\"true\" data-invmsg=\"Hier f\u00fchren Sie bitte in chronologischer Reihenfolge die Credits auf, welche von der SAPPM f\u00fcr Theorie anerkannt wurden. Bitte nennen Sie jeweils mit einer Ziffer den entsprechenden Beleg. ist ung\u00fcltig\" aria-invalid=\"false\"  ><\/textarea>\r\n\t\r\n\t\r\n<\/div>\n<div id=\"frm_field_217_container\" class=\"frm_form_field form-field  frm_required_field frm_top_container\">\r\n\t<label for=\"field_lkwch2\" id=\"field_lkwch2_label\" class=\"frm_primary_label\">Hier f\u00fchren Sie bitte in chronologischer Reihenfolge die Credits auf, welche von der SAPPM f\u00fcr Supervision und Intervision anerkannt wurden. Bitte nennen Sie jeweils mit einer Ziffer den entsprechenden Beleg.\r\n\t\t<span class=\"frm_required\" aria-hidden=\"true\">*<\/span>\r\n\t<\/label>\r\n\t<textarea data-auto-grow=\"1\"  name=\"item_meta[217]\" id=\"field_lkwch2\" rows=\"5\"  data-reqmsg=\"Dieses Feld darf nicht leer sein.\" aria-required=\"true\" data-invmsg=\"Hier f\u00fchren Sie bitte in chronologischer Reihenfolge die Credits auf, welche von der SAPPM f\u00fcr Supervision und Intervision anerkannt wurden. Bitte nennen Sie jeweils mit einer Ziffer den entsprechenden Beleg. ist ung\u00fcltig\" aria-invalid=\"false\"  ><\/textarea>\r\n\t\r\n\t\r\n<\/div>\n<div id=\"frm_field_224_container\" class=\"frm_form_field form-field  frm_required_field frm_top_container\">\r\n\t<label for=\"field_z44f\" id=\"field_z44f_label\" class=\"frm_primary_label\">Hier f\u00fchren Sie bitte in chronologischer Reihenfolge die Credits auf, welche von der SAPPM f\u00fcr Lehrt\u00e4tigkeit anerkannt wurden.\r\n\t\t<span class=\"frm_required\" aria-hidden=\"true\">*<\/span>\r\n\t<\/label>\r\n\t<textarea data-auto-grow=\"1\"  name=\"item_meta[224]\" id=\"field_z44f\" rows=\"5\"  data-reqmsg=\"Dieses Feld darf nicht leer sein.\" aria-required=\"true\" data-invmsg=\"Hier f\u00fchren Sie bitte in chronologischer Reihenfolge die Credits auf, welche von der SAPPM f\u00fcr Lehrt\u00e4tigkeit anerkannt wurden. ist ung\u00fcltig\" aria-invalid=\"false\"  ><\/textarea>\r\n\t\r\n\t\r\n<\/div>\n<div id=\"frm_field_239_container\" class=\"frm_form_field form-field  frm_required_field frm_top_container\">\r\n\t<label for=\"field_gno5a\" id=\"field_gno5a_label\" class=\"frm_primary_label\">Laden Sie hier bitte die Best\u00e4tigungen Ihrer erworbenen Credits, nummeriert und aufgeteilt in Theorie, Supervision \/ Intervision sowie Lehrt\u00e4tigkeithoch. \r\n\t\t<span class=\"frm_required\" aria-hidden=\"true\">*<\/span>\r\n\t<\/label>\r\n\t<input type=\"hidden\"  data-reqmsg=\"Dieses Feld darf nicht leer sein.\" data-invmsg=\"Laden Sie hier bitte die Best\u00e4tigungen Ihrer erworbenen Credits, nummeriert und aufgeteilt in Theorie, Supervision \/ Intervision sowie Lehrt\u00e4tigkeithoch.  ist ung\u00fcltig\" aria-invalid=\"false\"   name=\"item_meta[239][]\"  data-reqmsg=\"Dieses Feld darf nicht leer sein.\"  value=\"\" data-frmfile=\"239\" \/>\n\n<div class=\"frm_dropzone frm_multi_upload frm_clearfix\" id=\"file239_dropzone\" role=\"group\" >\n\t<div class=\"fallback\">\n\t\t<input type=\"file\" name=\"file239[]\" id=\"field_gno5a\"\n\t\t\t data-frmfile=\"239\" multiple=\"multiple\"  data-reqmsg=\"Dieses Feld darf nicht leer sein.\" data-invmsg=\"Laden Sie hier bitte die Best\u00e4tigungen Ihrer erworbenen Credits, nummeriert und aufgeteilt in Theorie, Supervision \/ Intervision sowie Lehrt\u00e4tigkeithoch.  ist ung\u00fcltig\" aria-invalid=\"false\"  \t\t\t\/>\n\t\t\t\t<div class=\"frm_clearfix \"><\/div>\n\t<\/div>\n\t<div class=\"dz-message needsclick\">\n\t\t\t\t<svg  viewBox=\"0 0 18 18\" class=\"frmsvg frm-svg-icon\">\n\t<path viewBox=\"0 0 18 18\" fill-rule=\"evenodd\" clip-rule=\"evenodd\" d=\"M8.2 4v8a.8.8 0 001.5 0V4l2.1 2.2A.7.7 0 1013 5L9.5 1.7a.7.7 0 00-1.1 0L5.1 5.2a.8.8 0 001 1l2.1-2zm7.6 4.3c.4 0 .7.3.7.7v6.8c0 .4-.3.7-.8.7H2.3a.8.8 0 01-.8-.8V9A.8.8 0 013 9v6h12V9c0-.4.3-.8.8-.8z\"><\/path>\n<\/svg>\t\t<span class=\"frm_upload_text\"><button type=\"button\" aria-label=\"Laden Sie hier bitte die Best\u00e4tigungen Ihrer erworbenen Credits, nummeriert und aufgeteilt in Theorie, Supervision \/ Intervision sowie Lehrt\u00e4tigkeithoch. . Zum Hochladen Datei hier ablegen oder auf den Button klicken.. Dimensione massima del file: 419.43MB\">Zum Hochladen Datei hier ablegen oder auf den Button klicken.<\/button><\/span>\n\t\t<span class=\"frm_compact_text\"><button type=\"button\" aria-label=\"Laden Sie hier bitte die Best\u00e4tigungen Ihrer erworbenen Credits, nummeriert und aufgeteilt in Theorie, Supervision \/ Intervision sowie Lehrt\u00e4tigkeithoch. . Datei w\u00e4hlen. Dimensione massima del file: 419.43MB\">Datei w\u00e4hlen<\/button><\/span>\n\t\t<div class=\"frm_small_text\">\n\t\t\t<p>Dimensione massima del file: 419.43MB<\/p>\n\t\t<\/div>\n\t<\/div>\n<\/div>\n\t\r\n\t\r\n\t\r\n<\/div>\n<div id=\"frm_field_232_container\" class=\"frm_form_field form-field  frm_required_field frm_top_container frm6 frm_first\">\r\n\t<label for=\"field_2g7h1\" id=\"field_2g7h1_label\" class=\"frm_primary_label\">Subtotal Credits Theorie (mind. 30)\r\n\t\t<span class=\"frm_required\" aria-hidden=\"true\">*<\/span>\r\n\t<\/label>\r\n\t<input  type=\"text\" id=\"field_2g7h1\" name=\"item_meta[232]\" value=\"\"  data-reqmsg=\"Dieses Feld darf nicht leer sein.\" aria-required=\"true\" data-invmsg=\"Subtotal Credits Theorie (mind. 30) ist ung\u00fcltig\" aria-invalid=\"false\"   \/>\r\n\t\r\n\t\r\n<\/div>\n<div id=\"frm_field_231_container\" class=\"frm_form_field form-field  frm_required_field frm_top_container frm6\">\r\n\t<label for=\"field_zycni\" id=\"field_zycni_label\" class=\"frm_primary_label\">Subtotal Credits Super- \/ Intervision (mind. 60)\r\n\t\t<span class=\"frm_required\" aria-hidden=\"true\">*<\/span>\r\n\t<\/label>\r\n\t<input  type=\"text\" id=\"field_zycni\" name=\"item_meta[231]\" value=\"\"  data-reqmsg=\"Dieses Feld darf nicht leer sein.\" aria-required=\"true\" data-invmsg=\"Subtotal Credits Super- \/ Intervision (mind. 60) ist ung\u00fcltig\" aria-invalid=\"false\"   \/>\r\n\t\r\n\t\r\n<\/div>\n<div id=\"frm_field_233_container\" class=\"frm_form_field form-field  frm_required_field frm_top_container frm6 frm_first\">\r\n\t<label for=\"field_j9yck\" id=\"field_j9yck_label\" class=\"frm_primary_label\">Subtotal Credits Lehrt\u00e4tigkeit\r\n\t\t<span class=\"frm_required\" aria-hidden=\"true\">*<\/span>\r\n\t<\/label>\r\n\t<input  type=\"text\" id=\"field_j9yck\" name=\"item_meta[233]\" value=\"\"  data-reqmsg=\"Dieses Feld darf nicht leer sein.\" aria-required=\"true\" data-invmsg=\"Subtotal Credits Lehrt\u00e4tigkeit ist ung\u00fcltig\" aria-invalid=\"false\"   \/>\r\n\t\r\n\t\r\n<\/div>\n<div id=\"frm_field_235_container\" class=\"frm_form_field form-field  frm_required_field frm_top_container frm6\">\r\n\t<label for=\"field_5xqzv\" id=\"field_5xqzv_label\" class=\"frm_primary_label\">Total Credits (mind. 100)\r\n\t\t<span class=\"frm_required\" aria-hidden=\"true\">*<\/span>\r\n\t<\/label>\r\n\t<input  type=\"text\" id=\"field_5xqzv\" name=\"item_meta[235]\" value=\"\"  data-reqmsg=\"Dieses Feld darf nicht leer sein.\" aria-required=\"true\" data-invmsg=\"Total Credits (mind. 100) ist ung\u00fcltig\" aria-invalid=\"false\"   \/>\r\n\t\r\n\t\r\n<\/div>\n<div id=\"frm_field_237_container\" class=\"frm_form_field form-field  frm_top_container\">\r\n\t<label for=\"field_spdkt\" id=\"field_spdkt_label\" class=\"frm_primary_label\">Bemerkungen\r\n\t\t<span class=\"frm_required\" aria-hidden=\"true\"><\/span>\r\n\t<\/label>\r\n\t<input  type=\"text\" id=\"field_spdkt\" name=\"item_meta[237]\" value=\"\"  data-invmsg=\"Bemerkungen ist ung\u00fcltig\" aria-invalid=\"false\"   \/>\r\n\t\r\n\t\r\n<\/div>\n<div id=\"frm_field_220_container\" class=\"frm_form_field form-field  frm_required_field frm_top_container frm6 frm_first\">\r\n\t<label for=\"field_8nv3t2\" id=\"field_8nv3t2_label\" class=\"frm_primary_label\">Ort\r\n\t\t<span class=\"frm_required\" aria-hidden=\"true\">*<\/span>\r\n\t<\/label>\r\n\t<input  type=\"text\" id=\"field_8nv3t2\" name=\"item_meta[220]\" value=\"\"  data-reqmsg=\"Dieses Feld darf nicht leer sein.\" aria-required=\"true\" data-invmsg=\"Ort ist ung\u00fcltig\" aria-invalid=\"false\"   \/>\r\n\t\r\n\t\r\n<\/div>\n<div id=\"frm_field_221_container\" class=\"frm_form_field form-field  frm_required_field frm_top_container frm6\">\r\n\t<label for=\"field_rqegs2\" id=\"field_rqegs2_label\" class=\"frm_primary_label\">Datum\r\n\t\t<span class=\"frm_required\" aria-hidden=\"true\">*<\/span>\r\n\t<\/label>\r\n\t<input type=\"text\" id=\"field_rqegs2\" name=\"item_meta[221]\" value=\"\"  maxlength=\"10\" data-reqmsg=\"Dieses Feld darf nicht leer sein.\" aria-required=\"true\" data-invmsg=\"Datum ist ung\u00fcltig\" class=\"frm_date\" aria-invalid=\"false\"  \/>\r\n\t\r\n\t\r\n<\/div>\n<div id=\"frm_field_222_container\" class=\"frm_form_field form-field \">\r\n\t<div class=\"frm_submit frm_flex\">\r\n<button class=\"frm_button_submit frm_final_submit\" type=\"submit\"  >Senden<\/button>\r\n\r\n\r\n\r\n<\/div>\r\n<\/div>\n\t<input type=\"hidden\" name=\"item_key\" value=\"\" \/>\n\t\t\t<div id=\"frm_field_904_container\">\n\t\t\t<label for=\"field_mmtbf\" >\n\t\t\t\tSe sei un essere umano, lascia questo campo vuoto.\t\t\t<\/label>\n\t\t\t<input  id=\"field_mmtbf\" type=\"text\" class=\"frm_form_field form-field frm_verify\" name=\"item_meta[904]\" value=\"\"  \/>\n\t\t<\/div>\n\t\t<input name=\"frm_state\" type=\"hidden\" value=\"iZYXYKQ8AYWbDSGMo\/Wtxqq28Lq2dMfSNGPUB6QYj2jlRE\/C2Ae6qkMqy\/XtHKIC\" \/><\/div>\n<\/fieldset>\n<\/div>\n\n<\/form>\n<\/div>\n\n\n            \n        <\/div>\n    <\/div>\n<\/div>","protected":false},"excerpt":{"rendered":"","protected":false},"author":1,"featured_media":0,"parent":0,"menu_order":0,"comment_status":"closed","ping_status":"closed","template":"","meta":{"_acf_changed":false,"footnotes":""},"class_list":["post-4252","page","type-page","status-publish","hentry"],"acf":[],"_links":{"self":[{"href":"https:\/\/www.sappm.ch\/it\/wp-json\/wp\/v2\/pages\/4252","targetHints":{"allow":["GET"]}}],"collection":[{"href":"https:\/\/www.sappm.ch\/it\/wp-json\/wp\/v2\/pages"}],"about":[{"href":"https:\/\/www.sappm.ch\/it\/wp-json\/wp\/v2\/types\/page"}],"author":[{"embeddable":true,"href":"https:\/\/www.sappm.ch\/it\/wp-json\/wp\/v2\/users\/1"}],"replies":[{"embeddable":true,"href":"https:\/\/www.sappm.ch\/it\/wp-json\/wp\/v2\/comments?post=4252"}],"version-history":[{"count":0,"href":"https:\/\/www.sappm.ch\/it\/wp-json\/wp\/v2\/pages\/4252\/revisions"}],"wp:attachment":[{"href":"https:\/\/www.sappm.ch\/it\/wp-json\/wp\/v2\/media?parent=4252"}],"curies":[{"name":"wp","href":"https:\/\/api.w.org\/{rel}","templated":true}]}}