{"id":4274,"date":"2023-12-01T14:32:47","date_gmt":"2023-12-01T13:32:47","guid":{"rendered":"https:\/\/xawekybe.cyon.site\/?page_id=4274"},"modified":"2024-08-23T14:37:14","modified_gmt":"2024-08-23T12:37:14","slug":"che-cose-la-medicina-psicosomatica","status":"publish","type":"page","link":"https:\/\/www.sappm.ch\/it\/che-cose-la-medicina-psicosomatica\/","title":{"rendered":"Che cos&#8217;\u00e8 la medicina psicosomatica?"},"content":{"rendered":"\n<div  class=\"block block-lead bg-element pb-mittel\">\n    <div class=\"main-container\">\n        <div class=\"content-container lead-font-size\">\n            Da decenni la medicina psicosomatica studia l&#8217;interazione tra corpo e mente quando si tratta di salute umana.\nLe malattie psicosomatiche non sono immaginarie, le loro origini possono essere descritte scientificamente e riguardano sempre la persona nel suo complesso.         <\/div>\n    <\/div>\n<\/div>\n\n\n<div class=\"block block-akkordeon pb-mittel\">\n    <div class=\"main-container\">\n        <h2><\/h2>\n                    <div class=\"accordion agenda-item\">\n                                    <div class=\"accordion-item\">\n                        <div class=\"accordion-toggle dark\">\n                            <div class=\"infos transition\">\n                                <span class=\"text\">Pi\u00f9 informazioni<\/span>\n                                <span class=\"icon-more\"><\/span>\n                                <span class=\"icon-less\"><\/span>\n                            <\/div>\n                            <div class=\"inner\">\n                                <h3 class=\"d6 agenda-title\">Quanto sono comuni i disturbi fisici psicosomatici?<\/h3>\n                            <\/div>\n                        <\/div>\n                        <div class=\"accordion-content\">\n                            <div class=\"inner\">\n                                <p>I disturbi psicosomatici sono comuni. Rappresentano circa il 20-40% delle visite mediche.<\/p>\n                            <\/div>\n                        <\/div>\n                    <\/div>\n                                    <div class=\"accordion-item\">\n                        <div class=\"accordion-toggle dark\">\n                            <div class=\"infos transition\">\n                                <span class=\"text\">Pi\u00f9 informazioni<\/span>\n                                <span class=\"icon-more\"><\/span>\n                                <span class=\"icon-less\"><\/span>\n                            <\/div>\n                            <div class=\"inner\">\n                                <h3 class=\"d6 agenda-title\">Chi \u00e8 colpito dai disturbi psicosomatici del corpo?<\/h3>\n                            <\/div>\n                        <\/div>\n                        <div class=\"accordion-content\">\n                            <div class=\"inner\">\n                                <p>Tutti sono soggetti a disturbi psicosomatici in caso di stress. Anche i bambini possono avere questi disturbi. Lo spettro dei disturbi \u00e8 molto ampio.<\/p>\n                            <\/div>\n                        <\/div>\n                    <\/div>\n                                    <div class=\"accordion-item\">\n                        <div class=\"accordion-toggle dark\">\n                            <div class=\"infos transition\">\n                                <span class=\"text\">Pi\u00f9 informazioni<\/span>\n                                <span class=\"icon-more\"><\/span>\n                                <span class=\"icon-less\"><\/span>\n                            <\/div>\n                            <div class=\"inner\">\n                                <h3 class=\"d6 agenda-title\">Quali sono i disturbi fisici psicosomatici pi\u00f9 comuni?<\/h3>\n                            <\/div>\n                        <\/div>\n                        <div class=\"accordion-content\">\n                            <div class=\"inner\">\n                                <p>I sintomi fisici causati dallo stress acuto sono i pi\u00f9 comuni. Il sistema nervoso autonomo svolge un ruolo importante, cos\u00ec come gli ormoni dello stress. Il nostro organismo non funziona pi\u00f9 come vorremmo. Le conseguenze sono disturbi fisici o disturbi del sonno.<\/p>\n                            <\/div>\n                        <\/div>\n                    <\/div>\n                                    <div class=\"accordion-item\">\n                        <div class=\"accordion-toggle dark\">\n                            <div class=\"infos transition\">\n                                <span class=\"text\">Pi\u00f9 informazioni<\/span>\n                                <span class=\"icon-more\"><\/span>\n                                <span class=\"icon-less\"><\/span>\n                            <\/div>\n                            <div class=\"inner\">\n                                <h3 class=\"d6 agenda-title\">Quali sono i sintomi tipici dello stress?<\/h3>\n                            <\/div>\n                        <\/div>\n                        <div class=\"accordion-content\">\n                            <div class=\"inner\">\n                                <p>Le persone reagiscono allo stress acuto con palpitazioni, sudorazione, disturbi digestivi, tensione alla schiena e al collo, problemi di concentrazione e disturbi del sonno, per esempio.<\/p>\n<p>Anche lo stress cronico pu\u00f2 avere un impatto sul sistema cardiovascolare, sul metabolismo e sul sistema immunitario.<br \/>\nSpesso reagiamo in modo molto pi\u00f9 sensibile in condizioni di stress cronico. Questo a sua volta provoca spesso dolore e pu\u00f2 farci ammalare.<\/p>\n                            <\/div>\n                        <\/div>\n                    <\/div>\n                                    <div class=\"accordion-item\">\n                        <div class=\"accordion-toggle dark\">\n                            <div class=\"infos transition\">\n                                <span class=\"text\">Pi\u00f9 informazioni<\/span>\n                                <span class=\"icon-more\"><\/span>\n                                <span class=\"icon-less\"><\/span>\n                            <\/div>\n                            <div class=\"inner\">\n                                <h3 class=\"d6 agenda-title\">Qual \u00e8 la differenza con i reclami del corpo organico?<\/h3>\n                            <\/div>\n                        <\/div>\n                        <div class=\"accordion-content\">\n                            <div class=\"inner\">\n                                <p>Nel caso di malattie puramente fisiche, la causa risiede in un cambiamento strutturale dimostrabile in un organo (ad esempio un&#8217;infiammazione dell&#8217;intestino che scatena problemi digestivi).<\/p>\n<p>I sintomi psicosomatici del corpo spesso insorgono perch\u00e9 gli organi non funzionano correttamente. Per questo motivo vengono chiamati anche &#8220;sintomi corporei funzionali&#8221;.<br \/>\nAd esempio, lo stress lavorativo pu\u00f2 causare problemi all&#8217;apparato digerente attraverso gli ormoni e il sistema nervoso.<\/p>\n<p>Non \u00e8 quindi facile stabilire se i disturbi sono puramente fisici o psicosomatici. Per questo motivo l&#8217;indagine spesso adotta un approccio &#8220;a due punte&#8221;.<\/p>\n                            <\/div>\n                        <\/div>\n                    <\/div>\n                                    <div class=\"accordion-item\">\n                        <div class=\"accordion-toggle dark\">\n                            <div class=\"infos transition\">\n                                <span class=\"text\">Pi\u00f9 informazioni<\/span>\n                                <span class=\"icon-more\"><\/span>\n                                <span class=\"icon-less\"><\/span>\n                            <\/div>\n                            <div class=\"inner\">\n                                <h3 class=\"d6 agenda-title\">Qual \u00e8 la differenza con la malattia mentale?<\/h3>\n                            <\/div>\n                        <\/div>\n                        <div class=\"accordion-content\">\n                            <div class=\"inner\">\n                                <p>Le persone malate di mente soffrono di sentimenti, pensieri o comportamenti alterati. Al contrario, le malattie psicosomatiche sono incentrate su disturbi fisici.<\/p>\n                            <\/div>\n                        <\/div>\n                    <\/div>\n                                    <div class=\"accordion-item\">\n                        <div class=\"accordion-toggle dark\">\n                            <div class=\"infos transition\">\n                                <span class=\"text\">Pi\u00f9 informazioni<\/span>\n                                <span class=\"icon-more\"><\/span>\n                                <span class=\"icon-less\"><\/span>\n                            <\/div>\n                            <div class=\"inner\">\n                                <h3 class=\"d6 agenda-title\">Esistono anche forme combinate?<\/h3>\n                            <\/div>\n                        <\/div>\n                        <div class=\"accordion-content\">\n                            <div class=\"inner\">\n                                <p>Le combinazioni di disturbi organici, psicosomatici e psicologici sono molto comuni.<\/p>\n<p>Ad esempio, un paziente pu\u00f2 avere un&#8217;ulcera gastrica dovuta allo stress e allo stesso tempo a batteri nocivi dello stomaco. Oppure una persona pu\u00f2 inizialmente avere disturbi psicosomatici per anni a causa dello stress, poi subire un infarto e infine diventare depressa.<\/p>\n<p>Quasi tutte le malattie possono essere aggravate dall&#8217;ambiente in cui viviamo. La moderna medicina psicosomatica ne tiene conto e prende in considerazione gli aspetti biologici, psicologici e sociali.<\/p>\n                            <\/div>\n                        <\/div>\n                    <\/div>\n                                    <div class=\"accordion-item\">\n                        <div class=\"accordion-toggle dark\">\n                            <div class=\"infos transition\">\n                                <span class=\"text\">Pi\u00f9 informazioni<\/span>\n                                <span class=\"icon-more\"><\/span>\n                                <span class=\"icon-less\"><\/span>\n                            <\/div>\n                            <div class=\"inner\">\n                                <h3 class=\"d6 agenda-title\">Qual \u00e8 il ruolo della medicina psicosomatica?<\/h3>\n                            <\/div>\n                        <\/div>\n                        <div class=\"accordion-content\">\n                            <div class=\"inner\">\n                                <p>Molti disturbi fisici non possono essere spiegati chiaramente n\u00e9 dal punto di vista organico n\u00e9 da quello psicologico. Questi disturbi possono essere spiegati solo dall&#8217;interazione tra ambiente, benessere, percezione del corpo e funzione corporea. La medicina psicosomatica \u00e8 la specializzazione per l&#8217;insieme.<\/p>\n                            <\/div>\n                        <\/div>\n                    <\/div>\n                                    <div class=\"accordion-item\">\n                        <div class=\"accordion-toggle dark\">\n                            <div class=\"infos transition\">\n                                <span class=\"text\">Pi\u00f9 informazioni<\/span>\n                                <span class=\"icon-more\"><\/span>\n                                <span class=\"icon-less\"><\/span>\n                            <\/div>\n                            <div class=\"inner\">\n                                <h3 class=\"d6 agenda-title\">Come funziona la medicina psicosomatica?<\/h3>\n                            <\/div>\n                        <\/div>\n                        <div class=\"accordion-content\">\n                            <div class=\"inner\">\n                                <p>William Osler, un importante fondatore della medicina moderna, disse: &#8220;Il buon medico cura la malattia; il medico eccellente cura il paziente che ha la malattia&#8221;.<\/p>\n<p>Il rispetto per la persona \u00e8 al centro dell&#8217;attenzione. Il medico, quindi, da un lato osserva attentamente il corpo, dall&#8217;altro presta attenzione a come si sente il paziente nel suo complesso.<\/p>\n<p>Un problema di salute significa sempre sia una malattia oggettivamente riconoscibile che un&#8217;esperienza soggettiva di sofferenza.<\/p>\n                            <\/div>\n                        <\/div>\n                    <\/div>\n                                    <div class=\"accordion-item\">\n                        <div class=\"accordion-toggle dark\">\n                            <div class=\"infos transition\">\n                                <span class=\"text\">Pi\u00f9 informazioni<\/span>\n                                <span class=\"icon-more\"><\/span>\n                                <span class=\"icon-less\"><\/span>\n                            <\/div>\n                            <div class=\"inner\">\n                                <h3 class=\"d6 agenda-title\">Qual \u00e8 l&#8217;obiettivo del trattamento psicosomatico?<\/h3>\n                            <\/div>\n                        <\/div>\n                        <div class=\"accordion-content\">\n                            <div class=\"inner\">\n                                <p>Un obiettivo importante di qualsiasi trattamento \u00e8 che la persona colpita riconosca i modi per contribuire ad avere un effetto positivo sulla propria salute. L&#8217;obiettivo \u00e8 alleviare i sintomi. A seconda del problema, possono essere utilizzati diversi metodi contemporaneamente.<\/p>\n                            <\/div>\n                        <\/div>\n                    <\/div>\n                                    <div class=\"accordion-item\">\n                        <div class=\"accordion-toggle dark\">\n                            <div class=\"infos transition\">\n                                <span class=\"text\">Pi\u00f9 informazioni<\/span>\n                                <span class=\"icon-more\"><\/span>\n                                <span class=\"icon-less\"><\/span>\n                            <\/div>\n                            <div class=\"inner\">\n                                <h3 class=\"d6 agenda-title\">Come si diventa dottore in medicina psicosomatica in Svizzera?<\/h3>\n                            <\/div>\n                        <\/div>\n                        <div class=\"accordion-content\">\n                            <div class=\"inner\">\n                                <p>Il titolo in medicina psicosomatica \u00e8 un programma di formazione complementare, registrato dallo Stato. Solo coloro che hanno conseguito una laurea in medicina e una formazione specialistica (titolo FMH) possono completare questa formazione.<\/p>\n                            <\/div>\n                        <\/div>\n                    <\/div>\n                            <\/div>\n            <\/div>\n<\/div>\n\n\n\n<div  class=\"block block-text-bild pb-mittel\">\n    <div class=\"main-container\">\n\n        <div class=\"columns-2\">\n                            <div class=\"column bild\">\n                    <img loading=\"lazy\" decoding=\"async\" width=\"598\" height=\"600\" src=\"https:\/\/www.sappm.ch\/wp-content\/uploads\/2024\/07\/Betroff2222-598x600.png\" class=\"attachment-medium size-medium\" alt=\"\" srcset=\"https:\/\/www.sappm.ch\/wp-content\/uploads\/2024\/07\/Betroff2222-598x600.png 598w, https:\/\/www.sappm.ch\/wp-content\/uploads\/2024\/07\/Betroff2222-150x150.png 150w, https:\/\/www.sappm.ch\/wp-content\/uploads\/2024\/07\/Betroff2222.png 642w\" sizes=\"auto, (max-width: 598px) 100vw, 598px\" \/>                <\/div>\n                            \n            <div class=\"column\">\n                \n                <p><strong>Servizi medici in Svizzera<\/strong><\/p>\n\n                                    <div class=\"button-group\">\n                                           <a class=\"btn btn-full btn-arrow\" href=\"https:\/\/www.sappm.ch\/it\/i-medici-del-mio-quartiere\/\" target=\"_self\">I medici del mio quartiere<\/a>\n                                            <a class=\"btn btn-full btn-arrow\" href=\"https:\/\/www.sappm.ch\/it\/cliniche-specializzate-in-medicina-psicosomatica\/\" target=\"_self\">Cliniche in Svizzera<\/a>\n                                        <\/div>\n                            <\/div>\n        <\/div>\n\n    <\/div>\n<\/div>","protected":false},"excerpt":{"rendered":"","protected":false},"author":1,"featured_media":6103,"parent":0,"menu_order":0,"comment_status":"closed","ping_status":"closed","template":"","meta":{"_acf_changed":false,"footnotes":""},"class_list":["post-4274","page","type-page","status-publish","has-post-thumbnail","hentry"],"acf":[],"_links":{"self":[{"href":"https:\/\/www.sappm.ch\/it\/wp-json\/wp\/v2\/pages\/4274","targetHints":{"allow":["GET"]}}],"collection":[{"href":"https:\/\/www.sappm.ch\/it\/wp-json\/wp\/v2\/pages"}],"about":[{"href":"https:\/\/www.sappm.ch\/it\/wp-json\/wp\/v2\/types\/page"}],"author":[{"embeddable":true,"href":"https:\/\/www.sappm.ch\/it\/wp-json\/wp\/v2\/users\/1"}],"replies":[{"embeddable":true,"href":"https:\/\/www.sappm.ch\/it\/wp-json\/wp\/v2\/comments?post=4274"}],"version-history":[{"count":0,"href":"https:\/\/www.sappm.ch\/it\/wp-json\/wp\/v2\/pages\/4274\/revisions"}],"wp:featuredmedia":[{"embeddable":true,"href":"https:\/\/www.sappm.ch\/it\/wp-json\/wp\/v2\/media\/6103"}],"wp:attachment":[{"href":"https:\/\/www.sappm.ch\/it\/wp-json\/wp\/v2\/media?parent=4274"}],"curies":[{"name":"wp","href":"https:\/\/api.w.org\/{rel}","templated":true}]}}