{"id":4312,"date":"2024-06-22T19:39:56","date_gmt":"2024-06-22T17:39:56","guid":{"rendered":"https:\/\/xawekybe.cyon.site\/?page_id=4312"},"modified":"2025-09-11T14:24:12","modified_gmt":"2025-09-11T12:24:12","slug":"programmi-di-formazione","status":"publish","type":"page","link":"https:\/\/www.sappm.ch\/it\/programmi-di-formazione\/","title":{"rendered":"Programmi di formazione"},"content":{"rendered":"\n<div  class=\"block block-lead bg-element pb-mittel\">\n    <div class=\"main-container\">\n        <div class=\"content-container lead-font-size\">\n            La formazione continua per ottenere il titolo di specializzazione interdisciplinare (iSP) in medicina psicosomatica e psicosociale \u00e8 regolata dalle disposizioni della SIWF. \r\nEsistono opportunit\u00e0 di perfezionamento clinico-pratico e numerosi corsi in servizio in varie forme.\r\nI corsi sono moduli di qualificazione necessari per ottenere il titolo di specializzazione interdisciplinare.          <\/div>\n    <\/div>\n<\/div>\n<div  class=\"block block-content pb-mittel\">\n    <div class=\"main-container\">\n        <div class=\"content-container\">\n\n                            <h2 class=\"d5\">Contenuti dei curricula formativi<\/h2>\n            \n            <p>L&#8217;ulteriore formazione in medicina psicosomatica e psicosociale integra i contenuti e i metodi della medicina organica estendendo l&#8217;attenzione alla salute all&#8217;intero organismo, al soggetto e all&#8217;individuo umano nel suo contesto.<\/p>\n<p>I programmi di formazione continua impartiscono conoscenze fisiologiche e psicologiche sui disturbi funzionali e sulle malattie combinate somato-psicologiche. Si riflette sull&#8217;importanza del contesto psicosociale in cui avvengono la malattia e la guarigione. <\/p>\n<p>Oltre alle competenze diagnostiche e terapeutiche, la formazione fornisce una comprensione pi\u00f9 profonda dell&#8217;individuo e metodi per promuovere una relazione partecipativa e dialogica con il paziente.<\/p>\n\n            \n        <\/div>\n    <\/div>\n<\/div>\n<div  class=\"block block-content pb-mittel\">\n    <div class=\"main-container\">\n        <div class=\"content-container\">\n\n                            <h2 class=\"d5\">Formati personalizzati  <\/h2>\n            \n            <p>Il numero minimo di crediti richiesto per ottenere un titolo di specializzazione \u00e8 di 360. La formazione <em>clinico-pratica<\/em> si svolge in ospedali riconosciuti come centri di formazione SAPPM (WBS).<em> In<\/em> aggiunta o in alternativa, gli istituti di perfezionamento professionale (WBI) riconosciuti dalla SAPPM offrono programmi di formazione completi. Inoltre, \u00e8 possibile comporre un curriculum individuale in modo modulare attraverso programmi di perfezionamento parziale (WBTA) o moduli di perfezionamento (WBMA). Le opzioni citate possono essere combinate a piacere e la loro realizzazione dipende dal tuo programma personale.    <\/p>\n<p><img loading=\"lazy\" decoding=\"async\" class=\"alignnone wp-image-3007\" src=\"https:\/\/www.sappm.ch\/wp-content\/uploads\/2024\/07\/Weiterbildung-600x321.png\" alt=\"\" width=\"798\" height=\"427\" srcset=\"https:\/\/www.sappm.ch\/wp-content\/uploads\/2024\/07\/Weiterbildung-600x321.png 600w, https:\/\/www.sappm.ch\/wp-content\/uploads\/2024\/07\/Weiterbildung-1024x547.png 1024w, https:\/\/www.sappm.ch\/wp-content\/uploads\/2024\/07\/Weiterbildung-768x410.png 768w, https:\/\/www.sappm.ch\/wp-content\/uploads\/2024\/07\/Weiterbildung.png 1280w\" sizes=\"auto, (max-width: 798px) 100vw, 798px\" \/><\/p>\n\n            \n        <\/div>\n    <\/div>\n<\/div>\n<div class=\"block block-akkordeon pb-mittel\">\n    <div class=\"main-container\">\n        <h2><\/h2>\n                    <div class=\"accordion agenda-item\">\n                                    <div class=\"accordion-item\">\n                        <div class=\"accordion-toggle dark\">\n                            <div class=\"infos transition\">\n                                <span class=\"text\">Pi\u00f9 informazioni<\/span>\n                                <span class=\"icon-more\"><\/span>\n                                <span class=\"icon-less\"><\/span>\n                            <\/div>\n                            <div class=\"inner\">\n                                <h3 class=\"d6 agenda-title\">Centri di formazione continua (WBS)<\/h3>\n                            <\/div>\n                        <\/div>\n                        <div class=\"accordion-content\">\n                            <div class=\"inner\">\n                                <p>&nbsp;<\/p>\n<p>Circa una dozzina di cliniche in Svizzera sono centri di formazione certificati nel campo della medicina psicosomatica. La formazione clinica in un centro di formazione psicosomatica accreditato pu\u00f2 spesso essere accreditata anche per il riconoscimento di un titolo di specializzazione (ad esempio in medicina interna generale o psichiatria). Presso le cliniche mediche universitarie \u00e8 aperto anche il percorso accademico (ricerca e insegnamento).  <\/p>\n<p><strong>CENTRI DI FORMAZIONE CLINICA RICONOSCIUTI DALLA SAPPM<br \/>\n<\/strong><\/p>\n<ul>\n<li><a href=\"https:\/\/www.chuv.ch\/fr\/anesthesiologie\/alg-home\/patients-et-familles\/centre-de-medecine-integrative-et-complementaire\" rel=\"nofollow noopener\" target=\"_blank\">Centre de m\u00e9decine int\u00e9grative et compl\u00e9mentaire (CEMIC) CHUV<\/a> Cat. B per 1 anno <\/li>\n<li><a href=\"https:\/\/www.hochgebirgsklinik.ch\/\" rel=\"nofollow noopener\" target=\"_blank\">Hochgebirgsklinik Davos<\/a> Cat. A per 2 anni <\/li>\n<li><a href=\"https:\/\/www.barmelweid.ch\/\" rel=\"nofollow noopener\" target=\"_blank\">Clinica Barmelweid<\/a> Cat. A per 2 anni <\/li>\n<li><a href=\"https:\/\/www.usz.ch\/fachbereich\/konsiliarpsychiatrie-psychosomatik\/\" rel=\"nofollow noopener\" target=\"_blank\">Clinica di Psichiatria Consultiva e Psicosomatica, Ospedale Universitario di Zurigo <\/a>Cat. A per 2 anni <\/li>\n<li><a class=\"external-link\" href=\"http:\/\/www.psychosomatik.kssg.ch\/\" target=\"_blank\" rel=\"noopener nofollow\">Clinica di psicosomatica e psichiatria consultiva, San Gallo <\/a>Cat. A per 2 anni <\/li>\n<li><a href=\"https:\/\/www.barmelweid.ch\/\" rel=\"nofollow noopener\" target=\"_blank\">Klinik Sch\u00fctzen, Rheinfelden <\/a>Cat. A per 2 anni <\/li>\n<li><a href=\"https:\/\/www.lhm.ch\/de\" rel=\"nofollow noopener\" target=\"_blank\">Clinica d&#8217;alta quota di Lucerna, Crans-Montana <\/a>Cat. B per 1 anno <\/li>\n<li><a href=\"https:\/\/www.kispisg.ch\/de\" rel=\"nofollow noopener\" target=\"_blank\">Ospedale pediatrico della Svizzera orientale, San Gallo <\/a>Cat. A per 2 anni <\/li>\n<li><a href=\"https:\/\/oberwaid.ch\/\" rel=\"nofollow noopener\" target=\"_blank\">Privatklinik Oberwaid, San Gallo <\/a>Cat. A per 2 anni <\/li>\n<li><a href=\"https:\/\/www.rehaklinik-hasliberg.ch\/\" rel=\"nofollow noopener\" target=\"_blank\">Rehaklinik Hasliberg AG<\/a> Cat. A per 2 anni <\/li>\n<li><a href=\"https:\/\/neurologie.insel.ch\/de\/unser-angebot\/psychosomatische-medizin\" rel=\"nofollow noopener\" target=\"_blank\">Universit\u00e0 di Medicina Psicosomatica, Inselspital di Berna<\/a> Cat. A per 2 anni <\/li>\n<\/ul>\n                            <\/div>\n                        <\/div>\n                    <\/div>\n                                    <div class=\"accordion-item\">\n                        <div class=\"accordion-toggle dark\">\n                            <div class=\"infos transition\">\n                                <span class=\"text\">Pi\u00f9 informazioni<\/span>\n                                <span class=\"icon-more\"><\/span>\n                                <span class=\"icon-less\"><\/span>\n                            <\/div>\n                            <div class=\"inner\">\n                                <h3 class=\"d6 agenda-title\">Istituti di formazione continua (WBI)<\/h3>\n                            <\/div>\n                        <\/div>\n                        <div class=\"accordion-content\">\n                            <div class=\"inner\">\n                                <p class=\"bodytext\">In alternativa al percorso di formazione clinica, in Svizzera esistono quattro istituti di perfezionamento professionale di provata efficacia che offrono programmi completi di formazione continua. Questi comprendono un corso strutturato di due anni che porta a un diploma di specializzazione. Il vantaggio dei curricula extra-professionali \u00e8 che coprono praticamente l&#8217;intero catalogo formativo e possono essere completati parallelamente al lavoro clinico e pratico in corso.  <\/p>\n<ul>\n<li><a class=\"external-link\" href=\"http:\/\/www.psychosomatik-basel.ch\/\" target=\"_blank\" rel=\"noopener nofollow\">WBI BIPM Basilea<\/a><\/li>\n<li><a class=\"external-link\" href=\"http:\/\/www.ihm-institut.ch\/\" target=\"_blank\" rel=\"noopener nofollow\">WBI IHM Zurigo<\/a><\/li>\n<li><a href=\"https:\/\/www.sappm.ch\/it\/gruppi-regionali-specializzati-e-di-lavoro-tfa\/ti-psiso\/\">WBI IsTi PSISO Ticino<\/a><\/li>\n<li><a class=\"external-link\" href=\"https:\/\/psysomrom.ch\/coming-soon\/\" target=\"_blank\" rel=\"noopener nofollow\">WBI Romandia IMPPRo<\/a><\/li>\n<\/ul>\n                            <\/div>\n                        <\/div>\n                    <\/div>\n                                    <div class=\"accordion-item\">\n                        <div class=\"accordion-toggle dark\">\n                            <div class=\"infos transition\">\n                                <span class=\"text\">Pi\u00f9 informazioni<\/span>\n                                <span class=\"icon-more\"><\/span>\n                                <span class=\"icon-less\"><\/span>\n                            <\/div>\n                            <div class=\"inner\">\n                                <h3 class=\"d6 agenda-title\">Programmi di formazione continua parziale (WBTA)<\/h3>\n                            <\/div>\n                        <\/div>\n                        <div class=\"accordion-content\">\n                            <div class=\"inner\">\n                                <p>I programmi parziali sono corsi di formazione continua di almeno 4 crediti e di durata inferiore a 40 crediti, che sono correlati in termini di contenuti e di tempo e sono rappresentati dallo stesso fornitore. I corsi parziali certificati sono riconosciuti come formazione continua, formazione avanzata e per la ricertificazione della specializzazione interdisciplinare SAPPM. <\/p>\n<p>La certificazione di un&#8217;offerta parziale deve essere richiesta in anticipo all&#8217;ufficio SAPPM.<\/p>\n                            <\/div>\n                        <\/div>\n                    <\/div>\n                                    <div class=\"accordion-item\">\n                        <div class=\"accordion-toggle dark\">\n                            <div class=\"infos transition\">\n                                <span class=\"text\">Pi\u00f9 informazioni<\/span>\n                                <span class=\"icon-more\"><\/span>\n                                <span class=\"icon-less\"><\/span>\n                            <\/div>\n                            <div class=\"inner\">\n                                <h3 class=\"d6 agenda-title\">Programmi di moduli di formazione continua (WBMA)<\/h3>\n                            <\/div>\n                        <\/div>\n                        <div class=\"accordion-content\">\n                            <div class=\"inner\">\n                                <p>I moduli sono eventi di formazione continua della durata di almeno 40 crediti, che sono correlati in termini di contenuti e di tempo, sono rappresentati dallo stesso fornitore e si svolgono ripetutamente. I moduli non sono solo corsi di formazione teorica, ma includono anche competenze e supervisione. <\/p>\n<p>I moduli certificati sono riconosciuti come formazione continua e avanzata e per la ricertificazione della specializzazione interdisciplinare SAPPM. La specializzazione interdisciplinare pu\u00f2 essere acquisita anche in un sistema modulare, combinando i moduli. <\/p>\n<p>La certificazione di un modulo deve essere richiesta in anticipo all&#8217;ufficio SAPPM.<\/p>\n                            <\/div>\n                        <\/div>\n                    <\/div>\n                            <\/div>\n            <\/div>\n<\/div>\n\n<div  class=\"block block-text-bild pb-mittel\">\n    <div class=\"main-container\">\n\n        <div class=\"columns-2\">\n                            <div class=\"column bild\">\n                    <img loading=\"lazy\" decoding=\"async\" width=\"539\" height=\"600\" src=\"https:\/\/www.sappm.ch\/wp-content\/uploads\/2024\/07\/Abb44444-1-539x600.png\" class=\"attachment-medium size-medium\" alt=\"\" srcset=\"https:\/\/www.sappm.ch\/wp-content\/uploads\/2024\/07\/Abb44444-1-539x600.png 539w, https:\/\/www.sappm.ch\/wp-content\/uploads\/2024\/07\/Abb44444-1.png 672w\" sizes=\"auto, (max-width: 539px) 100vw, 539px\" \/>                <\/div>\n                            \n            <div class=\"column\">\n                \n                <p><strong>Vuoi qualificarti come WBI, WBS, WBTA o WBMA?<\/strong><\/p>\n<p class=\"bodytext\" style=\"text-align: left;\">Il SAPPM \u00e8 responsabile della valutazione e della certificazione dei programmi di formazione continua.<\/p>\n<p class=\"bodytext\" style=\"text-align: left;\">Puoi trovare il regolamento della <a class=\"internal-link\" href=\"https:\/\/www.sappm.ch\/it\/documenti-downloads\/\">formazione<\/a> qui.<\/p>\n\n                            <\/div>\n        <\/div>\n\n    <\/div>\n<\/div>\n<div class=\"wp-block-group is-content-justification-center is-nowrap is-layout-flex wp-container-core-group-is-layout-94bc23d7 wp-block-group-is-layout-flex\"><\/div>\n","protected":false},"excerpt":{"rendered":"","protected":false},"author":1,"featured_media":6075,"parent":0,"menu_order":0,"comment_status":"closed","ping_status":"closed","template":"","meta":{"_acf_changed":false,"footnotes":""},"class_list":["post-4312","page","type-page","status-publish","has-post-thumbnail","hentry"],"acf":[],"_links":{"self":[{"href":"https:\/\/www.sappm.ch\/it\/wp-json\/wp\/v2\/pages\/4312","targetHints":{"allow":["GET"]}}],"collection":[{"href":"https:\/\/www.sappm.ch\/it\/wp-json\/wp\/v2\/pages"}],"about":[{"href":"https:\/\/www.sappm.ch\/it\/wp-json\/wp\/v2\/types\/page"}],"author":[{"embeddable":true,"href":"https:\/\/www.sappm.ch\/it\/wp-json\/wp\/v2\/users\/1"}],"replies":[{"embeddable":true,"href":"https:\/\/www.sappm.ch\/it\/wp-json\/wp\/v2\/comments?post=4312"}],"version-history":[{"count":5,"href":"https:\/\/www.sappm.ch\/it\/wp-json\/wp\/v2\/pages\/4312\/revisions"}],"predecessor-version":[{"id":17686,"href":"https:\/\/www.sappm.ch\/it\/wp-json\/wp\/v2\/pages\/4312\/revisions\/17686"}],"wp:featuredmedia":[{"embeddable":true,"href":"https:\/\/www.sappm.ch\/it\/wp-json\/wp\/v2\/media\/6075"}],"wp:attachment":[{"href":"https:\/\/www.sappm.ch\/it\/wp-json\/wp\/v2\/media?parent=4312"}],"curies":[{"name":"wp","href":"https:\/\/api.w.org\/{rel}","templated":true}]}}